{"id":78713,"date":"2023-08-23T13:09:18","date_gmt":"2023-08-23T12:09:18","guid":{"rendered":"https:\/\/whisky.ad\/product\/glen-scotia-25-yo\/"},"modified":"2024-01-02T15:10:42","modified_gmt":"2024-01-02T14:10:42","slug":"glen-scotia-25-yo","status":"publish","type":"product","link":"https:\/\/whisky.ad\/fr\/produit\/glen-scotia-25-yo\/","title":{"rendered":"Glen Scotia 25 Ans"},"content":{"rendered":"","protected":false},"excerpt":{"rendered":"<p>Ce whisky de 25 ans d&#8217;\u00e2ge, m\u00e9ticuleusement \u00e9labor\u00e9, a subi un d\u00e9licat processus de maturation dans les meilleurs f\u00fbts de ch\u00eane am\u00e9ricain. Il est ensuite harmonieusement r\u00e9uni dans des f\u00fbts de bourbon de premier remplissage avant d&#8217;\u00eatre \u00e9l\u00e9gamment mis en bouteille. L&#8217;ar\u00f4me distinctif porte des nuances de ch\u00eane vanill\u00e9 intimement m\u00eal\u00e9es \u00e0 de subtiles suggestions d&#8217;embruns et \u00e0 l&#8217;essence s\u00e9duisante de fruits aromatiques \u00e9pic\u00e9s. Embouteill\u00e9e \u00e0 48,8 % d&#8217;alcool, cette cr\u00e9ation exquise n&#8217;est pas alt\u00e9r\u00e9e par l&#8217;ajout de colorants ni par le processus de filtration par le froid, et reste fid\u00e8le \u00e0 sa forme naturelle. Caract\u00e9ristiques : Alcool en volume : 48,8 % Volume : 70 cl Pr\u00e9sentation visuelle : Pr\u00e9sent\u00e9 dans sa teinte naturelle et inalt\u00e9r\u00e9e \u00c2ge : Vieilli pendant un quart de si\u00e8cle, 25 ans de raffinement Filtration : M\u00e9ticuleusement pr\u00e9serv\u00e9 avec son statut de non filtr\u00e9 \u00e0 froid Exp\u00e9rience de d\u00e9gustation : Nez : Une brise atlantique revigorante apporte une influence maritime robuste. Go\u00fbt : Les vents c\u00f4tiers infusent des notes de fruits de mer m\u00fbrs : Les vents c\u00f4tiers infusent des notes de pomme rouge m\u00fbre et d&#8217;\u00e9corce d&#8217;orange acidul\u00e9e, compl\u00e9t\u00e9es par l&#8217;essence indulgente du sirop de vanille et l&#8217;\u00e9treinte d\u00e9licate de la douceur du caramel. Finale : Une finale persistante r\u00e9sonne avec l&#8217;essence de sel marin persistant et un soup\u00e7on fougueux de gingembre fra\u00eechement moulu, laissant une impression durable.   <\/p>\n<p>REF: <a href=\"https:\/\/www.whiskybase.com\/whiskies\/whisky\/242801\/glen-scotia-25-year-old\">WHISKYBASE<\/a><\/p>\n","protected":false},"featured_media":77119,"comment_status":"open","ping_status":"closed","template":"","meta":{"_acf_changed":false},"product_brand":[],"product_cat":[317,341,357,431],"product_tag":[],"class_list":{"0":"post-78713","1":"product","2":"type-product","3":"status-publish","4":"has-post-thumbnail","6":"product_cat-ecosse","7":"product_cat-rare-de-collection","8":"product_cat-whisky-by-brand-fr","9":"product_cat-glen-scotia-fr","11":"first","12":"instock","13":"featured","14":"taxable","15":"shipping-taxable","16":"purchasable","17":"product-type-simple"},"acf":[],"aioseo_notices":[],"jetpack_sharing_enabled":true,"_links":{"self":[{"href":"https:\/\/whisky.ad\/fr\/wp-json\/wp\/v2\/product\/78713","targetHints":{"allow":["GET"]}}],"collection":[{"href":"https:\/\/whisky.ad\/fr\/wp-json\/wp\/v2\/product"}],"about":[{"href":"https:\/\/whisky.ad\/fr\/wp-json\/wp\/v2\/types\/product"}],"replies":[{"embeddable":true,"href":"https:\/\/whisky.ad\/fr\/wp-json\/wp\/v2\/comments?post=78713"}],"wp:featuredmedia":[{"embeddable":true,"href":"https:\/\/whisky.ad\/fr\/wp-json\/wp\/v2\/media\/77119"}],"wp:attachment":[{"href":"https:\/\/whisky.ad\/fr\/wp-json\/wp\/v2\/media?parent=78713"}],"wp:term":[{"taxonomy":"product_brand","embeddable":true,"href":"https:\/\/whisky.ad\/fr\/wp-json\/wp\/v2\/product_brand?post=78713"},{"taxonomy":"product_cat","embeddable":true,"href":"https:\/\/whisky.ad\/fr\/wp-json\/wp\/v2\/product_cat?post=78713"},{"taxonomy":"product_tag","embeddable":true,"href":"https:\/\/whisky.ad\/fr\/wp-json\/wp\/v2\/product_tag?post=78713"}],"curies":[{"name":"wp","href":"https:\/\/api.w.org\/{rel}","templated":true}]}}