{"id":78710,"date":"2023-08-30T20:05:28","date_gmt":"2023-08-30T19:05:28","guid":{"rendered":"https:\/\/whisky.ad\/product\/glen-scotia-21yo-single-malt-0-7l-46\/"},"modified":"2023-08-30T20:05:28","modified_gmt":"2023-08-30T19:05:28","slug":"glen-scotia-21yo-single-malt-0-7l-46","status":"publish","type":"product","link":"https:\/\/whisky.ad\/fr\/produit\/glen-scotia-21yo-single-malt-0-7l-46\/","title":{"rendered":"Glen Scotia 21yo Single Malt 0.7l 46%"},"content":{"rendered":"","protected":false},"excerpt":{"rendered":"<div class=\"flex flex-grow flex-col gap-3 max-w-full\">\n<div class=\"min-h-[20px] flex flex-col items-start gap-3 overflow-x-auto whitespace-pre-wrap break-words\">\n<div class=\"markdown prose w-full break-words dark:prose-invert light\">\n<p>M\u00fbri par le mariage de f\u00fbts de bourbon et de t\u00eates de huche en ch\u00eane am\u00e9ricain, m\u00e9ticuleusement choisis par l&#8217;\u00e9quipe comp\u00e9tente de Glen Scotia, puis par une finale de six mois dans des f\u00fbts de sherry Oloroso de premier remplissage, ce gracieux ajout \u00e0 la collection Glen Scotia incarne un \u00e9lixir onctueux et aromatique taill\u00e9 sur mesure pour les aficionados de whisky raffin\u00e9. L&#8217;infusion de sherry Oloroso introduit des notes de fleurs parfum\u00e9es, conf\u00e9rant une qualit\u00e9 subtilement aromatique tout en sauvegardant le caract\u00e8re distinctif de la distillerie, marqu\u00e9 par des fruits succulents, des aper\u00e7us d&#8217;embruns atlantiques et des notes maritimes nuanc\u00e9es. Le single malt de 21 ans d&#8217;\u00e2ge de Glen Scotia est une incarnation exceptionnelle de l&#8217;essence raffin\u00e9e et intemporelle du whisky de Campbeltown. Il vient combler le foss\u00e9 entre les c\u00e9l\u00e8bres expressions 18 ans et 25 ans, cette derni\u00e8re ayant remport\u00e9 le titre de &#8220;Best in Class&#8221; et, par cons\u00e9quent, le titre estim\u00e9 de &#8220;Best in the World&#8221; lors de la 2021 San Francisco World Spirits Competition, surpassant 3 800 concurrents. Ce d\u00e9voilement remarquable est pr\u00e9sent\u00e9 dans l&#8217;opulente bouteille de Glen Scotia, orn\u00e9e de nuances de violet profond et d&#8217;or. Une \u00e9l\u00e9gante pi\u00e8ce de monnaie m\u00e9tallique portant le logo &#8220;GS&#8221; entrelac\u00e9 de Glen Scotia est incrust\u00e9e dans l&#8217;\u00e9paule de la bouteille, le tout dans un coffret de pr\u00e9sentation con\u00e7u pour les collectionneurs ou destin\u00e9 \u00e0 \u00eatre offert \u00e0 une personne ch\u00e8re. Le voyage du whisky comprend une maturation dans une combinaison de f\u00fbts de bourbon et de t\u00eates de huche en ch\u00eane am\u00e9ricain, avec en point d&#8217;orgue une maturation de six mois dans des f\u00fbts de sherry Oloroso de premier remplissage, ce qui donne un whisky single malt doux et aromatique. Notes de d\u00e9gustation : AROME Des senteurs s\u00e9duisantes et sucr\u00e9es d&#8217;Oloroso, agr\u00e9ment\u00e9es de pommes rouges \u00e9pic\u00e9es et d&#8217;une d\u00e9licate pr\u00e9sence de poivre, accompagn\u00e9es du parfum caract\u00e9ristique de Campbeltown. BOUCHE Des pommes rouges cuites au four, des raisins secs dodus, une exp\u00e9dition \u00e0 travers les clous de girofle, l&#8217;anis \u00e9toil\u00e9, la cannelle et un orchestre d&#8217;\u00e9pices. En dessous, un lit de vanille cr\u00e9meuse, de caramel et un murmure d&#8217;embruns. FINANCE Durable, complexe et exceptionnellement harmonieuse, agr\u00e9ment\u00e9e d&#8217;une \u00e9treinte persistante de sel de mer et de l&#8217;allure s\u00e8che du sherry.<\/p>\n<\/div>\n<\/div>\n<\/div>\n","protected":false},"featured_media":77539,"comment_status":"open","ping_status":"closed","template":"","meta":{"_acf_changed":false},"product_brand":[],"product_cat":[317,357,431],"product_tag":[],"class_list":{"0":"post-78710","1":"product","2":"type-product","3":"status-publish","4":"has-post-thumbnail","6":"product_cat-ecosse","7":"product_cat-whisky-by-brand-fr","8":"product_cat-glen-scotia-fr","10":"first","11":"outofstock","12":"taxable","13":"shipping-taxable","14":"product-type-simple"},"acf":[],"aioseo_notices":[],"jetpack_sharing_enabled":true,"_links":{"self":[{"href":"https:\/\/whisky.ad\/fr\/wp-json\/wp\/v2\/product\/78710","targetHints":{"allow":["GET"]}}],"collection":[{"href":"https:\/\/whisky.ad\/fr\/wp-json\/wp\/v2\/product"}],"about":[{"href":"https:\/\/whisky.ad\/fr\/wp-json\/wp\/v2\/types\/product"}],"replies":[{"embeddable":true,"href":"https:\/\/whisky.ad\/fr\/wp-json\/wp\/v2\/comments?post=78710"}],"wp:featuredmedia":[{"embeddable":true,"href":"https:\/\/whisky.ad\/fr\/wp-json\/wp\/v2\/media\/77539"}],"wp:attachment":[{"href":"https:\/\/whisky.ad\/fr\/wp-json\/wp\/v2\/media?parent=78710"}],"wp:term":[{"taxonomy":"product_brand","embeddable":true,"href":"https:\/\/whisky.ad\/fr\/wp-json\/wp\/v2\/product_brand?post=78710"},{"taxonomy":"product_cat","embeddable":true,"href":"https:\/\/whisky.ad\/fr\/wp-json\/wp\/v2\/product_cat?post=78710"},{"taxonomy":"product_tag","embeddable":true,"href":"https:\/\/whisky.ad\/fr\/wp-json\/wp\/v2\/product_tag?post=78710"}],"curies":[{"name":"wp","href":"https:\/\/api.w.org\/{rel}","templated":true}]}}