{"id":78707,"date":"2023-08-30T19:57:08","date_gmt":"2023-08-30T18:57:08","guid":{"rendered":"https:\/\/whisky.ad\/product\/glen-scotia-18yo-single-malt-0-7l-46\/"},"modified":"2023-08-30T19:57:08","modified_gmt":"2023-08-30T18:57:08","slug":"glen-scotia-18yo-single-malt-0-7l-46","status":"publish","type":"product","link":"https:\/\/whisky.ad\/fr\/produit\/glen-scotia-18yo-single-malt-0-7l-46\/","title":{"rendered":"Glen Scotia 18yo Single Malt 0.7l 46%"},"content":{"rendered":"","protected":false},"excerpt":{"rendered":"<div class=\"flex flex-grow flex-col gap-3 max-w-full\">\n<div class=\"min-h-[20px] flex flex-col items-start gap-3 overflow-x-auto whitespace-pre-wrap break-words\">\n<div class=\"markdown prose w-full break-words dark:prose-invert light\">\n<p>Des documents historiques remontant aux ann\u00e9es 1800 prouvent que Campbeltown, comme une grande partie de l&#8217;\u00c9cosse, a conserv\u00e9 une affection durable pour l&#8217;utilisation des f\u00fbts de sherry dans la maturation du whisky. Compte tenu de sa situation avantageuse sur la c\u00f4te ouest de l&#8217;\u00c9cosse et de sa proximit\u00e9 avec les routes commerciales maritimes de l&#8217;\u00e9poque, il est tout \u00e0 fait naturel que Campbeltown ait eu un acc\u00e8s privil\u00e9gi\u00e9 \u00e0 certains des meilleurs f\u00fbts de x\u00e9r\u00e8s du monde. Il est donc tout \u00e0 fait appropri\u00e9 que le Glen Scotia 18 ans d&#8217;\u00e2ge, l&#8217;un de nos produits les plus v\u00e9n\u00e9rables et les plus raffin\u00e9s, b\u00e9n\u00e9ficie d&#8217;une g\u00e9n\u00e9reuse p\u00e9riode d&#8217;affinage de douze mois dans des f\u00fbts de sherry Oloroso. Cette infusion conf\u00e8re une douceur florale qui compl\u00e8te gracieusement le caract\u00e8re estim\u00e9 de notre distillerie, qui reste toujours pr\u00e9sent en dessous. Ce whisky single malt vraiment exceptionnel m\u00fbrit pendant 17 ans dans des f\u00fbts de bourbon et des t\u00eates de poule en ch\u00eane am\u00e9ricain. Tri\u00e9s sur le volet par notre ma\u00eetre assembleur, seuls les meilleurs f\u00fbts sont s\u00e9lectionn\u00e9s et harmonieusement r\u00e9unis pour une finale d&#8217;un an dans des f\u00fbts Oloroso de premier remplissage. D\u00e9pourvue de tourbe, cette expression d\u00e9gage une \u00e9l\u00e9gance aromatique avec des notes florales, un soup\u00e7on d&#8217;embruns et une touche d&#8217;\u00e9pices. Notes de d\u00e9gustation : AROME Un air de sophistication, agr\u00e9ment\u00e9 d&#8217;une saumure rafra\u00eechissante, de nuances florales parfum\u00e9es, de l&#8217;attrait du miel sucr\u00e9 et de l&#8217;attrait s\u00e9duisant du caramel sal\u00e9. BOUCHE Le palais est extr\u00eamement doux et luxueusement riche, avec des couches fruit\u00e9es et un somptueux lit de caramel \u00e9pais et sucr\u00e9. Anticipez la pr\u00e9sence ludique d&#8217;abricots, d&#8217;ananas et de raisins secs dodus, accompagn\u00e9e d&#8217;une douce chaleur d&#8217;\u00e9pices. FINANCE Prolong\u00e9e et aride, elle est soulign\u00e9e par une chaleureuse \u00e9treinte d&#8217;\u00e9pices.    <\/p>\n<\/div>\n<\/div>\n<\/div>\n","protected":false},"featured_media":77536,"comment_status":"open","ping_status":"closed","template":"","meta":{"_acf_changed":false},"product_brand":[],"product_cat":[357,431,317],"product_tag":[],"class_list":{"0":"post-78707","1":"product","2":"type-product","3":"status-publish","4":"has-post-thumbnail","6":"product_cat-whisky-by-brand-fr","7":"product_cat-glen-scotia-fr","8":"product_cat-ecosse","10":"first","11":"instock","12":"taxable","13":"shipping-taxable","14":"purchasable","15":"product-type-simple"},"acf":[],"aioseo_notices":[],"jetpack_sharing_enabled":true,"_links":{"self":[{"href":"https:\/\/whisky.ad\/fr\/wp-json\/wp\/v2\/product\/78707","targetHints":{"allow":["GET"]}}],"collection":[{"href":"https:\/\/whisky.ad\/fr\/wp-json\/wp\/v2\/product"}],"about":[{"href":"https:\/\/whisky.ad\/fr\/wp-json\/wp\/v2\/types\/product"}],"replies":[{"embeddable":true,"href":"https:\/\/whisky.ad\/fr\/wp-json\/wp\/v2\/comments?post=78707"}],"wp:featuredmedia":[{"embeddable":true,"href":"https:\/\/whisky.ad\/fr\/wp-json\/wp\/v2\/media\/77536"}],"wp:attachment":[{"href":"https:\/\/whisky.ad\/fr\/wp-json\/wp\/v2\/media?parent=78707"}],"wp:term":[{"taxonomy":"product_brand","embeddable":true,"href":"https:\/\/whisky.ad\/fr\/wp-json\/wp\/v2\/product_brand?post=78707"},{"taxonomy":"product_cat","embeddable":true,"href":"https:\/\/whisky.ad\/fr\/wp-json\/wp\/v2\/product_cat?post=78707"},{"taxonomy":"product_tag","embeddable":true,"href":"https:\/\/whisky.ad\/fr\/wp-json\/wp\/v2\/product_tag?post=78707"}],"curies":[{"name":"wp","href":"https:\/\/api.w.org\/{rel}","templated":true}]}}