{"id":78699,"date":"2023-07-25T20:51:15","date_gmt":"2023-07-25T19:51:15","guid":{"rendered":"https:\/\/whisky.ad\/product\/glen-scotia-15-yo-single-malt-0-7l-46\/"},"modified":"2023-07-25T20:51:15","modified_gmt":"2023-07-25T19:51:15","slug":"glen-scotia-15-yo-single-malt-0-7l-46","status":"publish","type":"product","link":"https:\/\/whisky.ad\/fr\/produit\/glen-scotia-15-yo-single-malt-0-7l-46\/","title":{"rendered":"Glen Scotia 15 YO Single Malt 0.7l 46%"},"content":{"rendered":"","protected":false},"excerpt":{"rendered":"<div class=\"flex flex-grow flex-col gap-3\">\n<div class=\"min-h-[20px] flex items-start overflow-x-auto whitespace-pre-wrap break-words flex-col gap-4\">\n<div class=\"markdown prose w-full break-words dark:prose-invert light\">\n<p>Le whisky de Campbeltown entretient depuis longtemps une relation privil\u00e9gi\u00e9e avec les f\u00fbts de bourbon et de ch\u00eane am\u00e9ricain. Ce choix traditionnel de bois compl\u00e8te \u00e0 merveille la fermentation lente de Glen Scotia et le processus de fabrication par petits lots, ce qui donne un whisky au caract\u00e8re fruit\u00e9 bien \u00e9quilibr\u00e9, \u00e0 la douceur de caramel et \u00e0 l&#8217;\u00e9pice subtile en arri\u00e8re-plan qui d\u00e9finit notre expression distincte. Le Glen Scotia 15 ans d&#8217;\u00e2ge, qui n&#8217;a subi qu&#8217;une br\u00e8ve finition en f\u00fbts Oloroso, permet \u00e0 tous ces traits r\u00e9gionaux classiques de briller, offrant un go\u00fbt authentique de Campbeltown. Notas de cata : Nez : Ar\u00f4mes invitants d&#8217;\u00e9corces d&#8217;agrumes, accompagn\u00e9s de l&#8217;attrait des biscuits au gingembre et des fruits cuits au four. Go\u00fbt : Les fruits charnus occupent le devant de la sc\u00e8ne, suivis d&#8217;une finale s\u00e8che agr\u00e9ablement surprenante. Le palais se d\u00e9lecte de notes d&#8217;abricots, de salade de fruits, de sucre caram\u00e9lis\u00e9 et de ch\u00eane. Finale : La finale est enrichie d&#8217;\u00e9pices chaudes, apportant une texture mielleuse et douce, une essence de ch\u00eane et une conclusion s\u00e8che gratifiante.   <\/p>\n<\/div>\n<\/div>\n<\/div>\n","protected":false},"featured_media":76930,"comment_status":"open","ping_status":"closed","template":"","meta":{"_acf_changed":false},"product_brand":[],"product_cat":[317,357,431],"product_tag":[],"class_list":{"0":"post-78699","1":"product","2":"type-product","3":"status-publish","4":"has-post-thumbnail","6":"product_cat-ecosse","7":"product_cat-whisky-by-brand-fr","8":"product_cat-glen-scotia-fr","10":"first","11":"instock","12":"taxable","13":"shipping-taxable","14":"purchasable","15":"product-type-simple"},"acf":[],"aioseo_notices":[],"jetpack_sharing_enabled":true,"_links":{"self":[{"href":"https:\/\/whisky.ad\/fr\/wp-json\/wp\/v2\/product\/78699","targetHints":{"allow":["GET"]}}],"collection":[{"href":"https:\/\/whisky.ad\/fr\/wp-json\/wp\/v2\/product"}],"about":[{"href":"https:\/\/whisky.ad\/fr\/wp-json\/wp\/v2\/types\/product"}],"replies":[{"embeddable":true,"href":"https:\/\/whisky.ad\/fr\/wp-json\/wp\/v2\/comments?post=78699"}],"wp:featuredmedia":[{"embeddable":true,"href":"https:\/\/whisky.ad\/fr\/wp-json\/wp\/v2\/media\/76930"}],"wp:attachment":[{"href":"https:\/\/whisky.ad\/fr\/wp-json\/wp\/v2\/media?parent=78699"}],"wp:term":[{"taxonomy":"product_brand","embeddable":true,"href":"https:\/\/whisky.ad\/fr\/wp-json\/wp\/v2\/product_brand?post=78699"},{"taxonomy":"product_cat","embeddable":true,"href":"https:\/\/whisky.ad\/fr\/wp-json\/wp\/v2\/product_cat?post=78699"},{"taxonomy":"product_tag","embeddable":true,"href":"https:\/\/whisky.ad\/fr\/wp-json\/wp\/v2\/product_tag?post=78699"}],"curies":[{"name":"wp","href":"https:\/\/api.w.org\/{rel}","templated":true}]}}