{"id":78696,"date":"2023-08-30T19:46:14","date_gmt":"2023-08-30T18:46:14","guid":{"rendered":"https:\/\/whisky.ad\/product\/glen-scotia-10yo-single-malt-0-7l-40\/"},"modified":"2023-08-30T19:46:14","modified_gmt":"2023-08-30T18:46:14","slug":"glen-scotia-10yo-single-malt-0-7l-40","status":"publish","type":"product","link":"https:\/\/whisky.ad\/fr\/produit\/glen-scotia-10yo-single-malt-0-7l-40\/","title":{"rendered":"Glen Scotia 10yo Single Malt 0.7l 40%"},"content":{"rendered":"","protected":false},"excerpt":{"rendered":"<div class=\"flex flex-grow flex-col gap-3 max-w-full\">\n<div class=\"min-h-[20px] flex flex-col items-start gap-3 overflow-x-auto whitespace-pre-wrap break-words\">\n<div class=\"markdown prose w-full break-words dark:prose-invert light\">\n<p>Glen Scotia est l&#8217;une des plus petites distilleries de whisky \u00e9cossais single malt d&#8217;\u00c9cosse, mais son importance dans l&#8217;histoire mouvement\u00e9e de Campbeltown est immense, puisqu&#8217;elle remonte au XIXe si\u00e8cle. La distillerie a conserv\u00e9 une grande partie de ses installations d&#8217;origine, notamment des fermenteurs, des salles d&#8217;alambic et un entrep\u00f4t de fardage datant des ann\u00e9es 1830, ce qui lui conf\u00e8re une aura d&#8217;authenticit\u00e9. Une gorg\u00e9e de malt \u00e9cossais Glen Scotia vous ouvre les portes du pass\u00e9 et vous permet de d\u00e9couvrir l&#8217;essence du whisky traditionnel de Campbeltown. Bien que Campbeltown soit la plus petite r\u00e9gion productrice de whisky, elle s&#8217;enorgueillit d&#8217;un patrimoine incomparable. Il fut un temps o\u00f9 le whisky coulait \u00e0 flots dans les rues de la ville, o\u00f9 les distilleries ornaient chaque coin de rue, o\u00f9 presque chaque habitant contribuait \u00e0 sa cr\u00e9ation et o\u00f9 les bateaux s&#8217;alignaient sur le port pour transporter les f\u00fbts de scotchs single malt de Campbeltown vers les amateurs de whisky du monde entier, leur offrant ainsi un whisky authentiquement \u00e9cossais. This is why we assert that Glen Scotia embodies the quintessence of whisky from the most whisky-saturated locale on Earth. Tasting Notes: AROMA Hints of seaspray, crisp sliced apple, invigorating lemon zest, and the comforting essence of toasted oak. PALATE An indulgent interplay of syrupy sweetness and molten brown sugar, accompanied by the tang of orange marmalade and vibrant pineapple notes, all embraced by the creamy embrace of oak vanilla. FINISH Enduring, with a genteel warmth arising from hints of ground ginger and a delicate touch of cinnamon spiciness. <\/p>\n<\/div>\n<\/div>\n<\/div>\n","protected":false},"featured_media":77530,"comment_status":"open","ping_status":"closed","template":"","meta":{"_acf_changed":false},"product_brand":[],"product_cat":[317,357,431],"product_tag":[],"class_list":{"0":"post-78696","1":"product","2":"type-product","3":"status-publish","4":"has-post-thumbnail","6":"product_cat-ecosse","7":"product_cat-whisky-by-brand-fr","8":"product_cat-glen-scotia-fr","10":"first","11":"instock","12":"taxable","13":"shipping-taxable","14":"purchasable","15":"product-type-simple"},"acf":[],"aioseo_notices":[],"jetpack_sharing_enabled":true,"_links":{"self":[{"href":"https:\/\/whisky.ad\/fr\/wp-json\/wp\/v2\/product\/78696","targetHints":{"allow":["GET"]}}],"collection":[{"href":"https:\/\/whisky.ad\/fr\/wp-json\/wp\/v2\/product"}],"about":[{"href":"https:\/\/whisky.ad\/fr\/wp-json\/wp\/v2\/types\/product"}],"replies":[{"embeddable":true,"href":"https:\/\/whisky.ad\/fr\/wp-json\/wp\/v2\/comments?post=78696"}],"wp:featuredmedia":[{"embeddable":true,"href":"https:\/\/whisky.ad\/fr\/wp-json\/wp\/v2\/media\/77530"}],"wp:attachment":[{"href":"https:\/\/whisky.ad\/fr\/wp-json\/wp\/v2\/media?parent=78696"}],"wp:term":[{"taxonomy":"product_brand","embeddable":true,"href":"https:\/\/whisky.ad\/fr\/wp-json\/wp\/v2\/product_brand?post=78696"},{"taxonomy":"product_cat","embeddable":true,"href":"https:\/\/whisky.ad\/fr\/wp-json\/wp\/v2\/product_cat?post=78696"},{"taxonomy":"product_tag","embeddable":true,"href":"https:\/\/whisky.ad\/fr\/wp-json\/wp\/v2\/product_tag?post=78696"}],"curies":[{"name":"wp","href":"https:\/\/api.w.org\/{rel}","templated":true}]}}