{"id":78693,"date":"2023-11-18T11:36:13","date_gmt":"2023-11-18T10:36:13","guid":{"rendered":"https:\/\/whisky.ad\/product\/glen-kirk-8yo-speyside-single-malt-whiskytomintoul-07l-40\/"},"modified":"2023-12-09T17:29:44","modified_gmt":"2023-12-09T16:29:44","slug":"glen-kirk-8yo-speyside-single-malt-whiskytomintoul-07l-40","status":"publish","type":"product","link":"https:\/\/whisky.ad\/fr\/produit\/glen-kirk-8yo-speyside-single-malt-whiskytomintoul-07l-40\/","title":{"rendered":"Glen Kirk 8yo Speyside Single Malt Whisky(Tomintoul) 0,7l 40%"},"content":{"rendered":"","protected":false},"excerpt":{"rendered":"<div class=\"flex flex-grow flex-col max-w-full\">\n<div class=\"min-h-[20px] text-message flex flex-col items-start gap-3 whitespace-pre-wrap break-words [.text-message+&amp;]:mt-5 overflow-x-auto\" data-message-author-role=\"assistant\" data-message-id=\"80281773-10f1-4d37-854e-bc98f93f000b\">\n<div class=\"markdown prose w-full break-words dark:prose-invert dark\">\n<p><strong>Glen Kirk 8yo Speyside Single Malt Whisky(Tomintoul) 0,7l 40%<\/strong><\/p>\n<p>Glen Kirk trouve ses origines et son embouteillage \u00e0 Tomintoul, nich\u00e9 dans le Speyside, une r\u00e9gion v\u00e9n\u00e9r\u00e9e des Highlands, \u00e0 seulement 17 kilom\u00e8tres du ch\u00e2teau de Balmoral. Le Speyside est le principal centre \u00e9cossais de production des single malts les plus exquis, lou\u00e9s pour leurs saveurs complexes et leur calibre exceptionnel. Le terme &#8220;Kirk&#8221;, d&#8217;origine anglaise et \u00e9cossaise, se traduit par &#8220;\u00e9glise&#8221;. Dans toute l&#8217;\u00c9cosse, de nombreuses villes et villages utilisent le terme &#8220;Kirk&#8221; dans leur nom pour indiquer la pr\u00e9sence d&#8217;une \u00e9glise locale. Le whisky porte fi\u00e8rement le nom de Kirk, confirmant ainsi la tradition \u00e9cossaise. Cette expression particuli\u00e8re, le Glen Kirk 8 Years Old Single Malt Scotch Whisky, m\u00fbrit pendant huit ans dans des f\u00fbts d&#8217;ex-bourbon, ce qui t\u00e9moigne de sa qualit\u00e9 artisanale et du d\u00e9veloppement de ses ar\u00f4mes. <\/p>\n<div class=\"flex flex-grow flex-col max-w-full\">\n<div class=\"min-h-[20px] text-message flex flex-col items-start gap-3 whitespace-pre-wrap break-words [.text-message+&amp;]:mt-5 overflow-x-auto\" data-message-author-role=\"assistant\" data-message-id=\"962bea86-388e-4161-bb83-5e6116d69f94\">\n<div class=\"markdown prose w-full break-words dark:prose-invert dark\">\n<p>Nez : Un parfum vibrant, herbac\u00e9, entrelac\u00e9 de notes abondantes d&#8217;orge. Bouche : vivifiante et d&#8217;une fra\u00eecheur all\u00e9chante : Vivifiante et d&#8217;une fra\u00eecheur all\u00e9chante, elle offre d&#8217;embl\u00e9e une richesse d&#8217;orge intense et d\u00e9licieuse. Finale : Un soup\u00e7on d&#8217;\u00e9pices accompagn\u00e9 de subtiles notes de ch\u00eane. Commentaire : Une franchise rafra\u00eechissante, une fra\u00eecheur s\u00e9duisante.<\/p>\n<\/div>\n<\/div>\n<\/div>\n<div class=\"mt-1 flex justify-start gap-3 empty:hidden\">\n<div class=\"text-gray-400 flex self-end lg:self-center justify-center lg:justify-start mt-0 gap-1 visible\"><\/div>\n<\/div>\n<\/div>\n<\/div>\n<\/div>\n","protected":false},"featured_media":77683,"comment_status":"open","ping_status":"closed","template":"","meta":{"_acf_changed":false},"product_brand":[],"product_cat":[317,426],"product_tag":[],"class_list":{"0":"post-78693","1":"product","2":"type-product","3":"status-publish","4":"has-post-thumbnail","6":"product_cat-ecosse","7":"product_cat-glenkirk-fr","9":"first","10":"instock","11":"taxable","12":"shipping-taxable","13":"purchasable","14":"product-type-simple"},"acf":[],"aioseo_notices":[],"jetpack_sharing_enabled":true,"_links":{"self":[{"href":"https:\/\/whisky.ad\/fr\/wp-json\/wp\/v2\/product\/78693","targetHints":{"allow":["GET"]}}],"collection":[{"href":"https:\/\/whisky.ad\/fr\/wp-json\/wp\/v2\/product"}],"about":[{"href":"https:\/\/whisky.ad\/fr\/wp-json\/wp\/v2\/types\/product"}],"replies":[{"embeddable":true,"href":"https:\/\/whisky.ad\/fr\/wp-json\/wp\/v2\/comments?post=78693"}],"wp:featuredmedia":[{"embeddable":true,"href":"https:\/\/whisky.ad\/fr\/wp-json\/wp\/v2\/media\/77683"}],"wp:attachment":[{"href":"https:\/\/whisky.ad\/fr\/wp-json\/wp\/v2\/media?parent=78693"}],"wp:term":[{"taxonomy":"product_brand","embeddable":true,"href":"https:\/\/whisky.ad\/fr\/wp-json\/wp\/v2\/product_brand?post=78693"},{"taxonomy":"product_cat","embeddable":true,"href":"https:\/\/whisky.ad\/fr\/wp-json\/wp\/v2\/product_cat?post=78693"},{"taxonomy":"product_tag","embeddable":true,"href":"https:\/\/whisky.ad\/fr\/wp-json\/wp\/v2\/product_tag?post=78693"}],"curies":[{"name":"wp","href":"https:\/\/api.w.org\/{rel}","templated":true}]}}