{"id":78690,"date":"2023-11-18T11:37:10","date_gmt":"2023-11-18T10:37:10","guid":{"rendered":"https:\/\/whisky.ad\/product\/glen-kirk-12yo-speyside-single-malt-whisky-tomintoul-07l-40\/"},"modified":"2023-12-09T17:20:40","modified_gmt":"2023-12-09T16:20:40","slug":"glen-kirk-12yo-speyside-single-malt-whisky-tomintoul-07l-40","status":"publish","type":"product","link":"https:\/\/whisky.ad\/fr\/produit\/glen-kirk-12yo-speyside-single-malt-whisky-tomintoul-07l-40\/","title":{"rendered":"Glen Kirk 12yo Speyside Single Malt Whisky (Tomintoul) 0,7l 40%"},"content":{"rendered":"","protected":false},"excerpt":{"rendered":"<div class=\"flex flex-grow flex-col max-w-full\">\n<div class=\"min-h-[20px] text-message flex flex-col items-start gap-3 whitespace-pre-wrap break-words [.text-message+&amp;]:mt-5 overflow-x-auto\" data-message-author-role=\"assistant\" data-message-id=\"42ada959-e25b-4ef6-816d-fadd2fa98aec\">\n<div class=\"markdown prose w-full break-words dark:prose-invert dark\">\n<p><strong>Glen Kirk Speyside 12YO Single Malt (Tomintoul) 0.7L. 40%<\/strong><\/p>\n<p>Glen Kirk, issu de la distillerie Tomintoul, nich\u00e9e dans le Speyside, dans les v\u00e9n\u00e9rables Highlands, \u00e0 seulement 17 kilom\u00e8tres du ch\u00e2teau de Balmoral, incarne l&#8217;essence de la tradition \u00e9cossaise. Le Speyside, connu comme le summum de l&#8217;\u00c9cosse pour l&#8217;\u00e9laboration de single malts exceptionnels, se targue de saveurs complexes et d&#8217;une qualit\u00e9 in\u00e9gal\u00e9e. Le nom &#8220;Kirk&#8221;, d\u00e9riv\u00e9 de racines anglaises et \u00e9cossaises, signifie &#8220;\u00e9glise&#8221;. Dans toute l&#8217;\u00c9cosse, le terme &#8220;Kirk&#8221; est embl\u00e9matique des localit\u00e9s o\u00f9 se trouve une \u00e9glise tr\u00e8s pris\u00e9e. Ce whisky, qui porte le nom de Kirk, honore l&#8217;h\u00e9ritage \u00e9cossais. Le Glen Kirk 12 Years Old Single Malt Scotch Whisky m\u00fbrit pendant plus de dix ans dans des f\u00fbts de bourbon, d\u00e9veloppant ainsi un caract\u00e8re riche. Profil de d\u00e9gustation : <\/p>\n<ul>\n<li>Couleur : ambre.<\/li>\n<li>Nez : Des ar\u00f4mes intenses de fruits comme la poire et l&#8217;orange se m\u00ealent \u00e0 des notes de vanille et de ch\u00eane.<\/li>\n<li>Saveur : Une symphonie d&#8217;\u00e9pices, de ch\u00eane, de miel, de vanille et de fruits.<\/li>\n<li>Finale : Une finale persistante, sucr\u00e9e et \u00e9pic\u00e9e, qui perdure.<\/li>\n<\/ul>\n<\/div>\n<\/div>\n<\/div>\n","protected":false},"featured_media":77686,"comment_status":"open","ping_status":"closed","template":"","meta":{"_acf_changed":false},"product_brand":[],"product_cat":[317,426],"product_tag":[],"class_list":{"0":"post-78690","1":"product","2":"type-product","3":"status-publish","4":"has-post-thumbnail","6":"product_cat-ecosse","7":"product_cat-glenkirk-fr","9":"first","10":"outofstock","11":"taxable","12":"shipping-taxable","13":"purchasable","14":"product-type-simple"},"acf":[],"aioseo_notices":[],"jetpack_sharing_enabled":true,"_links":{"self":[{"href":"https:\/\/whisky.ad\/fr\/wp-json\/wp\/v2\/product\/78690","targetHints":{"allow":["GET"]}}],"collection":[{"href":"https:\/\/whisky.ad\/fr\/wp-json\/wp\/v2\/product"}],"about":[{"href":"https:\/\/whisky.ad\/fr\/wp-json\/wp\/v2\/types\/product"}],"replies":[{"embeddable":true,"href":"https:\/\/whisky.ad\/fr\/wp-json\/wp\/v2\/comments?post=78690"}],"wp:featuredmedia":[{"embeddable":true,"href":"https:\/\/whisky.ad\/fr\/wp-json\/wp\/v2\/media\/77686"}],"wp:attachment":[{"href":"https:\/\/whisky.ad\/fr\/wp-json\/wp\/v2\/media?parent=78690"}],"wp:term":[{"taxonomy":"product_brand","embeddable":true,"href":"https:\/\/whisky.ad\/fr\/wp-json\/wp\/v2\/product_brand?post=78690"},{"taxonomy":"product_cat","embeddable":true,"href":"https:\/\/whisky.ad\/fr\/wp-json\/wp\/v2\/product_cat?post=78690"},{"taxonomy":"product_tag","embeddable":true,"href":"https:\/\/whisky.ad\/fr\/wp-json\/wp\/v2\/product_tag?post=78690"}],"curies":[{"name":"wp","href":"https:\/\/api.w.org\/{rel}","templated":true}]}}