{"id":78687,"date":"2023-08-28T14:03:32","date_gmt":"2023-08-28T13:03:32","guid":{"rendered":"https:\/\/whisky.ad\/product\/gammel-opland-aquavit-0-7l-41-5\/"},"modified":"2023-08-28T14:03:32","modified_gmt":"2023-08-28T13:03:32","slug":"gammel-opland-aquavit-0-7l-41-5","status":"publish","type":"product","link":"https:\/\/whisky.ad\/fr\/produit\/gammel-opland-aquavit-0-7l-41-5\/","title":{"rendered":"Gammel Opland Aquavit 0.7l 41.5%"},"content":{"rendered":"","protected":false},"excerpt":{"rendered":"<p>L&#8217;aquavit Opland offre une exp\u00e9rience gustative harmonieuse et \u00e9quilibr\u00e9e. Il se distingue par son m\u00e9lange complexe d&#8217;\u00e9pices et sa maturation prolong\u00e9e. Il se distingue par sa douceur, son caract\u00e8re nuanc\u00e9 et son \u00e9quilibre remarquable. Cet aquavit offre notamment une essence de carvi plus d\u00e9licate, le processus de maturation accentuant les saveurs d&#8217;agrumes et d&#8217;anis des \u00e9pices. En outre, il permet aux ar\u00f4mes captivants de vanille, de ch\u00eane et de sherry de s&#8217;\u00e9panouir et de s&#8217;entrem\u00ealer. Racines historiques : L&#8217;aquavit Opland est issu d&#8217;une recette ancestrale de la r\u00e9gion norv\u00e9gienne d&#8217;Oppland. Depuis 1872, il est m\u00e9ticuleusement fabriqu\u00e9 \u00e0 l&#8217;Oplandske Spritfabrikk. Cet aquavit est notamment soumis \u00e0 une longue p\u00e9riode de maturation de 24 mois dans des f\u00fbts de ch\u00eane de X\u00e9r\u00e8s assaisonn\u00e9s. Ce processus de vieillissement permet d&#8217;harmoniser les notes de carvi avec toute une s\u00e9rie d&#8217;autres \u00e9pices et d&#8217;ar\u00f4mes d\u00e9riv\u00e9s des f\u00fbts. Il cr\u00e9e ainsi un environnement dans lequel les autres \u00e9pices et les ar\u00f4mes des f\u00fbts peuvent s&#8217;\u00e9panouir. Opland est l&#8217;aquavit le plus appr\u00e9ci\u00e9 de Norv\u00e8ge, acclam\u00e9 pour son \u00e9quilibre impeccable. Id\u00e9al pour \u00eatre d\u00e9gust\u00e9 seul, il se marie parfaitement \u00e0 la cuisine norv\u00e9gienne traditionnelle, offrant ainsi une d\u00e9licieuse combinaison culinaire.   <\/p>\n","protected":false},"featured_media":77290,"comment_status":"open","ping_status":"closed","template":"","meta":{"_acf_changed":false},"product_brand":[],"product_cat":[347,348],"product_tag":[],"class_list":{"0":"post-78687","1":"product","2":"type-product","3":"status-publish","4":"has-post-thumbnail","6":"product_cat-spirits-fr","7":"product_cat-aquavit-fr","9":"first","10":"instock","11":"taxable","12":"shipping-taxable","13":"purchasable","14":"product-type-simple"},"acf":[],"aioseo_notices":[],"jetpack_sharing_enabled":true,"_links":{"self":[{"href":"https:\/\/whisky.ad\/fr\/wp-json\/wp\/v2\/product\/78687","targetHints":{"allow":["GET"]}}],"collection":[{"href":"https:\/\/whisky.ad\/fr\/wp-json\/wp\/v2\/product"}],"about":[{"href":"https:\/\/whisky.ad\/fr\/wp-json\/wp\/v2\/types\/product"}],"replies":[{"embeddable":true,"href":"https:\/\/whisky.ad\/fr\/wp-json\/wp\/v2\/comments?post=78687"}],"wp:featuredmedia":[{"embeddable":true,"href":"https:\/\/whisky.ad\/fr\/wp-json\/wp\/v2\/media\/77290"}],"wp:attachment":[{"href":"https:\/\/whisky.ad\/fr\/wp-json\/wp\/v2\/media?parent=78687"}],"wp:term":[{"taxonomy":"product_brand","embeddable":true,"href":"https:\/\/whisky.ad\/fr\/wp-json\/wp\/v2\/product_brand?post=78687"},{"taxonomy":"product_cat","embeddable":true,"href":"https:\/\/whisky.ad\/fr\/wp-json\/wp\/v2\/product_cat?post=78687"},{"taxonomy":"product_tag","embeddable":true,"href":"https:\/\/whisky.ad\/fr\/wp-json\/wp\/v2\/product_tag?post=78687"}],"curies":[{"name":"wp","href":"https:\/\/api.w.org\/{rel}","templated":true}]}}