{"id":78683,"date":"2023-08-28T14:08:49","date_gmt":"2023-08-28T13:08:49","guid":{"rendered":"https:\/\/whisky.ad\/product\/gammel-dansk-bitter-0-7l-38\/"},"modified":"2023-08-28T14:08:49","modified_gmt":"2023-08-28T13:08:49","slug":"gammel-dansk-bitter-0-7l-38","status":"publish","type":"product","link":"https:\/\/whisky.ad\/fr\/produit\/gammel-dansk-bitter-0-7l-38\/","title":{"rendered":"Gammel Dansk Bitter 0.7l 38%"},"content":{"rendered":"","protected":false},"excerpt":{"rendered":"<p>Apparu sur les comptoirs des marchands en 1964, l&#8217;intemporel Bitter Dram &#8220;Gammel Dansk&#8221; est rest\u00e9 r\u00e9solument fid\u00e8le \u00e0 sa saveur et \u00e0 sa pr\u00e9sentation d&#8217;origine. En pr\u00e9servant son h\u00e9ritage, le go\u00fbt amer distinct est le r\u00e9sultat d&#8217;un m\u00e9lange artistique utilisant une s\u00e9lection de 29 \u00e9pices et herbes diverses provenant du monde entier, allant de la racine d&#8217;ang\u00e9lique \u00e0 la noix de muscade, en passant par l&#8217;anis, le gingembre et les baies de groseille. Si les contributions individuelles de ces ingr\u00e9dients ne sont peut-\u00eatre pas directement perceptibles, l&#8217;absence d&#8217;une seule \u00e9pice se remarque rapidement. L&#8217;exp\u00e9rience globale est caract\u00e9ris\u00e9e par une amertume gratifiante, culminant dans une finale \u00e9pic\u00e9e robuste et persistante. La teinte de ce whisky est d&#8217;un cuivre chaud.    <\/p>\n","protected":false},"featured_media":77293,"comment_status":"open","ping_status":"closed","template":"","meta":{"_acf_changed":false},"product_brand":[],"product_cat":[347,348,411],"product_tag":[],"class_list":{"0":"post-78683","1":"product","2":"type-product","3":"status-publish","4":"has-post-thumbnail","6":"product_cat-spirits-fr","7":"product_cat-aquavit-fr","8":"product_cat-bitter-fr","10":"first","11":"instock","12":"taxable","13":"shipping-taxable","14":"purchasable","15":"product-type-simple"},"acf":[],"aioseo_notices":[],"jetpack_sharing_enabled":true,"_links":{"self":[{"href":"https:\/\/whisky.ad\/fr\/wp-json\/wp\/v2\/product\/78683","targetHints":{"allow":["GET"]}}],"collection":[{"href":"https:\/\/whisky.ad\/fr\/wp-json\/wp\/v2\/product"}],"about":[{"href":"https:\/\/whisky.ad\/fr\/wp-json\/wp\/v2\/types\/product"}],"replies":[{"embeddable":true,"href":"https:\/\/whisky.ad\/fr\/wp-json\/wp\/v2\/comments?post=78683"}],"wp:featuredmedia":[{"embeddable":true,"href":"https:\/\/whisky.ad\/fr\/wp-json\/wp\/v2\/media\/77293"}],"wp:attachment":[{"href":"https:\/\/whisky.ad\/fr\/wp-json\/wp\/v2\/media?parent=78683"}],"wp:term":[{"taxonomy":"product_brand","embeddable":true,"href":"https:\/\/whisky.ad\/fr\/wp-json\/wp\/v2\/product_brand?post=78683"},{"taxonomy":"product_cat","embeddable":true,"href":"https:\/\/whisky.ad\/fr\/wp-json\/wp\/v2\/product_cat?post=78683"},{"taxonomy":"product_tag","embeddable":true,"href":"https:\/\/whisky.ad\/fr\/wp-json\/wp\/v2\/product_tag?post=78683"}],"curies":[{"name":"wp","href":"https:\/\/api.w.org\/{rel}","templated":true}]}}