{"id":78680,"date":"2023-08-29T12:54:11","date_gmt":"2023-08-29T11:54:11","guid":{"rendered":"https:\/\/whisky.ad\/product\/fontgalant-french-brandy-0-7l-40\/"},"modified":"2023-08-29T12:54:11","modified_gmt":"2023-08-29T11:54:11","slug":"fontgalant-french-brandy-0-7l-40","status":"publish","type":"product","link":"https:\/\/whisky.ad\/fr\/produit\/fontgalant-french-brandy-0-7l-40\/","title":{"rendered":"Fontgalant French Brandy 0.7L. 40%"},"content":{"rendered":"","protected":false},"excerpt":{"rendered":"<p>Nuance ambr\u00e9e captivante. Son ar\u00f4me r\u00e9v\u00e8le un jeu harmonieux de nuances fruit\u00e9es et florales, notamment celles de l&#8217;\u00e9levage en barrique. En bouche, la finale est longue et vivifiante, accompagn\u00e9e d&#8217;un profil de saveurs exquises et raffin\u00e9es qui respirent la sophistication. Tr\u00e8s bon prix pour un brandy de qualit\u00e9 fran\u00e7aise.<\/p>\n","protected":false},"featured_media":77461,"comment_status":"open","ping_status":"closed","template":"","meta":{"_acf_changed":false},"product_brand":[],"product_cat":[342,347],"product_tag":[],"class_list":{"0":"post-78680","1":"product","2":"type-product","3":"status-publish","4":"has-post-thumbnail","6":"product_cat-cognac-armagnac-brandy-fr-2","7":"product_cat-spirits-fr","9":"first","10":"instock","11":"taxable","12":"shipping-taxable","13":"purchasable","14":"product-type-simple"},"acf":[],"aioseo_notices":[],"jetpack_sharing_enabled":true,"_links":{"self":[{"href":"https:\/\/whisky.ad\/fr\/wp-json\/wp\/v2\/product\/78680","targetHints":{"allow":["GET"]}}],"collection":[{"href":"https:\/\/whisky.ad\/fr\/wp-json\/wp\/v2\/product"}],"about":[{"href":"https:\/\/whisky.ad\/fr\/wp-json\/wp\/v2\/types\/product"}],"replies":[{"embeddable":true,"href":"https:\/\/whisky.ad\/fr\/wp-json\/wp\/v2\/comments?post=78680"}],"wp:featuredmedia":[{"embeddable":true,"href":"https:\/\/whisky.ad\/fr\/wp-json\/wp\/v2\/media\/77461"}],"wp:attachment":[{"href":"https:\/\/whisky.ad\/fr\/wp-json\/wp\/v2\/media?parent=78680"}],"wp:term":[{"taxonomy":"product_brand","embeddable":true,"href":"https:\/\/whisky.ad\/fr\/wp-json\/wp\/v2\/product_brand?post=78680"},{"taxonomy":"product_cat","embeddable":true,"href":"https:\/\/whisky.ad\/fr\/wp-json\/wp\/v2\/product_cat?post=78680"},{"taxonomy":"product_tag","embeddable":true,"href":"https:\/\/whisky.ad\/fr\/wp-json\/wp\/v2\/product_tag?post=78680"}],"curies":[{"name":"wp","href":"https:\/\/api.w.org\/{rel}","templated":true}]}}