{"id":78674,"date":"2023-08-28T10:18:55","date_gmt":"2023-08-28T09:18:55","guid":{"rendered":"https:\/\/whisky.ad\/product\/e-h-taylor-small-batch-50-0-75l\/"},"modified":"2023-08-28T10:18:55","modified_gmt":"2023-08-28T09:18:55","slug":"e-h-taylor-small-batch-50-0-75l","status":"publish","type":"product","link":"https:\/\/whisky.ad\/fr\/produit\/e-h-taylor-small-batch-50-0-75l\/","title":{"rendered":"E.H. Taylor Small Batch 50% 0.75l"},"content":{"rendered":"","protected":false},"excerpt":{"rendered":"<p>La collection E.H. Taylor, Jr. pr\u00e9sente une offre extraordinaire : le Kentucky Straight Bourbon Whiskey sous la forme de E.H. Taylor, Jr. Small Batch. Consid\u00e9r\u00e9 comme un pionnier du bourbon, le colonel Edmund Haynes Taylor, Jr. a ciment\u00e9 un h\u00e9ritage durable. Il s&#8217;est engag\u00e9 dans cette voie peu apr\u00e8s la fin de la guerre civile, lorsqu&#8217;il a acquis la distillerie O.F.C. Distillery. C&#8217;est l\u00e0 qu&#8217;il a mis au point des m\u00e9thodologies innovantes, des techniques qui perdurent dans la pratique contemporaine. M\u00e9ticuleusement \u00e9labor\u00e9 \u00e0 la main, ce Small Batch Bourbon Whiskey m\u00fbrit dans des entrep\u00f4ts centenaires, con\u00e7us et construits par nul autre qu&#8217;E.H. Taylor, Jr. Chaque f\u00fbt fait l&#8217;objet d&#8217;une \u00e9valuation et d&#8217;une maturation m\u00e9ticuleuses, aboutissant \u00e0 une fusion harmonieuse de caract\u00e9ristiques distinctives in\u00e9gal\u00e9es. V\u00e9ritable bourbon \u00e0 siroter, cette cr\u00e9ation rend hommage \u00e0 l&#8217;h\u00e9ritage r\u00e9solu d&#8217;E.H. Taylor, Jr. en restant in\u00e9branlable dans sa d\u00e9votion \u00e0 une qualit\u00e9 sans compromis.     <\/p>\n","protected":false},"featured_media":77260,"comment_status":"open","ping_status":"closed","template":"","meta":{"_acf_changed":false},"product_brand":[],"product_cat":[377],"product_tag":[],"class_list":{"0":"post-78674","1":"product","2":"type-product","3":"status-publish","4":"has-post-thumbnail","6":"product_cat-kentucky-fr","8":"first","9":"instock","10":"taxable","11":"shipping-taxable","12":"purchasable","13":"product-type-simple"},"acf":[],"aioseo_notices":[],"jetpack_sharing_enabled":true,"_links":{"self":[{"href":"https:\/\/whisky.ad\/fr\/wp-json\/wp\/v2\/product\/78674","targetHints":{"allow":["GET"]}}],"collection":[{"href":"https:\/\/whisky.ad\/fr\/wp-json\/wp\/v2\/product"}],"about":[{"href":"https:\/\/whisky.ad\/fr\/wp-json\/wp\/v2\/types\/product"}],"replies":[{"embeddable":true,"href":"https:\/\/whisky.ad\/fr\/wp-json\/wp\/v2\/comments?post=78674"}],"wp:featuredmedia":[{"embeddable":true,"href":"https:\/\/whisky.ad\/fr\/wp-json\/wp\/v2\/media\/77260"}],"wp:attachment":[{"href":"https:\/\/whisky.ad\/fr\/wp-json\/wp\/v2\/media?parent=78674"}],"wp:term":[{"taxonomy":"product_brand","embeddable":true,"href":"https:\/\/whisky.ad\/fr\/wp-json\/wp\/v2\/product_brand?post=78674"},{"taxonomy":"product_cat","embeddable":true,"href":"https:\/\/whisky.ad\/fr\/wp-json\/wp\/v2\/product_cat?post=78674"},{"taxonomy":"product_tag","embeddable":true,"href":"https:\/\/whisky.ad\/fr\/wp-json\/wp\/v2\/product_tag?post=78674"}],"curies":[{"name":"wp","href":"https:\/\/api.w.org\/{rel}","templated":true}]}}