{"id":78671,"date":"2023-07-29T18:30:31","date_gmt":"2023-07-29T17:30:31","guid":{"rendered":"https:\/\/whisky.ad\/product\/domaine-de-cassaigne-rouge-2019-075l-14\/"},"modified":"2024-01-11T16:52:52","modified_gmt":"2024-01-11T15:52:52","slug":"domaine-de-cassaigne-rouge-2019-075l-14","status":"publish","type":"product","link":"https:\/\/whisky.ad\/fr\/produit\/domaine-de-cassaigne-rouge-2019-075l-14\/","title":{"rendered":"Domaine de Cassaigne rouge 2019 0,75L.14%"},"content":{"rendered":"","protected":false},"excerpt":{"rendered":"<div class=\"flex flex-grow flex-col gap-3\">\n<div class=\"min-h-[20px] flex items-start overflow-x-auto whitespace-pre-wrap break-words flex-col gap-4\">\n<div class=\"markdown prose w-full break-words dark:prose-invert light\">\n<p>Description Un vin qui rend hommage \u00e0 ses descendants : &#8220;C\u0153ur, panache et noblesse&#8221; sont les termes utilis\u00e9s par Henri Faget, actuel propri\u00e9taire du Ch\u00e2teau de Cassaigne, pour d\u00e9crire ce patrimoine exceptionnel. Le c\u0153ur des hommes, le panache des vignerons et la noblesse du terroir se retrouvent dans ce grand vin. TERROIR Le vignoble est situ\u00e9 sur un plateau, sur les hauteurs du village de Cassaigne, joyau historique et touristique du Gers, \u00e0 7 kilom\u00e8tres de Condom. La propri\u00e9t\u00e9 s&#8217;\u00e9tend sur 28 hectares autour du Ch\u00e2teau, dont une zone exceptionnelle de 12 hectares de calcaire affleurant, particuli\u00e8rement propice \u00e0 la production de vins rouges d&#8217;exception. DEGUSTATION La robe est d&#8217;un beau pourpre profond. Le nez r\u00e9v\u00e8le des ar\u00f4mes complexes de fruits noirs, de cannelle et de vanille. En bouche, le vin fait preuve de persistance avec des notes \u00e9pic\u00e9es et des tanins soyeux. Accord mets-vins Id\u00e9al avec une c\u00f4te de b\u0153uf, un tournedos de canard aux c\u00e8pes et des c\u00f4tes d&#8217;agneau grill\u00e9es.<\/p>\n<\/div>\n<\/div>\n<\/div>\n<div class=\"absolute bottom-0 left-0 w-full border-t md:border-t-0 dark:border-white\/20 md:border-transparent md:dark:border-transparent md:bg-vert-light-gradient bg-white dark:bg-gray-800 md:!bg-transparent dark:md:bg-vert-dark-gradient pt-2 md:pl-2 md:w-[calc(100%-.5rem)]\">\n<form class=\"stretch mx-2 flex flex-row gap-3 last:mb-2 md:mx-4 md:last:mb-6 lg:mx-auto lg:max-w-2xl xl:max-w-3xl\">\n<div class=\"relative flex h-full flex-1 items-stretch md:flex-col\" role=\"presentation\">\n<div>\n<div class=\"h-full flex ml-1 md:w-full md:m-auto md:mb-4 gap-0 md:gap-2 justify-center\">\n<div class=\"grow\"><\/div>\n<\/div>\n<\/div>\n<\/div>\n<\/form>\n<\/div>\n","protected":false},"featured_media":76942,"comment_status":"open","ping_status":"closed","template":"","meta":{"_acf_changed":false},"product_brand":[],"product_cat":[389,496],"product_tag":[],"class_list":{"0":"post-78671","1":"product","2":"type-product","3":"status-publish","4":"has-post-thumbnail","6":"product_cat-wine-fr","7":"product_cat-cotes-de-gascogne-fr","9":"first","10":"instock","11":"taxable","12":"shipping-taxable","13":"product-type-simple"},"acf":[],"aioseo_notices":[],"jetpack_sharing_enabled":true,"_links":{"self":[{"href":"https:\/\/whisky.ad\/fr\/wp-json\/wp\/v2\/product\/78671","targetHints":{"allow":["GET"]}}],"collection":[{"href":"https:\/\/whisky.ad\/fr\/wp-json\/wp\/v2\/product"}],"about":[{"href":"https:\/\/whisky.ad\/fr\/wp-json\/wp\/v2\/types\/product"}],"replies":[{"embeddable":true,"href":"https:\/\/whisky.ad\/fr\/wp-json\/wp\/v2\/comments?post=78671"}],"wp:featuredmedia":[{"embeddable":true,"href":"https:\/\/whisky.ad\/fr\/wp-json\/wp\/v2\/media\/76942"}],"wp:attachment":[{"href":"https:\/\/whisky.ad\/fr\/wp-json\/wp\/v2\/media?parent=78671"}],"wp:term":[{"taxonomy":"product_brand","embeddable":true,"href":"https:\/\/whisky.ad\/fr\/wp-json\/wp\/v2\/product_brand?post=78671"},{"taxonomy":"product_cat","embeddable":true,"href":"https:\/\/whisky.ad\/fr\/wp-json\/wp\/v2\/product_cat?post=78671"},{"taxonomy":"product_tag","embeddable":true,"href":"https:\/\/whisky.ad\/fr\/wp-json\/wp\/v2\/product_tag?post=78671"}],"curies":[{"name":"wp","href":"https:\/\/api.w.org\/{rel}","templated":true}]}}