{"id":78666,"date":"2018-11-13T10:07:33","date_gmt":"2018-11-13T09:07:33","guid":{"rendered":"https:\/\/whisky.ad\/product\/crafters-distilled-original-gin-1l-40\/"},"modified":"2018-11-13T10:07:33","modified_gmt":"2018-11-13T09:07:33","slug":"crafters-distilled-original-gin-1l-40","status":"publish","type":"product","link":"https:\/\/whisky.ad\/fr\/produit\/crafters-distilled-original-gin-1l-40\/","title":{"rendered":"CRAFTER\u00b4S DISTILLED ORIGINAL GIN 1L. 40%"},"content":{"rendered":"","protected":false},"excerpt":{"rendered":"<div class=\"flex flex-grow flex-col gap-3 max-w-full\">\n<div class=\"min-h-[20px] flex flex-col items-start gap-3 overflow-x-auto whitespace-pre-wrap break-words\">\n<div class=\"markdown prose w-full break-words dark:prose-invert light\">\n<p>Forts d&#8217;un h\u00e9ritage impressionnant de 80 ans dans le domaine de la distillation des herbes, les ma\u00eetres de Liviko mettent leur expertise au premier plan. Utilisant la m\u00e9thode de l&#8217;alambic, ils distillent m\u00e9ticuleusement une base de gin \u00e0 partir d&#8217;\u00e9pices et d&#8217;ar\u00f4mes choisis avec soin, formant ainsi le c\u0153ur du Crafter&#8217;s Original Distilled Gin. \u00c9labor\u00e9 \u00e0 partir d&#8217;un alcool de grain de premi\u00e8re qualit\u00e9 et d&#8217;une eau sp\u00e9cialement trait\u00e9e, ce produit allie l&#8217;excellence de baies de geni\u00e8vre de haute qualit\u00e9, de gingembre, d&#8217;\u00e9pices vari\u00e9es et d&#8217;ar\u00f4mes naturels. Chaque \u00e9l\u00e9ment est d&#8217;origine naturelle, ce qui souligne l&#8217;engagement en faveur d&#8217;ingr\u00e9dients purs. L&#8217;interaction orchestr\u00e9e des composants actifs de ces ar\u00f4mes soigneusement s\u00e9lectionn\u00e9s produit une libation harmonieuse, aromatique et rafra\u00eechissante. La fusion artistique de ces ar\u00f4mes et \u00e9pices aboutit \u00e0 un m\u00e9lange exquis : la baie de geni\u00e8vre dominante, la touche vivifiante du gingembre et des \u00e9l\u00e9ments nuanc\u00e9s, divulgu\u00e9s uniquement aux ma\u00eetres distillateurs, convergent pour conf\u00e9rer au Crafter&#8217;s Original Distilled Gin une essence in\u00e9gal\u00e9e et distinctive. <\/p>\n<\/div>\n<\/div>\n<\/div>\n","protected":false},"featured_media":77458,"comment_status":"open","ping_status":"closed","template":"","meta":{"_acf_changed":false},"product_brand":[],"product_cat":[347,416],"product_tag":[493],"class_list":{"0":"post-78666","1":"product","2":"type-product","3":"status-publish","4":"has-post-thumbnail","6":"product_cat-spirits-fr","7":"product_cat-gin-fr","8":"product_tag-estonia-fr","10":"first","11":"instock","12":"taxable","13":"shipping-taxable","14":"purchasable","15":"product-type-simple"},"acf":[],"aioseo_notices":[],"jetpack_sharing_enabled":true,"_links":{"self":[{"href":"https:\/\/whisky.ad\/fr\/wp-json\/wp\/v2\/product\/78666","targetHints":{"allow":["GET"]}}],"collection":[{"href":"https:\/\/whisky.ad\/fr\/wp-json\/wp\/v2\/product"}],"about":[{"href":"https:\/\/whisky.ad\/fr\/wp-json\/wp\/v2\/types\/product"}],"replies":[{"embeddable":true,"href":"https:\/\/whisky.ad\/fr\/wp-json\/wp\/v2\/comments?post=78666"}],"wp:featuredmedia":[{"embeddable":true,"href":"https:\/\/whisky.ad\/fr\/wp-json\/wp\/v2\/media\/77458"}],"wp:attachment":[{"href":"https:\/\/whisky.ad\/fr\/wp-json\/wp\/v2\/media?parent=78666"}],"wp:term":[{"taxonomy":"product_brand","embeddable":true,"href":"https:\/\/whisky.ad\/fr\/wp-json\/wp\/v2\/product_brand?post=78666"},{"taxonomy":"product_cat","embeddable":true,"href":"https:\/\/whisky.ad\/fr\/wp-json\/wp\/v2\/product_cat?post=78666"},{"taxonomy":"product_tag","embeddable":true,"href":"https:\/\/whisky.ad\/fr\/wp-json\/wp\/v2\/product_tag?post=78666"}],"curies":[{"name":"wp","href":"https:\/\/api.w.org\/{rel}","templated":true}]}}