{"id":78662,"date":"2018-11-13T09:50:46","date_gmt":"2018-11-13T08:50:46","guid":{"rendered":"https:\/\/whisky.ad\/product\/crafters-aromatic-flower-gin-magic-colour-change-0-7l-443\/"},"modified":"2023-12-13T20:04:15","modified_gmt":"2023-12-13T19:04:15","slug":"crafters-aromatic-flower-gin-magic-colour-change-0-7l-443","status":"publish","type":"product","link":"https:\/\/whisky.ad\/fr\/produit\/crafters-aromatic-flower-gin-magic-colour-change-0-7l-443\/","title":{"rendered":"Crafter&#8217;s Aromatic Flower Gin . Changement de couleur magique ! 0.7L.   44,3%"},"content":{"rendered":"","protected":false},"excerpt":{"rendered":"<p>L&#8217;un des meilleurs gins au monde. Le Crafter&#8217;s aromatic flower gin est un m\u00e9lange unique de 12 plantes aromatiques s\u00e9lectionn\u00e9es par des experts et distill\u00e9es sur cuivre pour plus de puret\u00e9 et de douceur. Il a \u00e9t\u00e9 \u00e9labor\u00e9 de mani\u00e8re exquise \u00e0 partir de fleurs d&#8217;\u00e9glantier et de reine des pr\u00e9s, caract\u00e9ristiques du littoral estonien. De superbes notes florales dansent sur la palette gr\u00e2ce \u00e0 la fleur de sureau, aux p\u00e9tales de rose et \u00e0 la lavande, tandis que le yuzu exotique lui conf\u00e8re une r\u00e9elle profondeur. La chaleur de la camomille persiste comme un soir d&#8217;\u00e9t\u00e9, tandis que le croquant des baies de geni\u00e8vre rappelle un hiver nordique glacial. Lorsque vous combinez ce gin naturellement cuivr\u00e9 avec un tonic, vous constaterez un magnifique changement de couleur vers un rose d\u00e9licat.     <\/p>\n","protected":false},"featured_media":77446,"comment_status":"open","ping_status":"closed","template":"","meta":{"_acf_changed":false},"product_brand":[],"product_cat":[416,347],"product_tag":[],"class_list":{"0":"post-78662","1":"product","2":"type-product","3":"status-publish","4":"has-post-thumbnail","6":"product_cat-gin-fr","7":"product_cat-spirits-fr","9":"first","10":"instock","11":"taxable","12":"shipping-taxable","13":"purchasable","14":"product-type-simple"},"acf":[],"aioseo_notices":[],"jetpack_sharing_enabled":true,"_links":{"self":[{"href":"https:\/\/whisky.ad\/fr\/wp-json\/wp\/v2\/product\/78662","targetHints":{"allow":["GET"]}}],"collection":[{"href":"https:\/\/whisky.ad\/fr\/wp-json\/wp\/v2\/product"}],"about":[{"href":"https:\/\/whisky.ad\/fr\/wp-json\/wp\/v2\/types\/product"}],"replies":[{"embeddable":true,"href":"https:\/\/whisky.ad\/fr\/wp-json\/wp\/v2\/comments?post=78662"}],"wp:featuredmedia":[{"embeddable":true,"href":"https:\/\/whisky.ad\/fr\/wp-json\/wp\/v2\/media\/77446"}],"wp:attachment":[{"href":"https:\/\/whisky.ad\/fr\/wp-json\/wp\/v2\/media?parent=78662"}],"wp:term":[{"taxonomy":"product_brand","embeddable":true,"href":"https:\/\/whisky.ad\/fr\/wp-json\/wp\/v2\/product_brand?post=78662"},{"taxonomy":"product_cat","embeddable":true,"href":"https:\/\/whisky.ad\/fr\/wp-json\/wp\/v2\/product_cat?post=78662"},{"taxonomy":"product_tag","embeddable":true,"href":"https:\/\/whisky.ad\/fr\/wp-json\/wp\/v2\/product_tag?post=78662"}],"curies":[{"name":"wp","href":"https:\/\/api.w.org\/{rel}","templated":true}]}}