{"id":78658,"date":"2023-07-30T18:14:47","date_gmt":"2023-07-30T17:14:47","guid":{"rendered":"https:\/\/whisky.ad\/product\/corazon-single-estate-reposado-40-70cl\/"},"modified":"2024-01-08T12:35:16","modified_gmt":"2024-01-08T11:35:16","slug":"corazon-single-estate-reposado-40-70cl","status":"publish","type":"product","link":"https:\/\/whisky.ad\/fr\/produit\/corazon-single-estate-reposado-40-70cl\/","title":{"rendered":"Corazon Single Estate Reposado 40% 70cl"},"content":{"rendered":"<p>Aspect : R\u00e9v\u00e9lant son caract\u00e8re dans une d\u00e9licieuse nuance d&#8217;ambre clair. Ar\u00f4me : D\u00e9couvrez la fusion vibrante du thym frais, de l&#8217;herbe verte et du nectar d&#8217;agave qui s&#8217;entrem\u00ealent gracieusement, cr\u00e9ant un bouquet s\u00e9duisant sur ce reposado. Go\u00fbt : Le palais est trait\u00e9 avec une pr\u00e9sence int\u00e9grale de tons terreux, merveilleusement soutenus par l&#8217;essence douce de vanille, d&#8217;amande marcona et d&#8217;un m\u00e9lange d&#8217;herbes fra\u00eeches. D&#8217;une rondeur et d&#8217;une finesse irr\u00e9prochables. Maturation : Vieillissement soigneux de 6 \u00e0 8 mois en f\u00fbts de ch\u00eane am\u00e9ricain. Teneur en alcool : 40% Alc\/vol (80 Proof) En bouche, l&#8217;entr\u00e9e en mati\u00e8re est douce, avec des ar\u00f4mes de praline, de thym citronn\u00e9, de poivre grill\u00e9 et de nid d&#8217;abeille, qui se d\u00e9ploient en un corps huileux de taille moyenne \u00e0 pleine. Des couches d&#8217;\u00e9pices brunes, de gousse de vanille et d&#8217;\u00e9pices exotiques enrichissent encore l&#8217;exp\u00e9rience. La finale s&#8217;attarde gracieusement sur une douce vague de copeaux de noix de coco, de noix \u00e9pic\u00e9es, de bo\u00eete \u00e0 cigares, de pierres mouill\u00e9es et de poivre blanc. La maturation en ch\u00eane lui conf\u00e8re une douceur et une profondeur qui n&#8217;\u00e9taient jusqu&#8217;\u00e0 pr\u00e9sent que le reflet des meilleurs cognacs vieillis et scotchs single malt. Accolades :<\/p>\n<ul>\n<li>2019 Los Angeles International Spirits Competition: Gold Medal<\/li>\n<li>2017 Ultimate Spirits Challenge: 95\/100 points, Extraordinary\/Ultimate Recommendation, Trophy Finalist, Great Value Award<\/li>\n<li>2016 World Drink Awards: Honored with the title of World&#8217;s Best Tequila<\/li>\n<\/ul>\n","protected":false},"excerpt":{"rendered":"<p>Aspect : R\u00e9v\u00e9lant son caract\u00e8re dans une d\u00e9licieuse nuance d&#8217;ambre clair. Ar\u00f4me : D\u00e9couvrez la fusion vibrante du thym frais, de l&#8217;herbe verte et du nectar d&#8217;agave qui s&#8217;entrem\u00ealent gracieusement, cr\u00e9ant un bouquet s\u00e9duisant sur ce reposado. Go\u00fbt : Le palais est trait\u00e9 avec une pr\u00e9sence int\u00e9grale de tons terreux, merveilleusement soutenus par l&#8217;essence douce [&hellip;]<\/p>\n","protected":false},"featured_media":76960,"comment_status":"open","ping_status":"closed","template":"","meta":{"_acf_changed":false},"product_brand":[],"product_cat":[421,347],"product_tag":[],"class_list":{"0":"post-78658","1":"product","2":"type-product","3":"status-publish","4":"has-post-thumbnail","6":"product_cat-tequila-fr","7":"product_cat-spirits-fr","9":"first","10":"instock","11":"taxable","12":"shipping-taxable","13":"purchasable","14":"product-type-simple"},"acf":[],"aioseo_notices":[],"jetpack_sharing_enabled":true,"_links":{"self":[{"href":"https:\/\/whisky.ad\/fr\/wp-json\/wp\/v2\/product\/78658","targetHints":{"allow":["GET"]}}],"collection":[{"href":"https:\/\/whisky.ad\/fr\/wp-json\/wp\/v2\/product"}],"about":[{"href":"https:\/\/whisky.ad\/fr\/wp-json\/wp\/v2\/types\/product"}],"replies":[{"embeddable":true,"href":"https:\/\/whisky.ad\/fr\/wp-json\/wp\/v2\/comments?post=78658"}],"wp:featuredmedia":[{"embeddable":true,"href":"https:\/\/whisky.ad\/fr\/wp-json\/wp\/v2\/media\/76960"}],"wp:attachment":[{"href":"https:\/\/whisky.ad\/fr\/wp-json\/wp\/v2\/media?parent=78658"}],"wp:term":[{"taxonomy":"product_brand","embeddable":true,"href":"https:\/\/whisky.ad\/fr\/wp-json\/wp\/v2\/product_brand?post=78658"},{"taxonomy":"product_cat","embeddable":true,"href":"https:\/\/whisky.ad\/fr\/wp-json\/wp\/v2\/product_cat?post=78658"},{"taxonomy":"product_tag","embeddable":true,"href":"https:\/\/whisky.ad\/fr\/wp-json\/wp\/v2\/product_tag?post=78658"}],"curies":[{"name":"wp","href":"https:\/\/api.w.org\/{rel}","templated":true}]}}