{"id":78653,"date":"2023-07-30T18:17:40","date_gmt":"2023-07-30T17:17:40","guid":{"rendered":"https:\/\/whisky.ad\/product\/corazon-single-estate-blanco-40-0-7l\/"},"modified":"2024-01-08T12:32:34","modified_gmt":"2024-01-08T11:32:34","slug":"corazon-single-estate-blanco-40-0-7l","status":"publish","type":"product","link":"https:\/\/whisky.ad\/fr\/produit\/corazon-single-estate-blanco-40-0-7l\/","title":{"rendered":"Corazon Single Estate Blanco 40% 0.7L"},"content":{"rendered":"","protected":false},"excerpt":{"rendered":"<p>Coraz\u00f3n Blanco Tequila &#8211; un t\u00e9moignage de l&#8217;art de la distillation et du raffinement. \u00c9labor\u00e9e avec pr\u00e9cision, la Tequila Coraz\u00f3n Blanco subit un processus m\u00e9ticuleux de double distillation, suivi d&#8217;une infusion d&#8217;oxyg\u00e8ne avant d&#8217;arriver en bouteille. Cette technique est cens\u00e9e rehausser les ar\u00f4mes et les saveurs d\u00e9licats extraits des plants d&#8217;agave \u00e2g\u00e9s de 6 \u00e0 8 ans, cultiv\u00e9s et r\u00e9colt\u00e9s avec amour dans les domaines historiques de la r\u00e9gion de Los Altos, au Mexique, depuis 1886. D&#8217;une limpidit\u00e9 cristalline et d&#8217;une subtile couleur nickel, cette tequila s\u00e9duit les sens par son bouquet d\u00e9licat de figues, de beurre de cacao, d&#8217;olives et de papaye. Une entr\u00e9e en bouche douce et soyeuse laisse place \u00e0 un corps sec, moyen \u00e0 plein, o\u00f9 les saveurs de fruits secs, de praline, de poivre et d&#8217;herbes miell\u00e9es, bien int\u00e9gr\u00e9es, dansent harmonieusement. The finish is remarkably long, sweet, and elegant, leaving an enduring impression of exceptional smoothness and purity. AROMA: Prepare to be captivated by the enticing scents of baked pineapple, roasted jalape\u00f1o, and tangerine zest, intertwining to create a truly complex tequila. TASTE: The palate is graced with a mineral iodine tone, accompanied by a creamy texture that envelops the mouth, culminating in an invigorating, spicy finish. AGING: Unaged, ensuring the unblemished essence of the agave shines through. ALCOHOL: 40% Alc\/vol (80 Proof) Accolades:<\/p>\n<ul>\n<li>2019 Ultimate Spirits Challenge: 92\/100 Points, Excellent\/Highly Recommended<\/li>\n<li>2019 Los Angeles International Spirits Competition: Gold Medal, Best of Category<\/li>\n<li>2019 World Tequila Awards: Best Blanco<\/li>\n<\/ul>\n","protected":false},"featured_media":76351,"comment_status":"open","ping_status":"closed","template":"","meta":{"_acf_changed":false},"product_brand":[],"product_cat":[421,347],"product_tag":[],"class_list":{"0":"post-78653","1":"product","2":"type-product","3":"status-publish","4":"has-post-thumbnail","6":"product_cat-tequila-fr","7":"product_cat-spirits-fr","9":"first","10":"instock","11":"taxable","12":"shipping-taxable","13":"purchasable","14":"product-type-simple"},"acf":[],"aioseo_notices":[],"jetpack_sharing_enabled":true,"_links":{"self":[{"href":"https:\/\/whisky.ad\/fr\/wp-json\/wp\/v2\/product\/78653","targetHints":{"allow":["GET"]}}],"collection":[{"href":"https:\/\/whisky.ad\/fr\/wp-json\/wp\/v2\/product"}],"about":[{"href":"https:\/\/whisky.ad\/fr\/wp-json\/wp\/v2\/types\/product"}],"replies":[{"embeddable":true,"href":"https:\/\/whisky.ad\/fr\/wp-json\/wp\/v2\/comments?post=78653"}],"wp:featuredmedia":[{"embeddable":true,"href":"https:\/\/whisky.ad\/fr\/wp-json\/wp\/v2\/media\/76351"}],"wp:attachment":[{"href":"https:\/\/whisky.ad\/fr\/wp-json\/wp\/v2\/media?parent=78653"}],"wp:term":[{"taxonomy":"product_brand","embeddable":true,"href":"https:\/\/whisky.ad\/fr\/wp-json\/wp\/v2\/product_brand?post=78653"},{"taxonomy":"product_cat","embeddable":true,"href":"https:\/\/whisky.ad\/fr\/wp-json\/wp\/v2\/product_cat?post=78653"},{"taxonomy":"product_tag","embeddable":true,"href":"https:\/\/whisky.ad\/fr\/wp-json\/wp\/v2\/product_tag?post=78653"}],"curies":[{"name":"wp","href":"https:\/\/api.w.org\/{rel}","templated":true}]}}