{"id":78650,"date":"2023-07-30T18:27:58","date_gmt":"2023-07-30T17:27:58","guid":{"rendered":"https:\/\/whisky.ad\/product\/corazon-single-estate-anejo-40-0-7l\/"},"modified":"2024-01-08T12:29:31","modified_gmt":"2024-01-08T11:29:31","slug":"corazon-single-estate-anejo-40-0-7l","status":"publish","type":"product","link":"https:\/\/whisky.ad\/fr\/produit\/corazon-single-estate-anejo-40-0-7l\/","title":{"rendered":"Corazon Single Estate Anejo 40% 0.7L"},"content":{"rendered":"","protected":false},"excerpt":{"rendered":"<div class=\"flex flex-grow flex-col gap-3\">\n<div class=\"min-h-[20px] flex items-start overflow-x-auto whitespace-pre-wrap break-words flex-col gap-4\">\n<div class=\"markdown prose w-full break-words dark:prose-invert light\">\n<p>Corazon A\u00f1ejo Tequila, un chef-d&#8217;\u0153uvre vieilli en f\u00fbts de ch\u00eane am\u00e9ricain. Patiemment \u00e9lev\u00e9 pendant deux ans, cet A\u00f1ejo absorbe et capture d\u00e9licatement les essences naturelles du ch\u00eane, ce qui donne un spiritueux tout \u00e0 fait remarquable. Son apparence est d&#8217;un ambre p\u00e2le et dor\u00e9, laissant pr\u00e9sager le voyage sensoriel \u00e0 venir. Au nez, vous serez accueilli par des ar\u00f4mes s\u00e9duisants de cr\u00e8me br\u00fbl\u00e9e \u00e0 la noix de coco, de cr\u00e8me glac\u00e9e \u00e0 la menthe, de pain aux noix et aux raisins miell\u00e9s et de d\u00e9licates \u00e9pices de saumurage, le tout merveilleusement entrelac\u00e9. L&#8217;attaque souple et satin\u00e9e m\u00e8ne \u00e0 un corps sec et moyennement plein, avec des accents intrigants de citronnelle, d&#8217;herbes et de cacao. La finale est ronde, puissante et rappelle \u00e9l\u00e9gamment la cr\u00e8me anglaise. COULEUR : Une teinte ambr\u00e9e moyenne captivante. AROME : Le nez se d\u00e9lecte d&#8217;une essence fra\u00eeche, verte et foresti\u00e8re, \u00e9l\u00e9gamment compl\u00e9t\u00e9e par des notes bien int\u00e9gr\u00e9es de bo\u00eete \u00e0 \u00e9pices. BOUCHE : En bouche, un a\u00f1ejo l\u00e9ger, savoureux et aromatique, o\u00f9 les saveurs de tabac \u00e9pic\u00e9, de mousse carbonis\u00e9e et de caf\u00e9 s&#8217;entrem\u00ealent gracieusement. Subtil mais concentr\u00e9. VIEILLISSEMENT : Vieillissement m\u00e9ticuleux de 16 \u00e0 18 mois en f\u00fbts de ch\u00eane am\u00e9ricain. ALCOOL : 40% Alc\/vol (80 Proof) Accolades : <\/p>\n<ul>\n<li>2019 Los Angeles International Spirits Competition: Gold Medal<\/li>\n<li>2018 Los Angeles International Spirits Competition: Gold Medal<\/li>\n<li>2016 World Drink Awards: Honored as the Best A\u00f1ejo Tequila<\/li>\n<\/ul>\n<\/div>\n<\/div>\n<\/div>\n","protected":false},"featured_media":76963,"comment_status":"open","ping_status":"closed","template":"","meta":{"_acf_changed":false},"product_brand":[],"product_cat":[347,394,421],"product_tag":[],"class_list":{"0":"post-78650","1":"product","2":"type-product","3":"status-publish","4":"has-post-thumbnail","6":"product_cat-spirits-fr","7":"product_cat-en-vedette","8":"product_cat-tequila-fr","10":"first","11":"instock","12":"sale","13":"featured","14":"taxable","15":"shipping-taxable","16":"purchasable","17":"product-type-simple"},"acf":[],"aioseo_notices":[],"jetpack_sharing_enabled":true,"_links":{"self":[{"href":"https:\/\/whisky.ad\/fr\/wp-json\/wp\/v2\/product\/78650","targetHints":{"allow":["GET"]}}],"collection":[{"href":"https:\/\/whisky.ad\/fr\/wp-json\/wp\/v2\/product"}],"about":[{"href":"https:\/\/whisky.ad\/fr\/wp-json\/wp\/v2\/types\/product"}],"replies":[{"embeddable":true,"href":"https:\/\/whisky.ad\/fr\/wp-json\/wp\/v2\/comments?post=78650"}],"wp:featuredmedia":[{"embeddable":true,"href":"https:\/\/whisky.ad\/fr\/wp-json\/wp\/v2\/media\/76963"}],"wp:attachment":[{"href":"https:\/\/whisky.ad\/fr\/wp-json\/wp\/v2\/media?parent=78650"}],"wp:term":[{"taxonomy":"product_brand","embeddable":true,"href":"https:\/\/whisky.ad\/fr\/wp-json\/wp\/v2\/product_brand?post=78650"},{"taxonomy":"product_cat","embeddable":true,"href":"https:\/\/whisky.ad\/fr\/wp-json\/wp\/v2\/product_cat?post=78650"},{"taxonomy":"product_tag","embeddable":true,"href":"https:\/\/whisky.ad\/fr\/wp-json\/wp\/v2\/product_tag?post=78650"}],"curies":[{"name":"wp","href":"https:\/\/api.w.org\/{rel}","templated":true}]}}