{"id":78647,"date":"2023-08-29T14:51:29","date_gmt":"2023-08-29T13:51:29","guid":{"rendered":"https:\/\/whisky.ad\/product\/concorde-xo-french-brandy-0-7l-37\/"},"modified":"2023-08-29T14:51:29","modified_gmt":"2023-08-29T13:51:29","slug":"concorde-xo-french-brandy-0-7l-37","status":"publish","type":"product","link":"https:\/\/whisky.ad\/fr\/produit\/concorde-xo-french-brandy-0-7l-37\/","title":{"rendered":"Concorde XO French Brandy 0.7L. 37%"},"content":{"rendered":"","protected":false},"excerpt":{"rendered":"<p>D&#8217;une couleur brun dor\u00e9 et ambr\u00e9e, ce whisky pr\u00e9sente un corps moyennement ample qui refl\u00e8te son vieillissement m\u00fbr. Il d\u00e9gage une essence chaleureuse accompagn\u00e9e de douces nuances de fruits et de d\u00e9licates notes de cacao, le tout soutenu par un piquant satisfaisant. <\/p>\n","protected":false},"featured_media":77467,"comment_status":"open","ping_status":"closed","template":"","meta":{"_acf_changed":false},"product_brand":[],"product_cat":[347,342],"product_tag":[],"class_list":{"0":"post-78647","1":"product","2":"type-product","3":"status-publish","4":"has-post-thumbnail","6":"product_cat-spirits-fr","7":"product_cat-cognac-armagnac-brandy-fr-2","9":"first","10":"instock","11":"taxable","12":"shipping-taxable","13":"purchasable","14":"product-type-simple"},"acf":[],"aioseo_notices":[],"jetpack_sharing_enabled":true,"_links":{"self":[{"href":"https:\/\/whisky.ad\/fr\/wp-json\/wp\/v2\/product\/78647","targetHints":{"allow":["GET"]}}],"collection":[{"href":"https:\/\/whisky.ad\/fr\/wp-json\/wp\/v2\/product"}],"about":[{"href":"https:\/\/whisky.ad\/fr\/wp-json\/wp\/v2\/types\/product"}],"replies":[{"embeddable":true,"href":"https:\/\/whisky.ad\/fr\/wp-json\/wp\/v2\/comments?post=78647"}],"wp:featuredmedia":[{"embeddable":true,"href":"https:\/\/whisky.ad\/fr\/wp-json\/wp\/v2\/media\/77467"}],"wp:attachment":[{"href":"https:\/\/whisky.ad\/fr\/wp-json\/wp\/v2\/media?parent=78647"}],"wp:term":[{"taxonomy":"product_brand","embeddable":true,"href":"https:\/\/whisky.ad\/fr\/wp-json\/wp\/v2\/product_brand?post=78647"},{"taxonomy":"product_cat","embeddable":true,"href":"https:\/\/whisky.ad\/fr\/wp-json\/wp\/v2\/product_cat?post=78647"},{"taxonomy":"product_tag","embeddable":true,"href":"https:\/\/whisky.ad\/fr\/wp-json\/wp\/v2\/product_tag?post=78647"}],"curies":[{"name":"wp","href":"https:\/\/api.w.org\/{rel}","templated":true}]}}