{"id":78641,"date":"2023-08-28T17:04:21","date_gmt":"2023-08-28T16:04:21","guid":{"rendered":"https:\/\/whisky.ad\/product\/cognac-jules-gautret-xo-swan-0-7l-40\/"},"modified":"2023-08-28T17:04:21","modified_gmt":"2023-08-28T16:04:21","slug":"cognac-jules-gautret-xo-swan-0-7l-40","status":"publish","type":"product","link":"https:\/\/whisky.ad\/fr\/produit\/cognac-jules-gautret-xo-swan-0-7l-40\/","title":{"rendered":"Cognac Jules Gautret XO Swan 0.7l 40%"},"content":{"rendered":"","protected":false},"excerpt":{"rendered":"<div class=\"flex flex-grow flex-col gap-3 max-w-full\">\n<div class=\"min-h-[20px] flex flex-col items-start gap-3 overflow-x-auto whitespace-pre-wrap break-words\">\n<div class=\"markdown prose w-full break-words dark:prose-invert light\">\n<p>Le cognac Jules Gautret XO est le r\u00e9sultat d&#8217;une savante fusion de plusieurs eaux-de-vie, m\u00e9ticuleusement distill\u00e9es, vieillies et harmonis\u00e9es au fil du temps par notre ma\u00eetre de chai. 25 ANS D&#8217;\u00c2GE. Ces eaux-de-vie ont atteint un niveau de maturit\u00e9 qui garantit la pr\u00e9sence de saveurs persistantes, velout\u00e9es et profondes, soutenues par une d\u00e9licieuse onctuosit\u00e9. Profil de d\u00e9gustation : Aspect : Ar\u00f4me : Un m\u00e9lange s\u00e9duisant et inattendu, avec de d\u00e9licates notes de noisette, de fruits secs et une subtile essence bois\u00e9e : Exceptionnel en bouche, avec une longueur remarquable, un jeu complexe de notes fruit\u00e9es et de ch\u00eane, et un \u00e9quilibre remarquable qui marie finesse et puissance. <\/p>\n<\/div>\n<\/div>\n<\/div>\n","protected":false},"featured_media":77386,"comment_status":"open","ping_status":"closed","template":"","meta":{"_acf_changed":false},"product_brand":[],"product_cat":[342,347],"product_tag":[],"class_list":{"0":"post-78641","1":"product","2":"type-product","3":"status-publish","4":"has-post-thumbnail","6":"product_cat-cognac-armagnac-brandy-fr-2","7":"product_cat-spirits-fr","9":"first","10":"instock","11":"taxable","12":"shipping-taxable","13":"purchasable","14":"product-type-simple"},"acf":[],"aioseo_notices":[],"jetpack_sharing_enabled":true,"_links":{"self":[{"href":"https:\/\/whisky.ad\/fr\/wp-json\/wp\/v2\/product\/78641","targetHints":{"allow":["GET"]}}],"collection":[{"href":"https:\/\/whisky.ad\/fr\/wp-json\/wp\/v2\/product"}],"about":[{"href":"https:\/\/whisky.ad\/fr\/wp-json\/wp\/v2\/types\/product"}],"replies":[{"embeddable":true,"href":"https:\/\/whisky.ad\/fr\/wp-json\/wp\/v2\/comments?post=78641"}],"wp:featuredmedia":[{"embeddable":true,"href":"https:\/\/whisky.ad\/fr\/wp-json\/wp\/v2\/media\/77386"}],"wp:attachment":[{"href":"https:\/\/whisky.ad\/fr\/wp-json\/wp\/v2\/media?parent=78641"}],"wp:term":[{"taxonomy":"product_brand","embeddable":true,"href":"https:\/\/whisky.ad\/fr\/wp-json\/wp\/v2\/product_brand?post=78641"},{"taxonomy":"product_cat","embeddable":true,"href":"https:\/\/whisky.ad\/fr\/wp-json\/wp\/v2\/product_cat?post=78641"},{"taxonomy":"product_tag","embeddable":true,"href":"https:\/\/whisky.ad\/fr\/wp-json\/wp\/v2\/product_tag?post=78641"}],"curies":[{"name":"wp","href":"https:\/\/api.w.org\/{rel}","templated":true}]}}