{"id":78638,"date":"2023-08-28T16:53:25","date_gmt":"2023-08-28T15:53:25","guid":{"rendered":"https:\/\/whisky.ad\/product\/cognac-jules-gautret-vsop-0-7l-40\/"},"modified":"2023-08-28T16:53:25","modified_gmt":"2023-08-28T15:53:25","slug":"cognac-jules-gautret-vsop-0-7l-40","status":"publish","type":"product","link":"https:\/\/whisky.ad\/fr\/produit\/cognac-jules-gautret-vsop-0-7l-40\/","title":{"rendered":"Cognac Jules Gautret VSOP 0.7L 40%"},"content":{"rendered":"","protected":false},"excerpt":{"rendered":"<p>Provenant de la v\u00e9n\u00e9rable maison de cognac Jules Gautret \u00e0 Jonzac, leur expression VSOP est l&#8217;aboutissement d&#8217;un vieillissement de plus de 4 ans des eaux-de-vie avant leur mise en bouteille. Avec des origines remontant \u00e0 1847, cette maison peut s&#8217;enorgueillir d&#8217;un riche h\u00e9ritage. Une vinification m\u00e9ticuleuse et une distillation sur lies fines contribuent \u00e0 la cr\u00e9ation de l&#8217;harmonieux assemblage de cognacs VSOP de Jules Gautret, une s\u00e9lection soigneusement effectu\u00e9e par le ma\u00eetre de chai. Cet assemblage harmonise les parfums s\u00e9duisants d&#8217;eaux-de-vie vieillies provenant des meilleurs crus de la r\u00e9gion de Cognac. L&#8217;ar\u00f4me qui en r\u00e9sulte est une d\u00e9licieuse fusion de vanille et de miel, entrelac\u00e9e de notes d&#8217;agrumes et de fruits m\u00fbrs. L&#8217;exp\u00e9rience sensorielle est renforc\u00e9e par sa teinte dor\u00e9e et ambr\u00e9e. A la d\u00e9gustation, le palais offre une sensation douce et velout\u00e9e, accentu\u00e9e par la pr\u00e9sence de notes d&#8217;agrumes et de fruits \u00e0 chair jaune.  <\/p>\n","protected":false},"featured_media":77380,"comment_status":"open","ping_status":"closed","template":"","meta":{"_acf_changed":false},"product_brand":[],"product_cat":[342,347],"product_tag":[],"class_list":{"0":"post-78638","1":"product","2":"type-product","3":"status-publish","4":"has-post-thumbnail","6":"product_cat-cognac-armagnac-brandy-fr-2","7":"product_cat-spirits-fr","9":"first","10":"instock","11":"taxable","12":"shipping-taxable","13":"product-type-simple"},"acf":[],"aioseo_notices":[],"jetpack_sharing_enabled":true,"_links":{"self":[{"href":"https:\/\/whisky.ad\/fr\/wp-json\/wp\/v2\/product\/78638","targetHints":{"allow":["GET"]}}],"collection":[{"href":"https:\/\/whisky.ad\/fr\/wp-json\/wp\/v2\/product"}],"about":[{"href":"https:\/\/whisky.ad\/fr\/wp-json\/wp\/v2\/types\/product"}],"replies":[{"embeddable":true,"href":"https:\/\/whisky.ad\/fr\/wp-json\/wp\/v2\/comments?post=78638"}],"wp:featuredmedia":[{"embeddable":true,"href":"https:\/\/whisky.ad\/fr\/wp-json\/wp\/v2\/media\/77380"}],"wp:attachment":[{"href":"https:\/\/whisky.ad\/fr\/wp-json\/wp\/v2\/media?parent=78638"}],"wp:term":[{"taxonomy":"product_brand","embeddable":true,"href":"https:\/\/whisky.ad\/fr\/wp-json\/wp\/v2\/product_brand?post=78638"},{"taxonomy":"product_cat","embeddable":true,"href":"https:\/\/whisky.ad\/fr\/wp-json\/wp\/v2\/product_cat?post=78638"},{"taxonomy":"product_tag","embeddable":true,"href":"https:\/\/whisky.ad\/fr\/wp-json\/wp\/v2\/product_tag?post=78638"}],"curies":[{"name":"wp","href":"https:\/\/api.w.org\/{rel}","templated":true}]}}