{"id":78635,"date":"2023-08-28T16:39:24","date_gmt":"2023-08-28T15:39:24","guid":{"rendered":"https:\/\/whisky.ad\/product\/cognac-jules-gautret-vs-0-7l-40\/"},"modified":"2023-08-28T16:39:24","modified_gmt":"2023-08-28T15:39:24","slug":"cognac-jules-gautret-vs-0-7l-40","status":"publish","type":"product","link":"https:\/\/whisky.ad\/fr\/produit\/cognac-jules-gautret-vs-0-7l-40\/","title":{"rendered":"Cognac Jules Gautret VS 0.7l. 40%"},"content":{"rendered":"","protected":false},"excerpt":{"rendered":"<p>Fond\u00e9 en 1874, le cognac Gautret VS 70cl provient de la c\u00e9l\u00e8bre distillerie Jules Gautret, situ\u00e9e dans la charmante ville de Jonzac. \u00c9voluant depuis ses origines, la distillerie s&#8217;est transform\u00e9e en une coop\u00e9rative qui r\u00e9unit plus de 500 cultivateurs, chacun enracin\u00e9 dans les meilleurs terroirs. \u00c9labor\u00e9 \u00e0 partir d&#8217;eaux-de-vie et vieilli en f\u00fbts limousins pendant 2 \u00e0 3 ans, ce cognac VS incarne une essence d\u00e9licieusement velout\u00e9e, id\u00e9ale pour \u00eatre d\u00e9gust\u00e9e pure, sur glace, ou comme \u00e9l\u00e9ment fondamental de vos cocktails pr\u00e9f\u00e9r\u00e9s.  <\/p>\n","protected":false},"featured_media":75481,"comment_status":"open","ping_status":"closed","template":"","meta":{"_acf_changed":false},"product_brand":[],"product_cat":[342,347],"product_tag":[],"class_list":{"0":"post-78635","1":"product","2":"type-product","3":"status-publish","4":"has-post-thumbnail","6":"product_cat-cognac-armagnac-brandy-fr-2","7":"product_cat-spirits-fr","9":"first","10":"instock","11":"taxable","12":"shipping-taxable","13":"purchasable","14":"product-type-simple"},"acf":[],"aioseo_notices":[],"jetpack_sharing_enabled":true,"_links":{"self":[{"href":"https:\/\/whisky.ad\/fr\/wp-json\/wp\/v2\/product\/78635","targetHints":{"allow":["GET"]}}],"collection":[{"href":"https:\/\/whisky.ad\/fr\/wp-json\/wp\/v2\/product"}],"about":[{"href":"https:\/\/whisky.ad\/fr\/wp-json\/wp\/v2\/types\/product"}],"replies":[{"embeddable":true,"href":"https:\/\/whisky.ad\/fr\/wp-json\/wp\/v2\/comments?post=78635"}],"wp:featuredmedia":[{"embeddable":true,"href":"https:\/\/whisky.ad\/fr\/wp-json\/wp\/v2\/media\/75481"}],"wp:attachment":[{"href":"https:\/\/whisky.ad\/fr\/wp-json\/wp\/v2\/media?parent=78635"}],"wp:term":[{"taxonomy":"product_brand","embeddable":true,"href":"https:\/\/whisky.ad\/fr\/wp-json\/wp\/v2\/product_brand?post=78635"},{"taxonomy":"product_cat","embeddable":true,"href":"https:\/\/whisky.ad\/fr\/wp-json\/wp\/v2\/product_cat?post=78635"},{"taxonomy":"product_tag","embeddable":true,"href":"https:\/\/whisky.ad\/fr\/wp-json\/wp\/v2\/product_tag?post=78635"}],"curies":[{"name":"wp","href":"https:\/\/api.w.org\/{rel}","templated":true}]}}