{"id":78632,"date":"2023-08-28T17:10:11","date_gmt":"2023-08-28T16:10:11","guid":{"rendered":"https:\/\/whisky.ad\/product\/cognac-jules-gautret-extra-swan-0-7l-40\/"},"modified":"2023-08-28T17:10:11","modified_gmt":"2023-08-28T16:10:11","slug":"cognac-jules-gautret-extra-swan-0-7l-40","status":"publish","type":"product","link":"https:\/\/whisky.ad\/fr\/produit\/cognac-jules-gautret-extra-swan-0-7l-40\/","title":{"rendered":"Cognac Jules Gautret EXTRA Swan 0.7l 40%"},"content":{"rendered":"","protected":false},"excerpt":{"rendered":"<p>Le Cognac Jules Gautret Extra est un assemblage d&#8217;eaux-de-vie soigneusement s\u00e9lectionn\u00e9es et vieillies par notre ma\u00eetre de chai afin de transmettre l&#8217;essence m\u00eame du terroir de notre vignoble. 35 ANS D&#8217;\u00c2GE. Jules Gautret Extra incarne un amalgame harmonieux o\u00f9 les tanins gracieusement d\u00e9velopp\u00e9s, nourris par des ann\u00e9es de vieillissement en f\u00fbts de ch\u00eane, s&#8217;expriment entrelac\u00e9s avec la subtilit\u00e9 des diff\u00e9rentes eaux-de-vie. Profil de d\u00e9gustation : Apparence : Une riche teinte ambr\u00e9e compl\u00e9t\u00e9e par des accents dor\u00e9s radieux Ar\u00f4me : Un m\u00e9lange enchanteur et inattendu, avec des traces d\u00e9licates de chocolat et d&#8217;\u00e9corce d&#8217;orange piquante Bouche : Un caract\u00e8re distinctif remarquable sur le plan de la texture et de la couleur : En bouche, un caract\u00e8re distinctif remarquable, avec un ar\u00f4me original et raffin\u00e9, soulign\u00e9 par des notes de prune et d&#8217;abricot succulents, r\u00e9chauff\u00e9s par une douce \u00e9treinte de noix de muscade et de vanille. <\/p>\n","protected":false},"featured_media":77389,"comment_status":"open","ping_status":"closed","template":"","meta":{"_acf_changed":false},"product_brand":[],"product_cat":[342,347],"product_tag":[],"class_list":{"0":"post-78632","1":"product","2":"type-product","3":"status-publish","4":"has-post-thumbnail","6":"product_cat-cognac-armagnac-brandy-fr-2","7":"product_cat-spirits-fr","9":"first","10":"instock","11":"taxable","12":"shipping-taxable","13":"purchasable","14":"product-type-simple"},"acf":[],"aioseo_notices":[],"jetpack_sharing_enabled":true,"_links":{"self":[{"href":"https:\/\/whisky.ad\/fr\/wp-json\/wp\/v2\/product\/78632","targetHints":{"allow":["GET"]}}],"collection":[{"href":"https:\/\/whisky.ad\/fr\/wp-json\/wp\/v2\/product"}],"about":[{"href":"https:\/\/whisky.ad\/fr\/wp-json\/wp\/v2\/types\/product"}],"replies":[{"embeddable":true,"href":"https:\/\/whisky.ad\/fr\/wp-json\/wp\/v2\/comments?post=78632"}],"wp:featuredmedia":[{"embeddable":true,"href":"https:\/\/whisky.ad\/fr\/wp-json\/wp\/v2\/media\/77389"}],"wp:attachment":[{"href":"https:\/\/whisky.ad\/fr\/wp-json\/wp\/v2\/media?parent=78632"}],"wp:term":[{"taxonomy":"product_brand","embeddable":true,"href":"https:\/\/whisky.ad\/fr\/wp-json\/wp\/v2\/product_brand?post=78632"},{"taxonomy":"product_cat","embeddable":true,"href":"https:\/\/whisky.ad\/fr\/wp-json\/wp\/v2\/product_cat?post=78632"},{"taxonomy":"product_tag","embeddable":true,"href":"https:\/\/whisky.ad\/fr\/wp-json\/wp\/v2\/product_tag?post=78632"}],"curies":[{"name":"wp","href":"https:\/\/api.w.org\/{rel}","templated":true}]}}