{"id":78627,"date":"2023-08-28T17:38:22","date_gmt":"2023-08-28T16:38:22","guid":{"rendered":"https:\/\/whisky.ad\/product\/cognac-jules-gautret-1982-0-7l-43-3\/"},"modified":"2023-08-28T17:38:22","modified_gmt":"2023-08-28T16:38:22","slug":"cognac-jules-gautret-1982-0-7l-43-3","status":"publish","type":"product","link":"https:\/\/whisky.ad\/fr\/produit\/cognac-jules-gautret-1982-0-7l-43-3\/","title":{"rendered":"Cognac Jules Gautret 1982 0.7l. 43.3%"},"content":{"rendered":"","protected":false},"excerpt":{"rendered":"<div class=\"flex flex-grow flex-col gap-3 max-w-full\">\n<div class=\"min-h-[20px] flex flex-col items-start gap-3 overflow-x-auto whitespace-pre-wrap break-words\">\n<div class=\"markdown prose w-full break-words dark:prose-invert light\">\n<p>En apparence, ce Cognac mill\u00e9sim\u00e9 r\u00e9v\u00e8le une belle teinte brun-ambr\u00e9 profonde, reflet de son \u00e2ge consid\u00e9rable. Ses nombreux reflets scintillants rayonnent de splendeur, \u00e9voquant l&#8217;impatience de pouvoir enfin en d\u00e9guster quelques gouttes. Son ar\u00f4me, intense et surprenant, porte des notes de r\u00e9glisse, ponctu\u00e9es de subtiles touches bois\u00e9es. Lorsque ce Cognac arrive en bouche, il le fait avec une rondeur et une longueur remarquables. Son \u00e2ge s&#8217;affirme par la pr\u00e9sence de la vanille et d&#8217;une l\u00e9g\u00e8re essence d&#8217;amande. Cette \u00e9dition tr\u00e8s limit\u00e9e ne comporte que 494 bouteilles. Description : S\u00e9lectionn\u00e9e avec soin parmi les plus prestigieuses eaux-de-vie mises au jour par la maison Gautret, notre gamme de Cognacs Vintage met en lumi\u00e8re des caract\u00e9ristiques et des crus exceptionnels, r\u00e9v\u00e9lant chacun une facette du savoir-faire ancestral des Ma\u00eetres de Chai tout au long de l&#8217;histoire de la marque. Chaque s\u00e9rie est disponible dans une \u00e9dition strictement limit\u00e9e et num\u00e9rot\u00e9e, embouteill\u00e9e \u00e0 la force optimale pour le mill\u00e9sime respectif. Chaque cognac mill\u00e9sim\u00e9 est m\u00e9ticuleusement emball\u00e9 \u00e0 la main dans la bouteille embl\u00e9matique de la marque. -Une cogna\u00e7aise en verre extra-blanc avec un gaufrage profond, orn\u00e9e d&#8217;un m\u00e9daillon en verre et du logo Jules Gautret. Ces bouteilles sont rehauss\u00e9es d&#8217;une s\u00e9rigraphie dor\u00e9e sur des motifs fluides et d&#8217;une \u00e9tiquette num\u00e9rot\u00e9e unique sur un papier tr\u00e8s textur\u00e9, avec le mill\u00e9sime en relief gaufr\u00e9 \u00e0 l&#8217;or fin. L&#8217;\u00e9tanch\u00e9it\u00e9 est assur\u00e9e par un bouchon de li\u00e8ge de premi\u00e8re qualit\u00e9 et une cire appliqu\u00e9e manuellement. Ces produits exceptionnels sont pr\u00e9sent\u00e9s dans un coffret en bois robuste (10 mm d&#8217;\u00e9paisseur), recouvert de couches de laque pour pr\u00e9server et rehausser son apparence d&#8217;un \u00e9clat profond. L&#8217;int\u00e9rieur est tapiss\u00e9 d&#8217;une mousse haute densit\u00e9 recouverte d&#8217;un tissu noir, qui comprend \u00e9galement un bouchon en bois personnalis\u00e9 aux couleurs de la marque, destin\u00e9 \u00e0 \u00eatre utilis\u00e9 une fois le produit ouvert, pour le plus grand plaisir de son propri\u00e9taire. <\/p>\n<\/div>\n<\/div>\n<\/div>\n","protected":false},"featured_media":77395,"comment_status":"open","ping_status":"closed","template":"","meta":{"_acf_changed":false},"product_brand":[],"product_cat":[342,347],"product_tag":[],"class_list":{"0":"post-78627","1":"product","2":"type-product","3":"status-publish","4":"has-post-thumbnail","6":"product_cat-cognac-armagnac-brandy-fr-2","7":"product_cat-spirits-fr","9":"first","10":"instock","11":"taxable","12":"shipping-taxable","13":"purchasable","14":"product-type-simple"},"acf":[],"aioseo_notices":[],"jetpack_sharing_enabled":true,"_links":{"self":[{"href":"https:\/\/whisky.ad\/fr\/wp-json\/wp\/v2\/product\/78627","targetHints":{"allow":["GET"]}}],"collection":[{"href":"https:\/\/whisky.ad\/fr\/wp-json\/wp\/v2\/product"}],"about":[{"href":"https:\/\/whisky.ad\/fr\/wp-json\/wp\/v2\/types\/product"}],"replies":[{"embeddable":true,"href":"https:\/\/whisky.ad\/fr\/wp-json\/wp\/v2\/comments?post=78627"}],"wp:featuredmedia":[{"embeddable":true,"href":"https:\/\/whisky.ad\/fr\/wp-json\/wp\/v2\/media\/77395"}],"wp:attachment":[{"href":"https:\/\/whisky.ad\/fr\/wp-json\/wp\/v2\/media?parent=78627"}],"wp:term":[{"taxonomy":"product_brand","embeddable":true,"href":"https:\/\/whisky.ad\/fr\/wp-json\/wp\/v2\/product_brand?post=78627"},{"taxonomy":"product_cat","embeddable":true,"href":"https:\/\/whisky.ad\/fr\/wp-json\/wp\/v2\/product_cat?post=78627"},{"taxonomy":"product_tag","embeddable":true,"href":"https:\/\/whisky.ad\/fr\/wp-json\/wp\/v2\/product_tag?post=78627"}],"curies":[{"name":"wp","href":"https:\/\/api.w.org\/{rel}","templated":true}]}}