{"id":78624,"date":"2023-08-28T17:28:26","date_gmt":"2023-08-28T16:28:26","guid":{"rendered":"https:\/\/whisky.ad\/product\/cognac-jules-gautret-1970-0-7l-42-1\/"},"modified":"2023-08-28T17:28:26","modified_gmt":"2023-08-28T16:28:26","slug":"cognac-jules-gautret-1970-0-7l-42-1","status":"publish","type":"product","link":"https:\/\/whisky.ad\/fr\/produit\/cognac-jules-gautret-1970-0-7l-42-1\/","title":{"rendered":"Cognac Jules Gautret 1970 0.7l 42.1%"},"content":{"rendered":"","protected":false},"excerpt":{"rendered":"<div class=\"flex flex-grow flex-col gap-3 max-w-full\">\n<div class=\"min-h-[20px] flex flex-col items-start gap-3 overflow-x-auto whitespace-pre-wrap break-words\">\n<div class=\"markdown prose w-full break-words dark:prose-invert light\">\n<p>En apparence, ce Cognac mill\u00e9sim\u00e9 d\u00e9voile une belle robe brun-ambr\u00e9 profonde, repr\u00e9sentative de son \u00e2ge consid\u00e9rable. Ses nombreux reflets scintillants sont d&#8217;une grande splendeur et permettent d&#8217;anticiper les premi\u00e8res sensations en bouche. Son ar\u00f4me permet de mieux cerner son caract\u00e8re, avec un agr\u00e9able bouquet bois\u00e9 et de subtiles notes de caramel. Enfin, lorsque ce Cognac caresse vos papilles, il le fait avec force, r\u00e9v\u00e9lant des saveurs qui n&#8217;ont d&#8217;\u00e9gal que son \u00e2ge. Vous d\u00e9couvrirez des notes de caramel et de p\u00e2tes de fruits, qui se prolongent dans une finale remarquable. Cette \u00e9dition tr\u00e8s limit\u00e9e ne compte que 747 bouteilles. Description : S\u00e9lectionn\u00e9e avec soin parmi les plus prestigieuses eaux-de-vie mises au jour par la maison Gautret, notre gamme de Cognacs Vintage met en lumi\u00e8re des caract\u00e9ristiques et des crus exceptionnels, r\u00e9v\u00e9lant chacun une facette du savoir-faire ancestral des Ma\u00eetres de Chai tout au long de l&#8217;histoire de la marque. Chaque s\u00e9rie est disponible dans une \u00e9dition strictement limit\u00e9e et num\u00e9rot\u00e9e, embouteill\u00e9e au degr\u00e9 optimal pour le mill\u00e9sime concern\u00e9. Chaque Cognac Vintage est m\u00e9ticuleusement conditionn\u00e9 \u00e0 la main dans la bouteille embl\u00e9matique de la marque &#8211; une cogna\u00e7aise en verre extra-blanc avec un embossage profond, orn\u00e9e d&#8217;un m\u00e9daillon en verre et du logo Jules Gautret. Ces bouteilles sont rehauss\u00e9es d&#8217;une s\u00e9rigraphie dor\u00e9e sur des motifs fluides et d&#8217;une \u00e9tiquette num\u00e9rot\u00e9e unique sur un papier tr\u00e8s textur\u00e9, avec le mill\u00e9sime en relief gaufr\u00e9 \u00e0 l&#8217;or fin. L&#8217;\u00e9tanch\u00e9it\u00e9 est assur\u00e9e par un bouchon de li\u00e8ge de premi\u00e8re qualit\u00e9 et une cire appliqu\u00e9e manuellement. Ces produits d&#8217;exception sont pr\u00e9sent\u00e9s dans un coffret en bois robuste (10 mm d&#8217;\u00e9paisseur), recouvert de couches de laque pour pr\u00e9server et rehausser son aspect d&#8217;une profonde brillance. L&#8217;int\u00e9rieur est garni d&#8217;une mousse haute densit\u00e9 recouverte de tissu noir, qui comprend \u00e9galement un bouchon en bois personnalis\u00e9 aux couleurs de la marque, destin\u00e9 \u00e0 \u00eatre utilis\u00e9 une fois le produit ouvert, pour le plus grand plaisir de son propri\u00e9taire. <\/p>\n<\/div>\n<\/div>\n<\/div>\n","protected":false},"featured_media":77392,"comment_status":"open","ping_status":"closed","template":"","meta":{"_acf_changed":false},"product_brand":[],"product_cat":[342,347],"product_tag":[],"class_list":{"0":"post-78624","1":"product","2":"type-product","3":"status-publish","4":"has-post-thumbnail","6":"product_cat-cognac-armagnac-brandy-fr-2","7":"product_cat-spirits-fr","9":"first","10":"instock","11":"taxable","12":"shipping-taxable","13":"purchasable","14":"product-type-simple"},"acf":[],"aioseo_notices":[],"jetpack_sharing_enabled":true,"_links":{"self":[{"href":"https:\/\/whisky.ad\/fr\/wp-json\/wp\/v2\/product\/78624","targetHints":{"allow":["GET"]}}],"collection":[{"href":"https:\/\/whisky.ad\/fr\/wp-json\/wp\/v2\/product"}],"about":[{"href":"https:\/\/whisky.ad\/fr\/wp-json\/wp\/v2\/types\/product"}],"replies":[{"embeddable":true,"href":"https:\/\/whisky.ad\/fr\/wp-json\/wp\/v2\/comments?post=78624"}],"wp:featuredmedia":[{"embeddable":true,"href":"https:\/\/whisky.ad\/fr\/wp-json\/wp\/v2\/media\/77392"}],"wp:attachment":[{"href":"https:\/\/whisky.ad\/fr\/wp-json\/wp\/v2\/media?parent=78624"}],"wp:term":[{"taxonomy":"product_brand","embeddable":true,"href":"https:\/\/whisky.ad\/fr\/wp-json\/wp\/v2\/product_brand?post=78624"},{"taxonomy":"product_cat","embeddable":true,"href":"https:\/\/whisky.ad\/fr\/wp-json\/wp\/v2\/product_cat?post=78624"},{"taxonomy":"product_tag","embeddable":true,"href":"https:\/\/whisky.ad\/fr\/wp-json\/wp\/v2\/product_tag?post=78624"}],"curies":[{"name":"wp","href":"https:\/\/api.w.org\/{rel}","templated":true}]}}