{"id":78621,"date":"2023-08-28T17:00:34","date_gmt":"2023-08-28T16:00:34","guid":{"rendered":"https:\/\/whisky.ad\/product\/cognac-jules-gautret-10yo-0-7l-40\/"},"modified":"2023-08-28T17:00:34","modified_gmt":"2023-08-28T16:00:34","slug":"cognac-jules-gautret-10yo-0-7l-40","status":"publish","type":"product","link":"https:\/\/whisky.ad\/fr\/produit\/cognac-jules-gautret-10yo-0-7l-40\/","title":{"rendered":"Cognac Jules Gautret 10yo 0.7l 40%"},"content":{"rendered":"","protected":false},"excerpt":{"rendered":"<div class=\"flex flex-grow flex-col gap-3 max-w-full\">\n<div class=\"min-h-[20px] flex flex-col items-start gap-3 overflow-x-auto whitespace-pre-wrap break-words\">\n<div class=\"markdown prose w-full break-words dark:prose-invert light\">\n<p>\u00c9labor\u00e9 par Jules Gautret, ce cognac XO est soumis \u00e0 un processus de maturation de dix ans en f\u00fbts de ch\u00eane, ce qui donne une fusion impressionnante de nuances bois\u00e9es profondes et de notes fruit\u00e9es vibrantes. La maison de cognac Jules Gautret, dont la cr\u00e9ation remonte \u00e0 1847, peut s&#8217;enorgueillir d&#8217;un h\u00e9ritage historique dans l&#8217;art de la production de cognac. Cette expression XO convient parfaitement \u00e0 ceux qui recherchent un plaisir raffin\u00e9 apr\u00e8s le d\u00eener. Lors de la d\u00e9gustation, attendez-vous \u00e0 un bouquet aromatique de fruits floraux entrem\u00eal\u00e9s de douces vagues de vanille sucr\u00e9e, d&#8217;une \u00e9treinte velout\u00e9e d&#8217;\u00e9pices de ch\u00eane beurr\u00e9es et d&#8217;une d\u00e9licieuse essence de noix caram\u00e9lis\u00e9es. L&#8217;exp\u00e9rience est encore enrichie par la pr\u00e9sence de noix de muscade et de cannelle, offrant une harmonieuse symphonie de saveurs.  <\/p>\n<\/div>\n<\/div>\n<\/div>\n","protected":false},"featured_media":77383,"comment_status":"open","ping_status":"closed","template":"","meta":{"_acf_changed":false},"product_brand":[],"product_cat":[342,347],"product_tag":[],"class_list":{"0":"post-78621","1":"product","2":"type-product","3":"status-publish","4":"has-post-thumbnail","6":"product_cat-cognac-armagnac-brandy-fr-2","7":"product_cat-spirits-fr","9":"first","10":"instock","11":"taxable","12":"shipping-taxable","13":"purchasable","14":"product-type-simple"},"acf":[],"aioseo_notices":[],"jetpack_sharing_enabled":true,"_links":{"self":[{"href":"https:\/\/whisky.ad\/fr\/wp-json\/wp\/v2\/product\/78621","targetHints":{"allow":["GET"]}}],"collection":[{"href":"https:\/\/whisky.ad\/fr\/wp-json\/wp\/v2\/product"}],"about":[{"href":"https:\/\/whisky.ad\/fr\/wp-json\/wp\/v2\/types\/product"}],"replies":[{"embeddable":true,"href":"https:\/\/whisky.ad\/fr\/wp-json\/wp\/v2\/comments?post=78621"}],"wp:featuredmedia":[{"embeddable":true,"href":"https:\/\/whisky.ad\/fr\/wp-json\/wp\/v2\/media\/77383"}],"wp:attachment":[{"href":"https:\/\/whisky.ad\/fr\/wp-json\/wp\/v2\/media?parent=78621"}],"wp:term":[{"taxonomy":"product_brand","embeddable":true,"href":"https:\/\/whisky.ad\/fr\/wp-json\/wp\/v2\/product_brand?post=78621"},{"taxonomy":"product_cat","embeddable":true,"href":"https:\/\/whisky.ad\/fr\/wp-json\/wp\/v2\/product_cat?post=78621"},{"taxonomy":"product_tag","embeddable":true,"href":"https:\/\/whisky.ad\/fr\/wp-json\/wp\/v2\/product_tag?post=78621"}],"curies":[{"name":"wp","href":"https:\/\/api.w.org\/{rel}","templated":true}]}}