{"id":78611,"date":"2023-08-29T17:48:43","date_gmt":"2023-08-29T16:48:43","guid":{"rendered":"https:\/\/whisky.ad\/product\/cognac-ae-dor-vsop-8yo-0-7l-40\/"},"modified":"2023-08-29T17:48:43","modified_gmt":"2023-08-29T16:48:43","slug":"cognac-ae-dor-vsop-8yo-0-7l-40","status":"publish","type":"product","link":"https:\/\/whisky.ad\/fr\/produit\/cognac-ae-dor-vsop-8yo-0-7l-40\/","title":{"rendered":"Cognac AE DOR VSOP 8yo 0.7L. 40%"},"content":{"rendered":"","protected":false},"excerpt":{"rendered":"<div class=\"flex flex-grow flex-col gap-3 max-w-full\">\n<div class=\"min-h-[20px] flex flex-col items-start gap-3 overflow-x-auto whitespace-pre-wrap break-words\">\n<div class=\"markdown prose w-full break-words dark:prose-invert light\">\n<p>G\u00e9n\u00e9reux et dot\u00e9 d&#8217;un bouquet agr\u00e9able, avec une touche florale de violette, un ar\u00f4me de noix et une l\u00e9g\u00e8re touche de miel au nez. La bouche est longue et d\u00e9licate gr\u00e2ce \u00e0 l&#8217;assemblage des deux meilleurs crus de cognac : Grande Champagne et Petite Champagne, qui lui conf\u00e8rent une l\u00e9g\u00e8re onctuosit\u00e9. Vieilli dans une cave humide. Type de produit : Cognac Pourcentage d&#8217;alcool : 40% C\u00e9page : Ugni Blanc Couleur : Robe brillante \u00c2ge : 8 ans Appellations : Fine Champagne Type de cave : Humide Temp\u00e9rature de service : Temp\u00e9rature de service : ~ 16\u00b0C \u00e0 20\u00b0C Pattes : Abondant Texture : Nez : Floral Premier nez : Complexe, doux, \u00e9quilibr\u00e9 Deuxi\u00e8me nez : Tr\u00e8s floral, notes de violette, de noix, de miel Entr\u00e9e en bouche : D\u00e9licat, Grand bouquet Finale : Persistante Ar\u00f4mes : Notes de caramel, notes \u00e9pic\u00e9es, violette  <\/p>\n<\/div>\n<\/div>\n<\/div>\n<div class=\"flex justify-between lg:block\">\n<div class=\"text-gray-400 flex self-end lg:self-center justify-center mt-2 gap-2 md:gap-3 lg:gap-1 lg:absolute lg:top-0 lg:translate-x-full lg:right-0 lg:mt-0 lg:pl-2 visible\"><\/div>\n<\/div>\n","protected":false},"featured_media":78606,"comment_status":"open","ping_status":"closed","template":"","meta":{"_acf_changed":false},"product_brand":[],"product_cat":[347],"product_tag":[],"class_list":{"0":"post-78611","1":"product","2":"type-product","3":"status-publish","4":"has-post-thumbnail","6":"product_cat-spirits-fr","8":"first","9":"instock","10":"taxable","11":"shipping-taxable","12":"purchasable","13":"product-type-simple"},"acf":[],"aioseo_notices":[],"jetpack_sharing_enabled":true,"_links":{"self":[{"href":"https:\/\/whisky.ad\/fr\/wp-json\/wp\/v2\/product\/78611","targetHints":{"allow":["GET"]}}],"collection":[{"href":"https:\/\/whisky.ad\/fr\/wp-json\/wp\/v2\/product"}],"about":[{"href":"https:\/\/whisky.ad\/fr\/wp-json\/wp\/v2\/types\/product"}],"replies":[{"embeddable":true,"href":"https:\/\/whisky.ad\/fr\/wp-json\/wp\/v2\/comments?post=78611"}],"wp:featuredmedia":[{"embeddable":true,"href":"https:\/\/whisky.ad\/fr\/wp-json\/wp\/v2\/media\/78606"}],"wp:attachment":[{"href":"https:\/\/whisky.ad\/fr\/wp-json\/wp\/v2\/media?parent=78611"}],"wp:term":[{"taxonomy":"product_brand","embeddable":true,"href":"https:\/\/whisky.ad\/fr\/wp-json\/wp\/v2\/product_brand?post=78611"},{"taxonomy":"product_cat","embeddable":true,"href":"https:\/\/whisky.ad\/fr\/wp-json\/wp\/v2\/product_cat?post=78611"},{"taxonomy":"product_tag","embeddable":true,"href":"https:\/\/whisky.ad\/fr\/wp-json\/wp\/v2\/product_tag?post=78611"}],"curies":[{"name":"wp","href":"https:\/\/api.w.org\/{rel}","templated":true}]}}