{"id":78608,"date":"2023-08-29T18:13:30","date_gmt":"2023-08-29T17:13:30","guid":{"rendered":"https:\/\/whisky.ad\/product\/cognac-ae-dor-vielle-reserve-no-9-1914-grande-champagne-0-7l-40\/"},"modified":"2023-08-29T18:13:30","modified_gmt":"2023-08-29T17:13:30","slug":"cognac-ae-dor-vielle-reserve-no-9-1914-grande-champagne-0-7l-40","status":"publish","type":"product","link":"https:\/\/whisky.ad\/fr\/produit\/cognac-ae-dor-vielle-reserve-no-9-1914-grande-champagne-0-7l-40\/","title":{"rendered":"Cognac AE DOR Vielle Reserve no.9 1914 Grande Champagne 0.7l 40%"},"content":{"rendered":"","protected":false},"excerpt":{"rendered":"<div class=\"flex flex-grow flex-col gap-3 max-w-full\">\n<div class=\"min-h-[20px] flex flex-col items-start gap-3 overflow-x-auto whitespace-pre-wrap break-words\">\n<div class=\"markdown prose w-full break-words dark:prose-invert light\">\n<p>S\u00e9lectionn\u00e9e par M. DENIEUL DOR, cette r\u00e9serve est rare et exceptionnelle par son \u00e2ge et ses qualit\u00e9s. Elle constitue un lot limit\u00e9 stock\u00e9 dans quelques bonbonnes. Apr\u00e8s plus d&#8217;un demi-si\u00e8cle en f\u00fbts, elle a \u00e9t\u00e9 scell\u00e9e sous verre dans une bonbonne. Sa teneur en alcool, 40 % vol, est le r\u00e9sultat d&#8217;un vieillissement tr\u00e8s long et de l&#8217;\u00e9vaporation correspondante. Son go\u00fbt tr\u00e8s caract\u00e9ristique de &#8220;rancio&#8221; est tr\u00e8s recherch\u00e9 par les connaisseurs. Cet ar\u00f4me est aussi la preuve de son authenticit\u00e9, il illustre sa personnalit\u00e9. Ce VIEILLE R\u00c9SERVE N\u00b09 fait partie du &#8220;Paradis&#8221; d&#8217;A.E. DOR, aux c\u00f4t\u00e9s des c\u00e9l\u00e8bres tr\u00e8s vieux Grands Champagnes du 19\u00e8me si\u00e8cle.<\/p>\n<p>Type de produit : Cognac Pourcentage d&#8217;alcool : 40 % C\u00e9page : Ugni Blanc Ugni Blanc Couleur : Robe brillante \u00c2ge : Contient des eaux-de-vie de 1914 Appellations : Fins Bois, Grande Champagne Type de cave : Humide Temp\u00e9rature de service : ~ 16\u00b0C \u00e0 20\u00b0C Pattes : Abondante Texture : Nez : Rancio Aromes : Rancio : Rancio.<\/p>\n<\/div>\n<\/div>\n<\/div>\n","protected":false},"featured_media":77494,"comment_status":"open","ping_status":"closed","template":"","meta":{"_acf_changed":false},"product_brand":[],"product_cat":[341,342,347],"product_tag":[],"class_list":{"0":"post-78608","1":"product","2":"type-product","3":"status-publish","4":"has-post-thumbnail","6":"product_cat-rare-de-collection","7":"product_cat-cognac-armagnac-brandy-fr-2","8":"product_cat-spirits-fr","10":"first","11":"instock","12":"taxable","13":"shipping-taxable","14":"product-type-simple"},"acf":[],"aioseo_notices":[],"jetpack_sharing_enabled":true,"_links":{"self":[{"href":"https:\/\/whisky.ad\/fr\/wp-json\/wp\/v2\/product\/78608","targetHints":{"allow":["GET"]}}],"collection":[{"href":"https:\/\/whisky.ad\/fr\/wp-json\/wp\/v2\/product"}],"about":[{"href":"https:\/\/whisky.ad\/fr\/wp-json\/wp\/v2\/types\/product"}],"replies":[{"embeddable":true,"href":"https:\/\/whisky.ad\/fr\/wp-json\/wp\/v2\/comments?post=78608"}],"wp:featuredmedia":[{"embeddable":true,"href":"https:\/\/whisky.ad\/fr\/wp-json\/wp\/v2\/media\/77494"}],"wp:attachment":[{"href":"https:\/\/whisky.ad\/fr\/wp-json\/wp\/v2\/media?parent=78608"}],"wp:term":[{"taxonomy":"product_brand","embeddable":true,"href":"https:\/\/whisky.ad\/fr\/wp-json\/wp\/v2\/product_brand?post=78608"},{"taxonomy":"product_cat","embeddable":true,"href":"https:\/\/whisky.ad\/fr\/wp-json\/wp\/v2\/product_cat?post=78608"},{"taxonomy":"product_tag","embeddable":true,"href":"https:\/\/whisky.ad\/fr\/wp-json\/wp\/v2\/product_tag?post=78608"}],"curies":[{"name":"wp","href":"https:\/\/api.w.org\/{rel}","templated":true}]}}