{"id":78592,"date":"2023-08-29T18:07:35","date_gmt":"2023-08-29T17:07:35","guid":{"rendered":"https:\/\/whisky.ad\/product\/cognac-ae-dor-vielle-reserve-no-8-45yo-grande-champagne-0-7l-47\/"},"modified":"2023-08-29T18:07:35","modified_gmt":"2023-08-29T17:07:35","slug":"cognac-ae-dor-vielle-reserve-no-8-45yo-grande-champagne-0-7l-47","status":"publish","type":"product","link":"https:\/\/whisky.ad\/fr\/produit\/cognac-ae-dor-vielle-reserve-no-8-45yo-grande-champagne-0-7l-47\/","title":{"rendered":"Cognac AE DOR Vielle Reserve no.8 45yo Grande Champagne 0.7l 47%"},"content":{"rendered":"","protected":false},"excerpt":{"rendered":"<div class=\"flex flex-grow flex-col gap-3 max-w-full\">\n<div class=\"min-h-[20px] flex flex-col items-start gap-3 overflow-x-auto whitespace-pre-wrap break-words\">\n<div class=\"markdown prose w-full break-words dark:prose-invert light\">\n<p>Surprenant de fra\u00eecheur. La Vieille R\u00e9serve N\u00b08 ne pr\u00e9sente aucune agressivit\u00e9 en bouche, malgr\u00e9 son degr\u00e9 d&#8217;alcool \u00e9lev\u00e9. Ce privil\u00e8ge est le r\u00e9sultat d&#8217;un vieillissement prolong\u00e9 en f\u00fbts de ch\u00eane et d&#8217;une \u00e9vaporation et d&#8217;une oxydation lentes dans des conditions optimales. Type de produit : Cognac Pourcentage d&#8217;alcool : 47% C\u00e9page : Ugni Blanc Couleur : Robe brillante \u00c2ge :  <\/p>\n<p> &gt; 45 ans Appellations : Grande Champagne Type de cave : Sec Temp\u00e9rature de service : ~ 16\u00b0C \u00e0 20\u00b0C Pattes : Abondante Texture : Nez : Notes de caramel Premier nez : Caramel, Fruits l\u00e9g\u00e8rement compot\u00e9s Deuxi\u00e8me nez : Vanille, L\u00e9g\u00e8rement beurr\u00e9 Entr\u00e9e en bouche : Rafra\u00eechissante, L\u00e9g\u00e8rement sucr\u00e9e, Presque douce Finale : Persistante Ar\u00f4mes : Cannelle, rancio subtil, \u00e9pices intenses.<\/p>\n<\/div>\n<\/div>\n<\/div>\n","protected":false},"featured_media":77491,"comment_status":"open","ping_status":"closed","template":"","meta":{"_acf_changed":false},"product_brand":[],"product_cat":[341,342,347],"product_tag":[],"class_list":{"0":"post-78592","1":"product","2":"type-product","3":"status-publish","4":"has-post-thumbnail","6":"product_cat-rare-de-collection","7":"product_cat-cognac-armagnac-brandy-fr-2","8":"product_cat-spirits-fr","10":"first","11":"instock","12":"taxable","13":"shipping-taxable","14":"purchasable","15":"product-type-simple"},"acf":[],"aioseo_notices":[],"jetpack_sharing_enabled":true,"_links":{"self":[{"href":"https:\/\/whisky.ad\/fr\/wp-json\/wp\/v2\/product\/78592","targetHints":{"allow":["GET"]}}],"collection":[{"href":"https:\/\/whisky.ad\/fr\/wp-json\/wp\/v2\/product"}],"about":[{"href":"https:\/\/whisky.ad\/fr\/wp-json\/wp\/v2\/types\/product"}],"replies":[{"embeddable":true,"href":"https:\/\/whisky.ad\/fr\/wp-json\/wp\/v2\/comments?post=78592"}],"wp:featuredmedia":[{"embeddable":true,"href":"https:\/\/whisky.ad\/fr\/wp-json\/wp\/v2\/media\/77491"}],"wp:attachment":[{"href":"https:\/\/whisky.ad\/fr\/wp-json\/wp\/v2\/media?parent=78592"}],"wp:term":[{"taxonomy":"product_brand","embeddable":true,"href":"https:\/\/whisky.ad\/fr\/wp-json\/wp\/v2\/product_brand?post=78592"},{"taxonomy":"product_cat","embeddable":true,"href":"https:\/\/whisky.ad\/fr\/wp-json\/wp\/v2\/product_cat?post=78592"},{"taxonomy":"product_tag","embeddable":true,"href":"https:\/\/whisky.ad\/fr\/wp-json\/wp\/v2\/product_tag?post=78592"}],"curies":[{"name":"wp","href":"https:\/\/api.w.org\/{rel}","templated":true}]}}