{"id":78589,"date":"2023-08-29T18:04:46","date_gmt":"2023-08-29T17:04:46","guid":{"rendered":"https:\/\/whisky.ad\/product\/cognac-ae-dor-vielle-reserve-no-7-40yo-grande-champagne-0-7l-42\/"},"modified":"2023-08-29T18:04:46","modified_gmt":"2023-08-29T17:04:46","slug":"cognac-ae-dor-vielle-reserve-no-7-40yo-grande-champagne-0-7l-42","status":"publish","type":"product","link":"https:\/\/whisky.ad\/fr\/produit\/cognac-ae-dor-vielle-reserve-no-7-40yo-grande-champagne-0-7l-42\/","title":{"rendered":"Cognac AE DOR Vielle Reserve no.7 40yo Grande Champagne 0.7l 42%"},"content":{"rendered":"","protected":false},"excerpt":{"rendered":"<div class=\"flex flex-grow flex-col gap-3 max-w-full\">\n<div class=\"min-h-[20px] flex flex-col items-start gap-3 overflow-x-auto whitespace-pre-wrap break-words\">\n<div class=\"markdown prose w-full break-words dark:prose-invert light\">\n<p>Un nez masculin et robuste ! Ce cognac est particuli\u00e8rement recommand\u00e9 aux connaisseurs. Il poss\u00e8de une entr\u00e9e en bouche puissante qui en surprend plus d&#8217;un. Il s&#8217;affine sur le palais du d\u00e9gustateur qui se d\u00e9lecte de la rondeur et de la distinction de ce cognac. Principalement issu du cru Grande Champagne. Type de produit : Cognac Pourcentage d&#8217;alcool : 42% C\u00e9page : Ugni Blanc Couleur : Robe brillante \u00c2ge :    <\/p>\n<p> &gt; 40 ans Appellations : Grande Champagne Type de cave : Sec Temp\u00e9rature de service : ~ 16\u00b0C \u00e0 20\u00b0C Pattes : Abondante Texture : Nez : Complexe, Masculin Premier nez : Viril, ardent Deuxi\u00e8me nez : Caramel Entr\u00e9e en bouche : Ronde, puissante Finale : Ar\u00f4mes : Subtil rancio, L\u00e9g\u00e8rement cuir, Persistant.<\/p>\n<\/div>\n<\/div>\n<\/div>\n","protected":false},"featured_media":77488,"comment_status":"open","ping_status":"closed","template":"","meta":{"_acf_changed":false},"product_brand":[],"product_cat":[341,342,347],"product_tag":[],"class_list":{"0":"post-78589","1":"product","2":"type-product","3":"status-publish","4":"has-post-thumbnail","6":"product_cat-rare-de-collection","7":"product_cat-cognac-armagnac-brandy-fr-2","8":"product_cat-spirits-fr","10":"first","11":"instock","12":"taxable","13":"shipping-taxable","14":"purchasable","15":"product-type-simple"},"acf":[],"aioseo_notices":[],"jetpack_sharing_enabled":true,"_links":{"self":[{"href":"https:\/\/whisky.ad\/fr\/wp-json\/wp\/v2\/product\/78589","targetHints":{"allow":["GET"]}}],"collection":[{"href":"https:\/\/whisky.ad\/fr\/wp-json\/wp\/v2\/product"}],"about":[{"href":"https:\/\/whisky.ad\/fr\/wp-json\/wp\/v2\/types\/product"}],"replies":[{"embeddable":true,"href":"https:\/\/whisky.ad\/fr\/wp-json\/wp\/v2\/comments?post=78589"}],"wp:featuredmedia":[{"embeddable":true,"href":"https:\/\/whisky.ad\/fr\/wp-json\/wp\/v2\/media\/77488"}],"wp:attachment":[{"href":"https:\/\/whisky.ad\/fr\/wp-json\/wp\/v2\/media?parent=78589"}],"wp:term":[{"taxonomy":"product_brand","embeddable":true,"href":"https:\/\/whisky.ad\/fr\/wp-json\/wp\/v2\/product_brand?post=78589"},{"taxonomy":"product_cat","embeddable":true,"href":"https:\/\/whisky.ad\/fr\/wp-json\/wp\/v2\/product_cat?post=78589"},{"taxonomy":"product_tag","embeddable":true,"href":"https:\/\/whisky.ad\/fr\/wp-json\/wp\/v2\/product_tag?post=78589"}],"curies":[{"name":"wp","href":"https:\/\/api.w.org\/{rel}","templated":true}]}}