{"id":78586,"date":"2023-08-29T18:01:23","date_gmt":"2023-08-29T17:01:23","guid":{"rendered":"https:\/\/whisky.ad\/product\/cognac-ae-dor-vielle-reserve-no-6-35yo-grande-champagne-0-7l-40\/"},"modified":"2023-08-29T18:01:23","modified_gmt":"2023-08-29T17:01:23","slug":"cognac-ae-dor-vielle-reserve-no-6-35yo-grande-champagne-0-7l-40","status":"publish","type":"product","link":"https:\/\/whisky.ad\/fr\/produit\/cognac-ae-dor-vielle-reserve-no-6-35yo-grande-champagne-0-7l-40\/","title":{"rendered":"Cognac AE DOR Vielle Reserve no.6 35yo Grande Champagne 0.7l 40%"},"content":{"rendered":"","protected":false},"excerpt":{"rendered":"<div class=\"flex flex-grow flex-col gap-3 max-w-full\">\n<div class=\"min-h-[20px] flex flex-col items-start gap-3 overflow-x-auto whitespace-pre-wrap break-words\">\n<div class=\"markdown prose w-full break-words dark:prose-invert light\">\n<p>L&#8217;A.E. DOR N\u00b06 provient exclusivement de Grande Champagne. Incroyablement onctueux, il reste longtemps en bouche. Il incarne la finesse parfaite. A.E. DOR N\u00b06 est un cognac de tr\u00e8s grande classe. Son vieillissement prolong\u00e9 dans une cave humide lui conf\u00e8re une d\u00e9licatesse exquise. Type de produit : Cognac Pourcentage d&#8217;alcool : 40% C\u00e9page : Ugni Blanc Couleur : Robe brillante \u00c2ge :    <\/p>\n<p> &gt; 35 ans Appellations : Grande Champagne Type de cave : Humide Temp\u00e9rature de service : ~ 16\u00b0C \u00e0 20\u00b0C Pattes : Texture abondante : Nez : L\u00e9g\u00e8rement fruit\u00e9, notes de vanille, chocolat Premier nez : Subtil rancio Deuxi\u00e8me nez : Caramel, fruit\u00e9 Entr\u00e9e en bouche : Ronde, riche Finale : Ar\u00f4mes : Fleurs de printemps, L\u00e9g\u00e8rement \u00e9pic\u00e9, Notes florales<\/p>\n<\/div>\n<\/div>\n<\/div>\n","protected":false},"featured_media":77485,"comment_status":"open","ping_status":"closed","template":"","meta":{"_acf_changed":false},"product_brand":[],"product_cat":[347,342],"product_tag":[],"class_list":{"0":"post-78586","1":"product","2":"type-product","3":"status-publish","4":"has-post-thumbnail","6":"product_cat-spirits-fr","7":"product_cat-cognac-armagnac-brandy-fr-2","9":"first","10":"instock","11":"taxable","12":"shipping-taxable","13":"purchasable","14":"product-type-simple"},"acf":[],"aioseo_notices":[],"jetpack_sharing_enabled":true,"_links":{"self":[{"href":"https:\/\/whisky.ad\/fr\/wp-json\/wp\/v2\/product\/78586","targetHints":{"allow":["GET"]}}],"collection":[{"href":"https:\/\/whisky.ad\/fr\/wp-json\/wp\/v2\/product"}],"about":[{"href":"https:\/\/whisky.ad\/fr\/wp-json\/wp\/v2\/types\/product"}],"replies":[{"embeddable":true,"href":"https:\/\/whisky.ad\/fr\/wp-json\/wp\/v2\/comments?post=78586"}],"wp:featuredmedia":[{"embeddable":true,"href":"https:\/\/whisky.ad\/fr\/wp-json\/wp\/v2\/media\/77485"}],"wp:attachment":[{"href":"https:\/\/whisky.ad\/fr\/wp-json\/wp\/v2\/media?parent=78586"}],"wp:term":[{"taxonomy":"product_brand","embeddable":true,"href":"https:\/\/whisky.ad\/fr\/wp-json\/wp\/v2\/product_brand?post=78586"},{"taxonomy":"product_cat","embeddable":true,"href":"https:\/\/whisky.ad\/fr\/wp-json\/wp\/v2\/product_cat?post=78586"},{"taxonomy":"product_tag","embeddable":true,"href":"https:\/\/whisky.ad\/fr\/wp-json\/wp\/v2\/product_tag?post=78586"}],"curies":[{"name":"wp","href":"https:\/\/api.w.org\/{rel}","templated":true}]}}