{"id":78580,"date":"2023-08-29T18:16:57","date_gmt":"2023-08-29T17:16:57","guid":{"rendered":"https:\/\/whisky.ad\/product\/cognac-ae-dor-vielle-reserve-no-10-1962-grande-champagne-0-7l-415\/"},"modified":"2023-08-29T18:16:57","modified_gmt":"2023-08-29T17:16:57","slug":"cognac-ae-dor-vielle-reserve-no-10-1962-grande-champagne-0-7l-415","status":"publish","type":"product","link":"https:\/\/whisky.ad\/fr\/produit\/cognac-ae-dor-vielle-reserve-no-10-1962-grande-champagne-0-7l-415\/","title":{"rendered":"Cognac AE DOR Vielle Reserve no.10 1962 Grande Champagne 0.7l 41,5%"},"content":{"rendered":"","protected":false},"excerpt":{"rendered":"<div class=\"flex flex-grow flex-col gap-3 max-w-full\">\n<div class=\"min-h-[20px] flex flex-col items-start gap-3 overflow-x-auto whitespace-pre-wrap break-words\">\n<div class=\"markdown prose w-full break-words dark:prose-invert light\">\n<p>Un tr\u00e9sor familial limit\u00e9 d\u00e9couvert r\u00e9cemment dans une petite cave d&#8217;un domaine situ\u00e9 en Grande Champagne pr\u00e8s de Ligni\u00e8re-Sonneville. Cette r\u00e9serve &#8220;cask strength&#8221; a \u00e9t\u00e9 recueillie dans des bonbonnes en verre, \u00e0 sa pl\u00e9nitude en 1962, ayant atteint 41,5% apr\u00e8s une longue et lente \u00e9vaporation. Au nez, il r\u00e9v\u00e8le sa noblesse, sa distinction et son caract\u00e8re complet avec des ar\u00f4mes floraux. En bouche, il impressionne par sa longueur, sa douceur, son \u00e9quilibre et sa clart\u00e9. Type de produit : Cognac Pourcentage d&#8217;alcool : 41,5 C\u00e9page : Ugni Blanc Couleur : Robe brillante \u00c2ge : 1962 Appellations : Grande Champagne Temp\u00e9rature de service : ~ 16\u00b0C \u00e0 20\u00b0C Pattes : Abondante Texture : Sympathique   <\/p>\n<\/div>\n<\/div>\n<\/div>\n","protected":false},"featured_media":77497,"comment_status":"open","ping_status":"closed","template":"","meta":{"_acf_changed":false},"product_brand":[],"product_cat":[341,342,347],"product_tag":[],"class_list":{"0":"post-78580","1":"product","2":"type-product","3":"status-publish","4":"has-post-thumbnail","6":"product_cat-rare-de-collection","7":"product_cat-cognac-armagnac-brandy-fr-2","8":"product_cat-spirits-fr","10":"first","11":"instock","12":"taxable","13":"shipping-taxable","14":"product-type-simple"},"acf":[],"aioseo_notices":[],"jetpack_sharing_enabled":true,"_links":{"self":[{"href":"https:\/\/whisky.ad\/fr\/wp-json\/wp\/v2\/product\/78580","targetHints":{"allow":["GET"]}}],"collection":[{"href":"https:\/\/whisky.ad\/fr\/wp-json\/wp\/v2\/product"}],"about":[{"href":"https:\/\/whisky.ad\/fr\/wp-json\/wp\/v2\/types\/product"}],"replies":[{"embeddable":true,"href":"https:\/\/whisky.ad\/fr\/wp-json\/wp\/v2\/comments?post=78580"}],"wp:featuredmedia":[{"embeddable":true,"href":"https:\/\/whisky.ad\/fr\/wp-json\/wp\/v2\/media\/77497"}],"wp:attachment":[{"href":"https:\/\/whisky.ad\/fr\/wp-json\/wp\/v2\/media?parent=78580"}],"wp:term":[{"taxonomy":"product_brand","embeddable":true,"href":"https:\/\/whisky.ad\/fr\/wp-json\/wp\/v2\/product_brand?post=78580"},{"taxonomy":"product_cat","embeddable":true,"href":"https:\/\/whisky.ad\/fr\/wp-json\/wp\/v2\/product_cat?post=78580"},{"taxonomy":"product_tag","embeddable":true,"href":"https:\/\/whisky.ad\/fr\/wp-json\/wp\/v2\/product_tag?post=78580"}],"curies":[{"name":"wp","href":"https:\/\/api.w.org\/{rel}","templated":true}]}}