{"id":78576,"date":"2023-08-29T17:25:15","date_gmt":"2023-08-29T16:25:15","guid":{"rendered":"https:\/\/whisky.ad\/product\/cognac-ae-dor-napoleon-18yo-0-7l-40\/"},"modified":"2024-01-06T13:26:38","modified_gmt":"2024-01-06T12:26:38","slug":"cognac-ae-dor-napoleon-18yo-0-7l-40","status":"publish","type":"product","link":"https:\/\/whisky.ad\/fr\/produit\/cognac-ae-dor-napoleon-18yo-0-7l-40\/","title":{"rendered":"Cognac AE DOR Napoleon 18yo 0.7l 40%"},"content":{"rendered":"","protected":false},"excerpt":{"rendered":"<div class=\"flex flex-grow flex-col gap-3 max-w-full\">\n<div class=\"min-h-[20px] flex flex-col items-start gap-3 overflow-x-auto whitespace-pre-wrap break-words\">\n<div class=\"markdown prose w-full break-words dark:prose-invert light\">\n<p>La barreja perfecta de tres territoris diferents de la regi\u00f3. \u00c9s una fusi\u00f3 de la maduresa de Petite Champagne, el vigor i vivaces de Borderies, aix\u00ed com el final i la durada de la Grande Champagne. A nariz, notes especiades amb un delicat toque de vainilla. Aquest conyac es caracteritza pel seu car\u00e0cter dol\u00e7 i atractiu. Enviament a un celler sec. Tipus de producte: Co\u00f1ac Percentatge d&#8217;alcohol: 40% Varietat d&#8217;uva: Ugni Blanc Color: Robe Brillante Edat: 18 anys Descripcions: Grande Champagne, Petite Champagne, Borderies Tipus de celler: Temperatura de servei: ~ 16 \u00b0C a 20 \u00b0C Piernas: Abundant Textura: Almibarado Nariz: Notes especiadas, toques de chocolate Nariz inicial: Potente, Complejo Segunda nariz: Ligero chocolate Entrada en boca: Potente, Largo, Persistente Final: Persistent Aromas: Amaderado, Notas especiadas, Chocolatoso <\/p>\n<\/div>\n<\/div>\n<\/div>\n","protected":false},"featured_media":78601,"comment_status":"open","ping_status":"closed","template":"","meta":{"_acf_changed":false},"product_brand":[],"product_cat":[342,347],"product_tag":[],"class_list":{"0":"post-78576","1":"product","2":"type-product","3":"status-publish","4":"has-post-thumbnail","6":"product_cat-cognac-armagnac-brandy-fr-2","7":"product_cat-spirits-fr","9":"first","10":"instock","11":"taxable","12":"shipping-taxable","13":"purchasable","14":"product-type-simple"},"acf":[],"aioseo_notices":[],"jetpack_sharing_enabled":true,"_links":{"self":[{"href":"https:\/\/whisky.ad\/fr\/wp-json\/wp\/v2\/product\/78576","targetHints":{"allow":["GET"]}}],"collection":[{"href":"https:\/\/whisky.ad\/fr\/wp-json\/wp\/v2\/product"}],"about":[{"href":"https:\/\/whisky.ad\/fr\/wp-json\/wp\/v2\/types\/product"}],"replies":[{"embeddable":true,"href":"https:\/\/whisky.ad\/fr\/wp-json\/wp\/v2\/comments?post=78576"}],"wp:featuredmedia":[{"embeddable":true,"href":"https:\/\/whisky.ad\/fr\/wp-json\/wp\/v2\/media\/78601"}],"wp:attachment":[{"href":"https:\/\/whisky.ad\/fr\/wp-json\/wp\/v2\/media?parent=78576"}],"wp:term":[{"taxonomy":"product_brand","embeddable":true,"href":"https:\/\/whisky.ad\/fr\/wp-json\/wp\/v2\/product_brand?post=78576"},{"taxonomy":"product_cat","embeddable":true,"href":"https:\/\/whisky.ad\/fr\/wp-json\/wp\/v2\/product_cat?post=78576"},{"taxonomy":"product_tag","embeddable":true,"href":"https:\/\/whisky.ad\/fr\/wp-json\/wp\/v2\/product_tag?post=78576"}],"curies":[{"name":"wp","href":"https:\/\/api.w.org\/{rel}","templated":true}]}}