{"id":78573,"date":"2023-08-29T17:53:11","date_gmt":"2023-08-29T16:53:11","guid":{"rendered":"https:\/\/whisky.ad\/product\/cognac-ae-dor-for-cigar-20yo-0-7l-42\/"},"modified":"2024-01-06T13:21:15","modified_gmt":"2024-01-06T12:21:15","slug":"cognac-ae-dor-for-cigar-20yo-0-7l-42","status":"publish","type":"product","link":"https:\/\/whisky.ad\/fr\/produit\/cognac-ae-dor-for-cigar-20yo-0-7l-42\/","title":{"rendered":"Cognac AE DOR For Cigar 20yo 0.7l 42%"},"content":{"rendered":"","protected":false},"excerpt":{"rendered":"<div class=\"flex flex-grow flex-col gap-3 max-w-full\">\n<div class=\"min-h-[20px] flex flex-col items-start gap-3 overflow-x-auto whitespace-pre-wrap break-words\">\n<div class=\"markdown prose w-full break-words dark:prose-invert light\">\n<p>Pour \u00e9laborer ce cognac, la maison A.E. DOR a proc\u00e9d\u00e9 \u00e0 l&#8217;assemblage minutieux de diff\u00e9rents crus, dont les plus nobles. Ce cognac allie harmonieusement la finesse \u00e0 un caract\u00e8re robuste et structur\u00e9, con\u00e7u pour accentuer et int\u00e9grer les nuances aromatiques apport\u00e9es par les cigares. Vieilli et volontairement conserv\u00e9 dans des f\u00fbts neufs, \u00e0 l&#8217;encontre des conventions. Le ch\u00eane neuf apporte un subtil exc\u00e8s de &#8220;bois\u00e9&#8221; qui, associ\u00e9 \u00e0 un degr\u00e9 plus \u00e9lev\u00e9 (42%), offre un cognac parfait pour les connaisseurs avertis. Type de produit : Cognac Pourcentage d&#8217;alcool : 42% C\u00e9page : Ugni Blanc Couleur : Robe brillante \u00c2ge :   <\/p>\n<p> &gt; 20 ans Appellations : Fins Bois, Grande Champagne, Petite Champagne Type de cave : Sec Temp\u00e9rature de service : ~ 16\u00b0C \u00e0 20\u00b0C Pattes : Abondant Texture : Nez : Riche, expressif Premier nez : Puissant, bois\u00e9, riche Deuxi\u00e8me nez : Bois\u00e9, \u00e9pices douces, fruit\u00e9, riche Entr\u00e9e en bouche : Sec, structur\u00e9 Finale : Puissante Ar\u00f4mes : Robuste, bois\u00e9, chocolat\u00e9, l\u00e9g\u00e8rement fruit\u00e9, vieilli<\/p>\n<\/div>\n<\/div>\n<\/div>\n<div class=\"flex justify-between lg:block\">\n<div class=\"text-gray-400 flex self-end lg:self-center justify-center mt-2 gap-2 md:gap-3 lg:gap-1 lg:absolute lg:top-0 lg:translate-x-full lg:right-0 lg:mt-0 lg:pl-2 visible\"><\/div>\n<\/div>\n<div class=\"flex-1 overflow-hidden\">\n<div class=\"react-scroll-to-bottom--css-xkuna-79elbk h-full dark:bg-gray-800\">\n<div class=\"react-scroll-to-bottom--css-xkuna-1n7m0yu\">\n<div class=\"flex flex-col text-sm dark:bg-gray-800\">\n<div class=\"h-32 md:h-48 flex-shrink-0\"><\/div>\n<\/div>\n<\/div>\n<\/div>\n<\/div>\n<div class=\"absolute bottom-0 left-0 w-full border-t md:border-t-0 dark:border-white\/20 md:border-transparent md:dark:border-transparent md:bg-vert-light-gradient bg-white dark:bg-gray-800 md:!bg-transparent dark:md:bg-vert-dark-gradient pt-2 md:pl-2 md:w-[calc(100%-.5rem)]\">\n<form class=\"stretch mx-2 flex flex-row gap-3 last:mb-2 md:mx-4 md:last:mb-6 lg:mx-auto lg:max-w-2xl xl:max-w-3xl\">\n<div class=\"relative flex h-full flex-1 items-stretch md:flex-col\">\n<div>\n<div class=\"h-full flex ml-1 md:w-full md:m-auto md:mb-4 gap-0 md:gap-2 justify-center\">\n<div class=\"grow\"><\/div>\n<\/div>\n<\/div>\n<\/div>\n<\/form>\n<\/div>\n","protected":false},"featured_media":78596,"comment_status":"open","ping_status":"closed","template":"","meta":{"_acf_changed":false},"product_brand":[],"product_cat":[347,342],"product_tag":[],"class_list":{"0":"post-78573","1":"product","2":"type-product","3":"status-publish","4":"has-post-thumbnail","6":"product_cat-spirits-fr","7":"product_cat-cognac-armagnac-brandy-fr-2","9":"first","10":"instock","11":"taxable","12":"shipping-taxable","13":"purchasable","14":"product-type-simple"},"acf":[],"aioseo_notices":[],"jetpack_sharing_enabled":true,"_links":{"self":[{"href":"https:\/\/whisky.ad\/fr\/wp-json\/wp\/v2\/product\/78573","targetHints":{"allow":["GET"]}}],"collection":[{"href":"https:\/\/whisky.ad\/fr\/wp-json\/wp\/v2\/product"}],"about":[{"href":"https:\/\/whisky.ad\/fr\/wp-json\/wp\/v2\/types\/product"}],"replies":[{"embeddable":true,"href":"https:\/\/whisky.ad\/fr\/wp-json\/wp\/v2\/comments?post=78573"}],"wp:featuredmedia":[{"embeddable":true,"href":"https:\/\/whisky.ad\/fr\/wp-json\/wp\/v2\/media\/78596"}],"wp:attachment":[{"href":"https:\/\/whisky.ad\/fr\/wp-json\/wp\/v2\/media?parent=78573"}],"wp:term":[{"taxonomy":"product_brand","embeddable":true,"href":"https:\/\/whisky.ad\/fr\/wp-json\/wp\/v2\/product_brand?post=78573"},{"taxonomy":"product_cat","embeddable":true,"href":"https:\/\/whisky.ad\/fr\/wp-json\/wp\/v2\/product_cat?post=78573"},{"taxonomy":"product_tag","embeddable":true,"href":"https:\/\/whisky.ad\/fr\/wp-json\/wp\/v2\/product_tag?post=78573"}],"curies":[{"name":"wp","href":"https:\/\/api.w.org\/{rel}","templated":true}]}}