{"id":78569,"date":"2023-08-29T17:30:07","date_gmt":"2023-08-29T16:30:07","guid":{"rendered":"https:\/\/whisky.ad\/product\/cognac-ae-dor-embleme-12yo-0-7l-40\/"},"modified":"2024-01-06T13:23:42","modified_gmt":"2024-01-06T12:23:42","slug":"cognac-ae-dor-embleme-12yo-0-7l-40","status":"publish","type":"product","link":"https:\/\/whisky.ad\/fr\/produit\/cognac-ae-dor-embleme-12yo-0-7l-40\/","title":{"rendered":"Cognac AE DOR Embl\u00e8me 12yo 0.7l 40%"},"content":{"rendered":"","protected":false},"excerpt":{"rendered":"<div class=\"flex flex-grow flex-col gap-3 max-w-full\">\n<div class=\"min-h-[20px] flex flex-col items-start gap-3 overflow-x-auto whitespace-pre-wrap break-words\">\n<div class=\"markdown prose w-full break-words dark:prose-invert light\">\n<p>Le cognac EMBLEME est un assemblage parfait de deux crus de la r\u00e9gion : Grande Champagne et Fins Bois. Il a vieilli en f\u00fbts de ch\u00eane pendant de nombreuses ann\u00e9es dans les chais de la soci\u00e9t\u00e9 A.E. DOR \u00e0 Jarnac. Au nez, les ar\u00f4mes de vanille et d&#8217;abricot s&#8217;harmonisent avec une note subtile de chocolat. La bouche est tr\u00e8s agr\u00e9able et \u00e9l\u00e9gante. Type de produit : Cognac Pourcentage d&#8217;alcool : 40% C\u00e9page : Ugni Blanc Couleur : Robe brillante \u00c2ge :<\/p>\n<p> &gt; 12 ans Appellations : Fins Bois, Grande Champagne Type de cave : Humide Temp\u00e9rature de service : ~ 16\u00b0C \u00e0 20\u00b0C Pattes : Abondant Texture : Nez : El\u00e9gant Premier nez : Intense Deuxi\u00e8me nez : L\u00e9ger chocolat, se d\u00e9veloppe avec le temps Entr\u00e9e en bouche : Ample Finale : Ar\u00f4mes : L\u00e9g\u00e8rement abricot, Notes de chocolat, Vanille<\/p>\n<\/div>\n<\/div>\n<\/div>\n","protected":false},"featured_media":78616,"comment_status":"open","ping_status":"closed","template":"","meta":{"_acf_changed":false},"product_brand":[],"product_cat":[342,347],"product_tag":[],"class_list":{"0":"post-78569","1":"product","2":"type-product","3":"status-publish","4":"has-post-thumbnail","6":"product_cat-cognac-armagnac-brandy-fr-2","7":"product_cat-spirits-fr","9":"first","10":"instock","11":"taxable","12":"shipping-taxable","13":"purchasable","14":"product-type-simple"},"acf":[],"aioseo_notices":[],"jetpack_sharing_enabled":true,"_links":{"self":[{"href":"https:\/\/whisky.ad\/fr\/wp-json\/wp\/v2\/product\/78569","targetHints":{"allow":["GET"]}}],"collection":[{"href":"https:\/\/whisky.ad\/fr\/wp-json\/wp\/v2\/product"}],"about":[{"href":"https:\/\/whisky.ad\/fr\/wp-json\/wp\/v2\/types\/product"}],"replies":[{"embeddable":true,"href":"https:\/\/whisky.ad\/fr\/wp-json\/wp\/v2\/comments?post=78569"}],"wp:featuredmedia":[{"embeddable":true,"href":"https:\/\/whisky.ad\/fr\/wp-json\/wp\/v2\/media\/78616"}],"wp:attachment":[{"href":"https:\/\/whisky.ad\/fr\/wp-json\/wp\/v2\/media?parent=78569"}],"wp:term":[{"taxonomy":"product_brand","embeddable":true,"href":"https:\/\/whisky.ad\/fr\/wp-json\/wp\/v2\/product_brand?post=78569"},{"taxonomy":"product_cat","embeddable":true,"href":"https:\/\/whisky.ad\/fr\/wp-json\/wp\/v2\/product_cat?post=78569"},{"taxonomy":"product_tag","embeddable":true,"href":"https:\/\/whisky.ad\/fr\/wp-json\/wp\/v2\/product_tag?post=78569"}],"curies":[{"name":"wp","href":"https:\/\/api.w.org\/{rel}","templated":true}]}}