{"id":78565,"date":"2023-08-29T17:38:29","date_gmt":"2023-08-29T16:38:29","guid":{"rendered":"https:\/\/whisky.ad\/product\/cognac-ae-dor-carafe-xo-25yo-0-7l-40\/"},"modified":"2023-08-29T17:38:29","modified_gmt":"2023-08-29T16:38:29","slug":"cognac-ae-dor-carafe-xo-25yo-0-7l-40","status":"publish","type":"product","link":"https:\/\/whisky.ad\/fr\/produit\/cognac-ae-dor-carafe-xo-25yo-0-7l-40\/","title":{"rendered":"Cognac AE DOR Carafe XO 25yo 0.7l 40%"},"content":{"rendered":"","protected":false},"excerpt":{"rendered":"<div class=\"flex flex-grow flex-col gap-3 max-w-full\">\n<div class=\"min-h-[20px] flex flex-col items-start gap-3 overflow-x-auto whitespace-pre-wrap break-words\">\n<div class=\"markdown prose w-full break-words dark:prose-invert light\">\n<p>This is a subtle blend of Grande Champagne and Petite Champagne. Light and delicate, this Fine Champagne gradually reveals a complex, balanced bouquet on both the nose and the palate. Notes of flowers, honey and vine shoots. This eau de vie is already revealing its roundness and maturity through delicate, pleasant aromas. These qualities are sure to satisfy even the most demanding connoisseurs. Type of product : Cognac Volume: 70 cl Alcohol content: 40% Grape variety: Ugni Blanc Colour: Bright Colour Age range: XO Age :    <\/p>\n<p> &gt; 25 ans Appellations : Fine Champagne Type de cave : Humide Temp\u00e9rature de service : ~ 16\u00b0C \u00e0 20\u00b0C Pattes : Abondante Texture : Nez : Complexe Premier Nez : Riche Deuxi\u00e8me Nez : L\u00e9g\u00e8rement \u00e9pic\u00e9, Notes automnales, Notes de miel Entr\u00e9e en bouche : Ronde, complexe Finale : Persistant Ar\u00f4mes : Bois\u00e9, l\u00e9g\u00e8rement fruit\u00e9, cannelle, caramel, clou de girofle.<\/p>\n<\/div>\n<\/div>\n<\/div>\n","protected":false},"featured_media":77476,"comment_status":"open","ping_status":"closed","template":"","meta":{"_acf_changed":false},"product_brand":[],"product_cat":[342,347],"product_tag":[],"class_list":{"0":"post-78565","1":"product","2":"type-product","3":"status-publish","4":"has-post-thumbnail","6":"product_cat-cognac-armagnac-brandy-fr-2","7":"product_cat-spirits-fr","9":"first","10":"instock","11":"taxable","12":"shipping-taxable","13":"purchasable","14":"product-type-simple"},"acf":[],"aioseo_notices":[],"jetpack_sharing_enabled":true,"_links":{"self":[{"href":"https:\/\/whisky.ad\/fr\/wp-json\/wp\/v2\/product\/78565","targetHints":{"allow":["GET"]}}],"collection":[{"href":"https:\/\/whisky.ad\/fr\/wp-json\/wp\/v2\/product"}],"about":[{"href":"https:\/\/whisky.ad\/fr\/wp-json\/wp\/v2\/types\/product"}],"replies":[{"embeddable":true,"href":"https:\/\/whisky.ad\/fr\/wp-json\/wp\/v2\/comments?post=78565"}],"wp:featuredmedia":[{"embeddable":true,"href":"https:\/\/whisky.ad\/fr\/wp-json\/wp\/v2\/media\/77476"}],"wp:attachment":[{"href":"https:\/\/whisky.ad\/fr\/wp-json\/wp\/v2\/media?parent=78565"}],"wp:term":[{"taxonomy":"product_brand","embeddable":true,"href":"https:\/\/whisky.ad\/fr\/wp-json\/wp\/v2\/product_brand?post=78565"},{"taxonomy":"product_cat","embeddable":true,"href":"https:\/\/whisky.ad\/fr\/wp-json\/wp\/v2\/product_cat?post=78565"},{"taxonomy":"product_tag","embeddable":true,"href":"https:\/\/whisky.ad\/fr\/wp-json\/wp\/v2\/product_tag?post=78565"}],"curies":[{"name":"wp","href":"https:\/\/api.w.org\/{rel}","templated":true}]}}