{"id":78562,"date":"2023-07-29T18:03:18","date_gmt":"2023-07-29T17:03:18","guid":{"rendered":"https:\/\/whisky.ad\/product\/chateau-lyonnat-rouge-2015-0-75l-14\/"},"modified":"2024-01-11T16:51:17","modified_gmt":"2024-01-11T15:51:17","slug":"chateau-lyonnat-rouge-2015-0-75l-14","status":"publish","type":"product","link":"https:\/\/whisky.ad\/fr\/produit\/chateau-lyonnat-rouge-2015-0-75l-14\/","title":{"rendered":"Chateau Lyonnat Rouge 2015 0.75l 14%"},"content":{"rendered":"","protected":false},"excerpt":{"rendered":"<div class=\"flex flex-grow flex-col gap-3\">\n<div class=\"min-h-[20px] flex items-start overflow-x-auto whitespace-pre-wrap break-words flex-col gap-4\">\n<div class=\"markdown prose w-full break-words dark:prose-invert light\">\n<p>Le Ch\u00e2teau Lyonnat, situ\u00e9 \u00e0 Lussac-Saint-\u00c9milion, est r\u00e9put\u00e9 pour sa production viticole exceptionnelle et constitue le principal ch\u00e2teau de G\u00e9rard Milhade. Le vin est \u00e9labor\u00e9 avec beaucoup de soin, dans un assemblage domin\u00e9 par 85% de merlot, compl\u00e9t\u00e9 par 11% de cabernet sauvignon et 4% de cabernet franc. Le domaine poss\u00e8de des parcelles de vignes anciennes, tandis que les vignobles en coteaux poussent sur des sols calcaires et argileux. D&#8217;un grenat profond, le vin d\u00e9gage une d\u00e9licieuse chaleur d&#8217;ar\u00f4mes de pain d&#8217;\u00e9pices et de fruits rouges. Il pr\u00e9sente un remarquable \u00e9quilibre entre puissance et souplesse, avec des notes persistantes de vanille en fin de bouche. Le Claret du Ch\u00e2teau Lyonnat, \u00e0 base de Merlot, offre une exp\u00e9rience savoureuse. Sa nature souple et juteuse en fait un compagnon polyvalent pour les plats \u00e9l\u00e9gants de poulet, de b\u0153uf, d&#8217;agneau et de l\u00e9gumes. Gr\u00e2ce \u00e0 ses qualit\u00e9s exceptionnelles, ce vin a gagn\u00e9 sa place dans notre gamme principale. Le merlot, \u00e9galement connu sous le nom de Mare-low, est un c\u00e9page qui produit des vins moyennement cors\u00e9s, charnus et juteux, aux tanins souples. Il est souvent appr\u00e9ci\u00e9 en tant que c\u00e9page unique, mais il est \u00e9galement assembl\u00e9 avec du cabernet sauvignon pour adoucir les ar\u00eates. Le merlot est largement cultiv\u00e9 dans le monde entier et occupe une place importante parmi les raisins rouges dans le secteur de l&#8217;h\u00f4tellerie et de la restauration. Ce raisin pr\u00e9sente un \u00e9ventail de saveurs d\u00e9licieuses, notamment la myrtille, la cerise, le chocolat, la prune et la vanille, ce qui renforce son attrait pour les amateurs de vin.  <\/p>\n<\/div>\n<\/div>\n<\/div>\n","protected":false},"featured_media":77086,"comment_status":"open","ping_status":"closed","template":"","meta":{"_acf_changed":false},"product_brand":[],"product_cat":[487,389],"product_tag":[],"class_list":{"0":"post-78562","1":"product","2":"type-product","3":"status-publish","4":"has-post-thumbnail","6":"product_cat-lussac-st-emilion-fr","7":"product_cat-wine-fr","9":"first","10":"instock","11":"taxable","12":"shipping-taxable","13":"product-type-simple"},"acf":[],"aioseo_notices":[],"jetpack_sharing_enabled":true,"_links":{"self":[{"href":"https:\/\/whisky.ad\/fr\/wp-json\/wp\/v2\/product\/78562","targetHints":{"allow":["GET"]}}],"collection":[{"href":"https:\/\/whisky.ad\/fr\/wp-json\/wp\/v2\/product"}],"about":[{"href":"https:\/\/whisky.ad\/fr\/wp-json\/wp\/v2\/types\/product"}],"replies":[{"embeddable":true,"href":"https:\/\/whisky.ad\/fr\/wp-json\/wp\/v2\/comments?post=78562"}],"wp:featuredmedia":[{"embeddable":true,"href":"https:\/\/whisky.ad\/fr\/wp-json\/wp\/v2\/media\/77086"}],"wp:attachment":[{"href":"https:\/\/whisky.ad\/fr\/wp-json\/wp\/v2\/media?parent=78562"}],"wp:term":[{"taxonomy":"product_brand","embeddable":true,"href":"https:\/\/whisky.ad\/fr\/wp-json\/wp\/v2\/product_brand?post=78562"},{"taxonomy":"product_cat","embeddable":true,"href":"https:\/\/whisky.ad\/fr\/wp-json\/wp\/v2\/product_cat?post=78562"},{"taxonomy":"product_tag","embeddable":true,"href":"https:\/\/whisky.ad\/fr\/wp-json\/wp\/v2\/product_tag?post=78562"}],"curies":[{"name":"wp","href":"https:\/\/api.w.org\/{rel}","templated":true}]}}