{"id":78559,"date":"2021-08-03T12:45:12","date_gmt":"2021-08-03T11:45:12","guid":{"rendered":"https:\/\/whisky.ad\/product\/chateau-lheyrisson-franks-reserve-bordeaux-aoc\/"},"modified":"2024-01-11T16:49:32","modified_gmt":"2024-01-11T15:49:32","slug":"chateau-lheyrisson-franks-reserve-bordeaux-aoc","status":"publish","type":"product","link":"https:\/\/whisky.ad\/fr\/produit\/chateau-lheyrisson-franks-reserve-bordeaux-aoc\/","title":{"rendered":"Ch\u00e2teau L\u2019Heyrisson, Frank\u2019s Reserve, Bordeaux AOC"},"content":{"rendered":"<p>Faits concernant le vin<\/p>\n<ul>\n<li>Vignoble : Ch\u00e2teau L&#8217;Heyrisson<\/li>\n<li>Raisins : Cabernet Sauvignon, Cabernet Franc, Merlot<\/li>\n<li>R\u00e9gion : France \/ Bordeaux<\/li>\n<li>Style du vin : Bordeaux rouge<\/li>\n<li>Vivino: 4.1\/5<\/li>\n<li>Un Bordeaux rouge de grande classe. Soyeux et doux avec une grande bouff\u00e9e de cuir au nez. Ar\u00f4mes de fruits pruneaux, une pointe de caramel et assez tannique. Un rouge tr\u00e8s bien \u00e9quilibr\u00e9.<\/li>\n<li>Ce vin est difficile \u00e0 trouver.<\/li>\n<\/ul>\n","protected":false},"excerpt":{"rendered":"<p>Faits concernant le vin<\/p>\n<ul>\n<li>Vignoble : Ch\u00e2teau L&#8217;Heyrisson<\/li>\n<li>C\u00e9pages : Cabernet Sauvignon, Cabernet Franc, Merlot<\/li>\n<li>R\u00e9gion : France \/ Bordeaux<\/li>\n<li>Style du vin : Bordeaux rouge<\/li>\n<li>Vivino: 4.1\/5<\/li>\n<li>Un Bordeaux rouge de grande classe. Soyeux et doux avec une grande bouff\u00e9e de cuir au nez. Ar\u00f4mes de fruits pruneaux, une pointe de caramel et assez tannique. Un rouge tr\u00e8s bien \u00e9quilibr\u00e9.<\/li>\n<li>Ce vin est difficile \u00e0 trouver.<\/li>\n<\/ul>\n","protected":false},"featured_media":76378,"comment_status":"open","ping_status":"closed","template":"","meta":{"_acf_changed":false},"product_brand":[],"product_cat":[389,394,404],"product_tag":[],"class_list":{"0":"post-78559","1":"product","2":"type-product","3":"status-publish","4":"has-post-thumbnail","6":"product_cat-wine-fr","7":"product_cat-en-vedette","8":"product_cat-bordeaux-fr","10":"first","11":"instock","12":"sale","13":"featured","14":"taxable","15":"shipping-taxable","16":"purchasable","17":"product-type-simple"},"acf":[],"aioseo_notices":[],"jetpack_sharing_enabled":true,"_links":{"self":[{"href":"https:\/\/whisky.ad\/fr\/wp-json\/wp\/v2\/product\/78559","targetHints":{"allow":["GET"]}}],"collection":[{"href":"https:\/\/whisky.ad\/fr\/wp-json\/wp\/v2\/product"}],"about":[{"href":"https:\/\/whisky.ad\/fr\/wp-json\/wp\/v2\/types\/product"}],"replies":[{"embeddable":true,"href":"https:\/\/whisky.ad\/fr\/wp-json\/wp\/v2\/comments?post=78559"}],"wp:featuredmedia":[{"embeddable":true,"href":"https:\/\/whisky.ad\/fr\/wp-json\/wp\/v2\/media\/76378"}],"wp:attachment":[{"href":"https:\/\/whisky.ad\/fr\/wp-json\/wp\/v2\/media?parent=78559"}],"wp:term":[{"taxonomy":"product_brand","embeddable":true,"href":"https:\/\/whisky.ad\/fr\/wp-json\/wp\/v2\/product_brand?post=78559"},{"taxonomy":"product_cat","embeddable":true,"href":"https:\/\/whisky.ad\/fr\/wp-json\/wp\/v2\/product_cat?post=78559"},{"taxonomy":"product_tag","embeddable":true,"href":"https:\/\/whisky.ad\/fr\/wp-json\/wp\/v2\/product_tag?post=78559"}],"curies":[{"name":"wp","href":"https:\/\/api.w.org\/{rel}","templated":true}]}}