{"id":78557,"date":"2021-08-03T12:32:36","date_gmt":"2021-08-03T11:32:36","guid":{"rendered":"https:\/\/whisky.ad\/product\/chateau-jean-faux-bordeaux-superieur-aoc\/"},"modified":"2024-01-11T16:43:27","modified_gmt":"2024-01-11T15:43:27","slug":"chateau-jean-faux-bordeaux-superieur-aoc","status":"publish","type":"product","link":"https:\/\/whisky.ad\/fr\/produit\/chateau-jean-faux-bordeaux-superieur-aoc\/","title":{"rendered":"Ch\u00e2teau Jean Faux, Bordeaux Sup\u00e9rieur AOC"},"content":{"rendered":"<p>&nbsp;<\/p>\n<p>&nbsp;<\/p>\n","protected":false},"excerpt":{"rendered":"<p>Domaine : Ch\u00e2teau Jean Faux<br \/>\nCouleur : Rouge<br \/>\nRegion: Bordeaux &#8211; Entre-deux-Mers<br \/>\nAppellation : Bordeaux Sup\u00e9rieur<br \/>\nC\u00e9pages : Cabernet franc , Merlot<br \/>\nWine spectator: 90\/100<br \/>\nVivino: 4.2\/5<\/p>\n<p>C&#8217;est \u00e0 partir de 12 hectares de vieilles vignes, \u00e2g\u00e9es d&#8217;un quart de si\u00e8cle, que le Ch\u00e2teau Jean Faux produit ce Bordeaux Sup\u00e9rieur Le terroir est celui de Saint-Rad\u00e9gonde, sous Castillon-la-Bataille, avec des coteaux et plateaux argilo-calcaires bien expos\u00e9s Deux c\u00e9pages sont pr\u00e9sents, le merlot et le cabernet franc, avec 4 cinqui\u00e8mes du premier. Apr\u00e8s des vendanges manuelles tri\u00e9es sur table vibrante, la vinification est parcellaire et se d\u00e9roule dans de petites cuves en ciment et en inox, pour un travail de pr\u00e9cision. L&#8217;\u00e9levage est double, avec 12 \u00e0 14 mois en f\u00fbts de ch\u00eane neufs \u00e0 40% et 6 mois en cuves, pour harmoniser les lots.<\/p>\n","protected":false},"featured_media":76375,"comment_status":"open","ping_status":"closed","template":"","meta":{"_acf_changed":false},"product_brand":[],"product_cat":[389,404],"product_tag":[],"class_list":{"0":"post-78557","1":"product","2":"type-product","3":"status-publish","4":"has-post-thumbnail","6":"product_cat-wine-fr","7":"product_cat-bordeaux-fr","9":"first","10":"instock","11":"taxable","12":"shipping-taxable","13":"purchasable","14":"product-type-simple"},"acf":[],"aioseo_notices":[],"jetpack_sharing_enabled":true,"_links":{"self":[{"href":"https:\/\/whisky.ad\/fr\/wp-json\/wp\/v2\/product\/78557","targetHints":{"allow":["GET"]}}],"collection":[{"href":"https:\/\/whisky.ad\/fr\/wp-json\/wp\/v2\/product"}],"about":[{"href":"https:\/\/whisky.ad\/fr\/wp-json\/wp\/v2\/types\/product"}],"replies":[{"embeddable":true,"href":"https:\/\/whisky.ad\/fr\/wp-json\/wp\/v2\/comments?post=78557"}],"wp:featuredmedia":[{"embeddable":true,"href":"https:\/\/whisky.ad\/fr\/wp-json\/wp\/v2\/media\/76375"}],"wp:attachment":[{"href":"https:\/\/whisky.ad\/fr\/wp-json\/wp\/v2\/media?parent=78557"}],"wp:term":[{"taxonomy":"product_brand","embeddable":true,"href":"https:\/\/whisky.ad\/fr\/wp-json\/wp\/v2\/product_brand?post=78557"},{"taxonomy":"product_cat","embeddable":true,"href":"https:\/\/whisky.ad\/fr\/wp-json\/wp\/v2\/product_cat?post=78557"},{"taxonomy":"product_tag","embeddable":true,"href":"https:\/\/whisky.ad\/fr\/wp-json\/wp\/v2\/product_tag?post=78557"}],"curies":[{"name":"wp","href":"https:\/\/api.w.org\/{rel}","templated":true}]}}