{"id":78555,"date":"2023-07-29T18:15:24","date_gmt":"2023-07-29T17:15:24","guid":{"rendered":"https:\/\/whisky.ad\/product\/chateau-canet-rouge-2019-0-75l-135\/"},"modified":"2023-07-29T18:15:24","modified_gmt":"2023-07-29T17:15:24","slug":"chateau-canet-rouge-2019-0-75l-135","status":"publish","type":"product","link":"https:\/\/whisky.ad\/fr\/produit\/chateau-canet-rouge-2019-0-75l-135\/","title":{"rendered":"Chateau Canet Rouge 2019 0.75l 13,5%"},"content":{"rendered":"","protected":false},"excerpt":{"rendered":"<div class=\"flex flex-grow flex-col gap-3\">\n<div class=\"min-h-[20px] flex items-start overflow-x-auto whitespace-pre-wrap break-words flex-col gap-4\">\n<div class=\"markdown prose w-full break-words dark:prose-invert light\">\n<p>VIGNOBLE Situ\u00e9 \u00e0 Guillac (Gironde). Superficie du vignoble : 24 hectares. Sol : Argilo-calcaire. Temp\u00e9rature moyenne annuelle : 12.9\u00b0C. S\u00e9lection de nos parcelles ayant un potentiel de vieillissement. C\u00c9PAGES : 80% Merlot, 20% Cabernet Sauvignon accord mets et vins : Id\u00e9al pour accompagner les viandes, le gibier et les plats r\u00e9gionaux. Parfait pour les repas champ\u00eatres du dimanche et les grandes occasions.<\/p>\n<\/div>\n<\/div>\n<\/div>\n<div id=\"__next\">\n<div tabindex=\"-1\" role=\"region\" aria-label=\"Notifications (F8)\"><\/div>\n<div class=\"absolute left-0 right-0 top-0 z-[2]\"><\/div>\n<\/div>\n<p>&nbsp;<\/p>\n","protected":false},"featured_media":76936,"comment_status":"open","ping_status":"closed","template":"","meta":{"_acf_changed":false},"product_brand":[],"product_cat":[389,404],"product_tag":[],"class_list":{"0":"post-78555","1":"product","2":"type-product","3":"status-publish","4":"has-post-thumbnail","6":"product_cat-wine-fr","7":"product_cat-bordeaux-fr","9":"first","10":"instock","11":"taxable","12":"shipping-taxable","13":"product-type-simple"},"acf":[],"aioseo_notices":[],"jetpack_sharing_enabled":true,"_links":{"self":[{"href":"https:\/\/whisky.ad\/fr\/wp-json\/wp\/v2\/product\/78555","targetHints":{"allow":["GET"]}}],"collection":[{"href":"https:\/\/whisky.ad\/fr\/wp-json\/wp\/v2\/product"}],"about":[{"href":"https:\/\/whisky.ad\/fr\/wp-json\/wp\/v2\/types\/product"}],"replies":[{"embeddable":true,"href":"https:\/\/whisky.ad\/fr\/wp-json\/wp\/v2\/comments?post=78555"}],"wp:featuredmedia":[{"embeddable":true,"href":"https:\/\/whisky.ad\/fr\/wp-json\/wp\/v2\/media\/76936"}],"wp:attachment":[{"href":"https:\/\/whisky.ad\/fr\/wp-json\/wp\/v2\/media?parent=78555"}],"wp:term":[{"taxonomy":"product_brand","embeddable":true,"href":"https:\/\/whisky.ad\/fr\/wp-json\/wp\/v2\/product_brand?post=78555"},{"taxonomy":"product_cat","embeddable":true,"href":"https:\/\/whisky.ad\/fr\/wp-json\/wp\/v2\/product_cat?post=78555"},{"taxonomy":"product_tag","embeddable":true,"href":"https:\/\/whisky.ad\/fr\/wp-json\/wp\/v2\/product_tag?post=78555"}],"curies":[{"name":"wp","href":"https:\/\/api.w.org\/{rel}","templated":true}]}}