{"id":78551,"date":"2023-07-29T18:37:41","date_gmt":"2023-07-29T17:37:41","guid":{"rendered":"https:\/\/whisky.ad\/product\/champagne-monthuys-brut-reserve-075l-125\/"},"modified":"2023-07-29T18:37:41","modified_gmt":"2023-07-29T17:37:41","slug":"champagne-monthuys-brut-reserve-075l-125","status":"publish","type":"product","link":"https:\/\/whisky.ad\/fr\/produit\/champagne-monthuys-brut-reserve-075l-125\/","title":{"rendered":"Champagne Monthuys Brut Reserve 0,75l 12,5%"},"content":{"rendered":"","protected":false},"excerpt":{"rendered":"<div class=\"flex flex-grow flex-col gap-3\">\n<div class=\"min-h-[20px] flex items-start overflow-x-auto whitespace-pre-wrap break-words flex-col gap-4\">\n<div class=\"markdown prose w-full break-words dark:prose-invert light\">\n<p>Le Champagne Monthuys appartient \u00e0 la famille Baron, qui poss\u00e8de et cultive des vignes en Champagne depuis le XVIIe si\u00e8cle. \u00c0 l&#8217;origine, la totalit\u00e9 de la r\u00e9colte \u00e9tait vendue aux n\u00e9gociants d&#8217;\u00c9pernay et de Reims. En 1966, M. Gabriel Baron a pris la d\u00e9cision de vinifier et de produire son propre champagne. Les premi\u00e8res bouteilles sont vendues directement de la cave aux particuliers et aux restaurants locaux. Au fil des ann\u00e9es, l&#8217;entreprise n&#8217;a cess\u00e9 de se d\u00e9velopper. Aujourd&#8217;hui, la famille poss\u00e8de 38 hectares de vignes et est \u00e9tablie dans le village de Charly sur Marne, dans la partie orientale de la vall\u00e9e de la Marne. Apr\u00e8s un premier nez frais et \u00e9l\u00e9gant, cette cuv\u00e9e offre des notes gourmandes de p\u00eache et de pulpe d&#8217;abricot. La bouche, \u00e9quilibr\u00e9e, se caract\u00e9rise par une sensation complexe de rondeur et de fra\u00eecheur. Des notes intenses de pomme et de p\u00eache accompagnent ce bel \u00e9quilibre gustatif. La finale est longue et ponctu\u00e9e de subtiles notes de fruits secs.     <\/p>\n<\/div>\n<\/div>\n<\/div>\n","protected":false},"featured_media":77074,"comment_status":"open","ping_status":"closed","template":"","meta":{"_acf_changed":false},"product_brand":[],"product_cat":[390,389],"product_tag":[],"class_list":{"0":"post-78551","1":"product","2":"type-product","3":"status-publish","4":"has-post-thumbnail","6":"product_cat-champagne-fr","7":"product_cat-wine-fr","9":"first","10":"instock","11":"taxable","12":"shipping-taxable","13":"purchasable","14":"product-type-simple"},"acf":[],"aioseo_notices":[],"jetpack_sharing_enabled":true,"_links":{"self":[{"href":"https:\/\/whisky.ad\/fr\/wp-json\/wp\/v2\/product\/78551","targetHints":{"allow":["GET"]}}],"collection":[{"href":"https:\/\/whisky.ad\/fr\/wp-json\/wp\/v2\/product"}],"about":[{"href":"https:\/\/whisky.ad\/fr\/wp-json\/wp\/v2\/types\/product"}],"replies":[{"embeddable":true,"href":"https:\/\/whisky.ad\/fr\/wp-json\/wp\/v2\/comments?post=78551"}],"wp:featuredmedia":[{"embeddable":true,"href":"https:\/\/whisky.ad\/fr\/wp-json\/wp\/v2\/media\/77074"}],"wp:attachment":[{"href":"https:\/\/whisky.ad\/fr\/wp-json\/wp\/v2\/media?parent=78551"}],"wp:term":[{"taxonomy":"product_brand","embeddable":true,"href":"https:\/\/whisky.ad\/fr\/wp-json\/wp\/v2\/product_brand?post=78551"},{"taxonomy":"product_cat","embeddable":true,"href":"https:\/\/whisky.ad\/fr\/wp-json\/wp\/v2\/product_cat?post=78551"},{"taxonomy":"product_tag","embeddable":true,"href":"https:\/\/whisky.ad\/fr\/wp-json\/wp\/v2\/product_tag?post=78551"}],"curies":[{"name":"wp","href":"https:\/\/api.w.org\/{rel}","templated":true}]}}