{"id":78548,"date":"2023-07-29T18:54:03","date_gmt":"2023-07-29T17:54:03","guid":{"rendered":"https:\/\/whisky.ad\/product\/champagne-gosset-brut-grande-reserve-075-12\/"},"modified":"2024-01-11T16:34:44","modified_gmt":"2024-01-11T15:34:44","slug":"champagne-gosset-brut-grande-reserve-075-12","status":"publish","type":"product","link":"https:\/\/whisky.ad\/fr\/produit\/champagne-gosset-brut-grande-reserve-075-12\/","title":{"rendered":"Champagne Gosset Brut Grande Reserve 0,75% 12%"},"content":{"rendered":"","protected":false},"excerpt":{"rendered":"<p>Gosset, deuxi\u00e8me plus ancienne Maison de Champagne, pr\u00e9sente sa Grande R\u00e9serve, un vin d&#8217;une richesse et d&#8217;un savoir-faire exceptionnels. L&#8217;assemblage est compos\u00e9 de Chardonnay, l\u00e9g\u00e8rement sup\u00e9rieur au Pinot Noir, compl\u00e9t\u00e9 par une touche de Pinot Meunier, qui apporte un s\u00e9duisant ar\u00f4me de brioche. En bouche, il offre de d\u00e9licieuses notes biscuit\u00e9es qui se terminent par une finale \u00e9l\u00e9gante et affirm\u00e9e. Sans aucun doute, ce Champagne est une v\u00e9ritable merveille et t\u00e9moigne de l&#8217;excellence de Gosset.   <\/p>\n","protected":false},"featured_media":77104,"comment_status":"open","ping_status":"closed","template":"","meta":{"_acf_changed":false},"product_brand":[],"product_cat":[389,390],"product_tag":[],"class_list":{"0":"post-78548","1":"product","2":"type-product","3":"status-publish","4":"has-post-thumbnail","6":"product_cat-wine-fr","7":"product_cat-champagne-fr","9":"first","10":"instock","11":"taxable","12":"shipping-taxable","13":"purchasable","14":"product-type-simple"},"acf":[],"aioseo_notices":[],"jetpack_sharing_enabled":true,"_links":{"self":[{"href":"https:\/\/whisky.ad\/fr\/wp-json\/wp\/v2\/product\/78548","targetHints":{"allow":["GET"]}}],"collection":[{"href":"https:\/\/whisky.ad\/fr\/wp-json\/wp\/v2\/product"}],"about":[{"href":"https:\/\/whisky.ad\/fr\/wp-json\/wp\/v2\/types\/product"}],"replies":[{"embeddable":true,"href":"https:\/\/whisky.ad\/fr\/wp-json\/wp\/v2\/comments?post=78548"}],"wp:featuredmedia":[{"embeddable":true,"href":"https:\/\/whisky.ad\/fr\/wp-json\/wp\/v2\/media\/77104"}],"wp:attachment":[{"href":"https:\/\/whisky.ad\/fr\/wp-json\/wp\/v2\/media?parent=78548"}],"wp:term":[{"taxonomy":"product_brand","embeddable":true,"href":"https:\/\/whisky.ad\/fr\/wp-json\/wp\/v2\/product_brand?post=78548"},{"taxonomy":"product_cat","embeddable":true,"href":"https:\/\/whisky.ad\/fr\/wp-json\/wp\/v2\/product_cat?post=78548"},{"taxonomy":"product_tag","embeddable":true,"href":"https:\/\/whisky.ad\/fr\/wp-json\/wp\/v2\/product_tag?post=78548"}],"curies":[{"name":"wp","href":"https:\/\/api.w.org\/{rel}","templated":true}]}}