{"id":78542,"date":"2023-08-04T17:27:05","date_gmt":"2023-08-04T16:27:05","guid":{"rendered":"https:\/\/whisky.ad\/product\/campanero-anejo-0-7l-54\/"},"modified":"2024-01-06T18:33:39","modified_gmt":"2024-01-06T17:33:39","slug":"campanero-anejo-0-7l-54","status":"publish","type":"product","link":"https:\/\/whisky.ad\/fr\/produit\/campanero-anejo-0-7l-54\/","title":{"rendered":"Campa\u00f1ero A\u00f1ejo Panamanian Rum 0.7l 54%"},"content":{"rendered":"","protected":false},"excerpt":{"rendered":"<div class=\"flex flex-grow flex-col gap-3\">\n<div class=\"min-h-[20px] flex flex-col items-start gap-3 overflow-x-auto whitespace-pre-wrap break-words\">\n<div class=\"markdown prose w-full break-words dark:prose-invert light\">\n<p>Campa\u00f1ero A\u00f1ejo est un rhum exceptionnel qui illustre l&#8217;essence m\u00eame de l&#8217;artisanat traditionnel. M\u00e9ticuleusement \u00e9labor\u00e9 \u00e0 partir des meilleures cannes \u00e0 sucre des Cara\u00efbes et vieilli en f\u00fbts de ch\u00eane, ce rhum exquis poss\u00e8de un caract\u00e8re \u00e0 la fois raffin\u00e9 et robuste. Le processus de vieillissement lui conf\u00e8re une belle teinte dor\u00e9e et une texture velout\u00e9e, tandis que les ar\u00f4mes complexes de vanille, de caramel et de ch\u00eane \u00e9voquent un sentiment d&#8217;indulgence. Chaque gorg\u00e9e r\u00e9v\u00e8le un \u00e9quilibre harmonieux de saveurs, y compris des notes de fruits tropicaux et d&#8217;\u00e9pices, laissant une finale persistante et satisfaisante. Campa\u00f1ero A\u00f1ejo est un t\u00e9moignage de l&#8217;art de la fabrication du rhum, invitant les amateurs \u00e0 savourer et \u00e0 c\u00e9l\u00e9brer l&#8217;h\u00e9ritage d&#8217;une tradition ancestrale dans chaque verre. Qu&#8217;il soit d\u00e9gust\u00e9 pur, avec des gla\u00e7ons ou comme \u00e9l\u00e9ment central de cocktails classiques, ce rhum ne manquera pas de captiver le palais et de cr\u00e9er des souvenirs durables d&#8217;indulgence carib\u00e9enne. Le profil aromatique de Compa\u00f1ero A\u00f1ejo est un m\u00e9lange harmonieux de notes sucr\u00e9es et sal\u00e9es. Le caramel et le toffee dominent le palais, accompagn\u00e9s d&#8217;une d\u00e9licate touche de ch\u00eane qui ajoute de la profondeur et de la complexit\u00e9 \u00e0 l&#8217;exp\u00e9rience. As the rum lingers on the palate, hints of dried fruits and spices emerge, infusing the taste with a delightful complexity that keeps you exploring each nuance. Mid-palate, a gentle warmth of spices like cinnamon and nutmeg adds a comforting and satisfying sensation. The careful aging process shines through, creating a well-rounded and sophisticated taste profile that pleases both seasoned rum enthusiasts and newcomers alike. The finish is long and memorable, leaving a lasting impression of toasted oak and a subtle, pleasant sweetness. Compa\u00f1ero A\u00f1ejo is a testament to the art of rum-making, showcasing the mastery of aging and blending to produce a rum that is both approachable and full of character.     <\/p>\n<\/div>\n<\/div>\n<\/div>\n","protected":false},"featured_media":77005,"comment_status":"open","ping_status":"closed","template":"","meta":{"_acf_changed":false},"product_brand":[],"product_cat":[368,382],"product_tag":[],"class_list":{"0":"post-78542","1":"product","2":"type-product","3":"status-publish","4":"has-post-thumbnail","6":"product_cat-rhum-fr","7":"product_cat-panama-fr","9":"first","10":"instock","11":"taxable","12":"shipping-taxable","13":"purchasable","14":"product-type-simple"},"acf":[],"aioseo_notices":[],"jetpack_sharing_enabled":true,"_links":{"self":[{"href":"https:\/\/whisky.ad\/fr\/wp-json\/wp\/v2\/product\/78542","targetHints":{"allow":["GET"]}}],"collection":[{"href":"https:\/\/whisky.ad\/fr\/wp-json\/wp\/v2\/product"}],"about":[{"href":"https:\/\/whisky.ad\/fr\/wp-json\/wp\/v2\/types\/product"}],"replies":[{"embeddable":true,"href":"https:\/\/whisky.ad\/fr\/wp-json\/wp\/v2\/comments?post=78542"}],"wp:featuredmedia":[{"embeddable":true,"href":"https:\/\/whisky.ad\/fr\/wp-json\/wp\/v2\/media\/77005"}],"wp:attachment":[{"href":"https:\/\/whisky.ad\/fr\/wp-json\/wp\/v2\/media?parent=78542"}],"wp:term":[{"taxonomy":"product_brand","embeddable":true,"href":"https:\/\/whisky.ad\/fr\/wp-json\/wp\/v2\/product_brand?post=78542"},{"taxonomy":"product_cat","embeddable":true,"href":"https:\/\/whisky.ad\/fr\/wp-json\/wp\/v2\/product_cat?post=78542"},{"taxonomy":"product_tag","embeddable":true,"href":"https:\/\/whisky.ad\/fr\/wp-json\/wp\/v2\/product_tag?post=78542"}],"curies":[{"name":"wp","href":"https:\/\/api.w.org\/{rel}","templated":true}]}}