{"id":78533,"date":"2023-08-28T10:32:46","date_gmt":"2023-08-28T09:32:46","guid":{"rendered":"https:\/\/whisky.ad\/product\/buffalo-trace-40-0-7l\/"},"modified":"2023-08-28T10:32:46","modified_gmt":"2023-08-28T09:32:46","slug":"buffalo-trace-40-0-7l","status":"publish","type":"product","link":"https:\/\/whisky.ad\/fr\/produit\/buffalo-trace-40-0-7l\/","title":{"rendered":"Buffalo Trace 40% 0.7l"},"content":{"rendered":"","protected":false},"excerpt":{"rendered":"<p>**Buffalo Trace Bourbon : Un go\u00fbt d&#8217;h\u00e9ritage et d&#8217;artisanat** Le bourbon Buffalo Trace est un v\u00e9ritable t\u00e9moignage du riche h\u00e9ritage et de l&#8217;engagement in\u00e9branlable en faveur de la qualit\u00e9 qui d\u00e9finissent le monde du bourbon. Enracin\u00e9 dans un h\u00e9ritage qui s&#8217;\u00e9tend sur plusieurs si\u00e8cles, ce bourbon embl\u00e9matique est un m\u00e9lange magistral de tradition et d&#8217;innovation, offrant aux amateurs une exp\u00e9rience gustative in\u00e9gal\u00e9e. **H\u00e9ritage et distillation:** Impr\u00e9gn\u00e9 d&#8217;une histoire qui remonte au XVIIIe si\u00e8cle, le bourbon Buffalo Trace tire son nom de la distillerie historique du Kentucky o\u00f9 il est m\u00e9ticuleusement \u00e9labor\u00e9. Le processus de distillation chez Buffalo Trace est une forme d&#8217;art perfectionn\u00e9e au fil des g\u00e9n\u00e9rations. Les grains les plus fins, l&#8217;eau calcaire pure et une combinaison de techniques ancestrales sont r\u00e9unis pour cr\u00e9er un bourbon qui capture l&#8217;essence de l&#8217;h\u00e9ritage de la r\u00e9gion. **Palette de saveurs:** D\u00e8s que le bourbon Buffalo Trace touche vos l\u00e8vres, une symphonie de saveurs se d\u00e9ploie. Les premi\u00e8res notes r\u00e9v\u00e8lent la douceur du caramel et de la vanille, suivies par des notes d&#8217;\u00e9pices qui r\u00e9veillent doucement le palais. Au fur et \u00e0 mesure que le bourbon poursuit son voyage, la chaleur du ch\u00eane grill\u00e9 et une touche de fruit\u00e9 apparaissent, cr\u00e9ant un profil gustatif stratifi\u00e9 et harmonieux qui s&#8217;attarde sur les sens. **L&#8217;excellence du bourbon Buffalo Trace n&#8217;est pas seulement attribu\u00e9e \u00e0 sa distillation, mais aussi \u00e0 son processus de vieillissement. Le bourbon est soigneusement m\u00fbri dans des f\u00fbts de ch\u00eane, ce qui lui permet de d\u00e9velopper son caract\u00e8re distinct au fil du temps. L&#8217;interaction entre le spiritueux et le bois apporte profondeur et complexit\u00e9, ce qui donne un bourbon \u00e0 la fois robuste et nuanc\u00e9. **La polyvalence du bourbon Buffalo Trace en fait un compagnon appr\u00e9ci\u00e9 pour toutes sortes d&#8217;occasions. D\u00e9gustez-le pur pour savourer toute la profondeur de son profil de saveurs, ou laissez-le briller dans des cocktails classiques o\u00f9 son caract\u00e8re bien \u00e9quilibr\u00e9 rehausse l&#8217;exp\u00e9rience globale de la boisson. **Signification culturelle:** Le bourbon Buffalo Trace n&#8217;est pas seulement une boisson ; il fait partie de la culture et de l&#8217;histoire am\u00e9ricaines. La distillerie elle-m\u00eame s&#8217;enorgueillit d&#8217;un pass\u00e9 charg\u00e9 d&#8217;histoire, puisqu&#8217;elle a fonctionn\u00e9 pendant la Prohibition et les \u00e9preuves du temps. Ce bourbon a \u00e9t\u00e9 le t\u00e9moin de l&#8217;\u00e9volution de la nation tout en maintenant fermement son engagement en faveur de la qualit\u00e9. **Un toast \u00e0 la tradition Chaque bouteille de bourbon Buffalo Trace porte en elle l&#8217;esprit de ceux qui l&#8217;ont \u00e9labor\u00e9e, un h\u00e9ritage qui continue d&#8217;\u00e9voluer au fil des ans. C&#8217;est un hommage aux pionniers qui ont jet\u00e9 les bases de la fabrication du bourbon et une invitation aux amateurs \u00e0 partager cet h\u00e9ritage. De la premi\u00e8re gorg\u00e9e \u00e0 la derni\u00e8re goutte, le bourbon Buffalo Trace est l&#8217;incarnation de l&#8217;art, de la passion et du d\u00e9vouement qui ont d\u00e9fini son parcours. Il rappelle que certaines choses se d\u00e9gustent lentement, en appr\u00e9ciant le savoir-faire artisanal qui entre dans la composition de chaque verre.<\/p>\n","protected":false},"featured_media":77254,"comment_status":"open","ping_status":"closed","template":"","meta":{"_acf_changed":false},"product_brand":[],"product_cat":[377,394,615],"product_tag":[],"class_list":{"0":"post-78533","1":"product","2":"type-product","3":"status-publish","4":"has-post-thumbnail","6":"product_cat-kentucky-fr","7":"product_cat-en-vedette","8":"product_cat-usa-fr","10":"first","11":"instock","12":"sale","13":"featured","14":"taxable","15":"shipping-taxable","16":"purchasable","17":"product-type-simple"},"acf":[],"aioseo_notices":[],"jetpack_sharing_enabled":true,"_links":{"self":[{"href":"https:\/\/whisky.ad\/fr\/wp-json\/wp\/v2\/product\/78533","targetHints":{"allow":["GET"]}}],"collection":[{"href":"https:\/\/whisky.ad\/fr\/wp-json\/wp\/v2\/product"}],"about":[{"href":"https:\/\/whisky.ad\/fr\/wp-json\/wp\/v2\/types\/product"}],"replies":[{"embeddable":true,"href":"https:\/\/whisky.ad\/fr\/wp-json\/wp\/v2\/comments?post=78533"}],"wp:featuredmedia":[{"embeddable":true,"href":"https:\/\/whisky.ad\/fr\/wp-json\/wp\/v2\/media\/77254"}],"wp:attachment":[{"href":"https:\/\/whisky.ad\/fr\/wp-json\/wp\/v2\/media?parent=78533"}],"wp:term":[{"taxonomy":"product_brand","embeddable":true,"href":"https:\/\/whisky.ad\/fr\/wp-json\/wp\/v2\/product_brand?post=78533"},{"taxonomy":"product_cat","embeddable":true,"href":"https:\/\/whisky.ad\/fr\/wp-json\/wp\/v2\/product_cat?post=78533"},{"taxonomy":"product_tag","embeddable":true,"href":"https:\/\/whisky.ad\/fr\/wp-json\/wp\/v2\/product_tag?post=78533"}],"curies":[{"name":"wp","href":"https:\/\/api.w.org\/{rel}","templated":true}]}}