{"id":78530,"date":"2023-08-01T08:55:10","date_gmt":"2023-08-01T07:55:10","guid":{"rendered":"https:\/\/whisky.ad\/product\/bocatheva-15-yo-full-proof-07l-62\/"},"modified":"2024-01-08T12:24:15","modified_gmt":"2024-01-08T11:24:15","slug":"bocatheva-15-yo-full-proof-07l-62","status":"publish","type":"product","link":"https:\/\/whisky.ad\/fr\/produit\/bocatheva-15-yo-full-proof-07l-62\/","title":{"rendered":"Bocatheva Venezuelan Rum 15 yo Full Proof 0,7l 62%"},"content":{"rendered":"","protected":false},"excerpt":{"rendered":"<p>Un rhum vraiment exceptionnel enferm\u00e9 dans une bouteille unique avec cette \u00e9dition limit\u00e9e exclusive de Bocatheva 15 ans Full Proof. Ce rhum extraordinaire, un &#8220;brut de f\u00fbt&#8221;, ne subit aucune dilution avec de l&#8217;eau apr\u00e8s la distillation. Originaire du Venezuela, ce joyau \u00e0 base de m\u00e9lasse m\u00fbrit uniquement dans des f\u00fbts de ch\u00eane am\u00e9ricain \u00e0 l&#8217;int\u00e9rieur des fronti\u00e8res du pays. Les cannes \u00e0 sucre Romana et Cubana, r\u00e9colt\u00e9es une seule fois par an de d\u00e9cembre \u00e0 mai, sont m\u00e9ticuleusement cueillies jour et nuit, la r\u00e9colte du matin \u00e9tant plus concentr\u00e9e en sucre. L&#8217;\u00e9laboration de ce d\u00e9licieux nectar n\u00e9cessite 2,24 kg de m\u00e9lasse pour produire un seul litre du rhum le plus fin. Le processus de fermentation dure de 12 \u00e0 16 heures, et la distillation utilise une m\u00e9thode m\u00e9ticuleuse \u00e0 quatre colonnes. Le rhum m\u00fbrit ensuite dans des f\u00fbts \u00e0 environ 65 % du volume avant d&#8217;entreprendre un voyage de vieillissement dans le climat tropical du Venezuela, ce qui lui conf\u00e8re un ar\u00f4me exotique et une douceur d\u00e9licieuse. Comme auparavant, il conserve son caract\u00e8re &#8220;brut de f\u00fbt&#8221;, ce qui signifie qu&#8217;aucune eau n&#8217;est incorpor\u00e9e apr\u00e8s la distillation. Notes de d\u00e9gustation : Aspect : Ambre profond et captivant. Nez : Il exhale des parfums puissants et intenses. En bouche : Un m\u00e9lange complexe de fruits secs et de confitures. Finale : Remarquablement longue et gracieusement \u00e9l\u00e9gante : Remarquablement longue et gracieusement \u00e9l\u00e9gante.   <\/p>\n","protected":false},"featured_media":79091,"comment_status":"open","ping_status":"closed","template":"","meta":{"_acf_changed":false},"product_brand":[],"product_cat":[368,373],"product_tag":[],"class_list":{"0":"post-78530","1":"product","2":"type-product","3":"status-publish","4":"has-post-thumbnail","6":"product_cat-rhum-fr","7":"product_cat-venezuela-fr","9":"first","10":"instock","11":"taxable","12":"shipping-taxable","13":"purchasable","14":"product-type-simple"},"acf":[],"aioseo_notices":[],"jetpack_sharing_enabled":true,"_links":{"self":[{"href":"https:\/\/whisky.ad\/fr\/wp-json\/wp\/v2\/product\/78530","targetHints":{"allow":["GET"]}}],"collection":[{"href":"https:\/\/whisky.ad\/fr\/wp-json\/wp\/v2\/product"}],"about":[{"href":"https:\/\/whisky.ad\/fr\/wp-json\/wp\/v2\/types\/product"}],"replies":[{"embeddable":true,"href":"https:\/\/whisky.ad\/fr\/wp-json\/wp\/v2\/comments?post=78530"}],"wp:featuredmedia":[{"embeddable":true,"href":"https:\/\/whisky.ad\/fr\/wp-json\/wp\/v2\/media\/79091"}],"wp:attachment":[{"href":"https:\/\/whisky.ad\/fr\/wp-json\/wp\/v2\/media?parent=78530"}],"wp:term":[{"taxonomy":"product_brand","embeddable":true,"href":"https:\/\/whisky.ad\/fr\/wp-json\/wp\/v2\/product_brand?post=78530"},{"taxonomy":"product_cat","embeddable":true,"href":"https:\/\/whisky.ad\/fr\/wp-json\/wp\/v2\/product_cat?post=78530"},{"taxonomy":"product_tag","embeddable":true,"href":"https:\/\/whisky.ad\/fr\/wp-json\/wp\/v2\/product_tag?post=78530"}],"curies":[{"name":"wp","href":"https:\/\/api.w.org\/{rel}","templated":true}]}}