{"id":78524,"date":"2023-08-01T09:42:18","date_gmt":"2023-08-01T08:42:18","guid":{"rendered":"https:\/\/whisky.ad\/product\/bocatheva-10-yo-0-7l-45\/"},"modified":"2024-01-08T12:20:52","modified_gmt":"2024-01-08T11:20:52","slug":"bocatheva-10-yo-0-7l-45","status":"publish","type":"product","link":"https:\/\/whisky.ad\/fr\/produit\/bocatheva-10-yo-0-7l-45\/","title":{"rendered":"Bocatheva Venezuelan Rum 10 yo 0.7l 45%"},"content":{"rendered":"","protected":false},"excerpt":{"rendered":"<div class=\"flex flex-grow flex-col gap-3\">\n<div class=\"min-h-[20px] flex items-start overflow-x-auto whitespace-pre-wrap break-words\">\n<div class=\"markdown prose w-full break-words dark:prose-invert light\">\n<p>Ce rhum v\u00e9n\u00e9zu\u00e9lien exceptionnel est fabriqu\u00e9 exclusivement \u00e0 partir de m\u00e9lasse et vieilli \u00e0 l&#8217;int\u00e9rieur des fronti\u00e8res du Venezuela, m\u00fbrissant gracieusement dans des f\u00fbts de ch\u00eane am\u00e9ricain. Les cannes \u00e0 sucre utilis\u00e9es pour la fabrication de ce rhum exquis sont des vari\u00e9t\u00e9s Romana et Cubana. La r\u00e9colte n&#8217;a lieu qu&#8217;une fois par an, \u00e0 partir du mois de d\u00e9cembre, et se poursuit inlassablement jour et nuit. Les r\u00e9coltes du matin sont privil\u00e9gi\u00e9es, car elles sont plus concentr\u00e9es en sucre. Pour obtenir ce d\u00e9licieux nectar, 2,24 kg de m\u00e9lasse sont soigneusement trait\u00e9s pour produire 1 litre du rhum le plus fin. La fermentation dure de 12 \u00e0 16 heures, suivie d&#8217;une distillation m\u00e9ticuleuse sur quatre colonnes. Le rhum est ensuite soigneusement transf\u00e9r\u00e9 dans des f\u00fbts d&#8217;un volume d&#8217;environ 65 %. Ce remarquable spiritueux vieillit ensuite dans le climat tropical du Venezuela, ce qui contribue \u00e0 son ar\u00f4me exotique s\u00e9duisant et \u00e0 son profil merveilleusement rond. L&#8217;exp\u00e9rience de d\u00e9gustation commence par un aspect ambr\u00e9 accueillant, accompagn\u00e9 de senteurs fra\u00eeches et fruit\u00e9es au nez. En bouche, on d\u00e9couvre un d\u00e9licieux ensemble de notes exotiques, accompagn\u00e9es d&#8217;une rondeur agr\u00e9able qui caresse les papilles gustatives. Enfin, la finale laisse une impression durable de douceur et de persistance, cr\u00e9ant une exp\u00e9rience de d\u00e9gustation vraiment m\u00e9morable.   <\/p>\n<p>Notes de d\u00e9gustation : Apparence : Une teinte ambr\u00e9e captivante. Nez : Parfums rafra\u00eechissants et fruit\u00e9s. Bouche : Notes exotiques accompagn\u00e9es d&#8217;une d\u00e9licieuse rondeur qui enveloppe le palais : Notes exotiques accompagn\u00e9es d&#8217;une d\u00e9licieuse rondeur qui enveloppe le palais. Finale : Douce et agr\u00e9able.<\/p>\n<\/div>\n<\/div>\n<\/div>\n","protected":false},"featured_media":79076,"comment_status":"open","ping_status":"closed","template":"","meta":{"_acf_changed":false},"product_brand":[],"product_cat":[373,368],"product_tag":[],"class_list":{"0":"post-78524","1":"product","2":"type-product","3":"status-publish","4":"has-post-thumbnail","6":"product_cat-venezuela-fr","7":"product_cat-rhum-fr","9":"first","10":"outofstock","11":"taxable","12":"shipping-taxable","13":"purchasable","14":"product-type-simple"},"acf":[],"aioseo_notices":[],"jetpack_sharing_enabled":true,"_links":{"self":[{"href":"https:\/\/whisky.ad\/fr\/wp-json\/wp\/v2\/product\/78524","targetHints":{"allow":["GET"]}}],"collection":[{"href":"https:\/\/whisky.ad\/fr\/wp-json\/wp\/v2\/product"}],"about":[{"href":"https:\/\/whisky.ad\/fr\/wp-json\/wp\/v2\/types\/product"}],"replies":[{"embeddable":true,"href":"https:\/\/whisky.ad\/fr\/wp-json\/wp\/v2\/comments?post=78524"}],"wp:featuredmedia":[{"embeddable":true,"href":"https:\/\/whisky.ad\/fr\/wp-json\/wp\/v2\/media\/79076"}],"wp:attachment":[{"href":"https:\/\/whisky.ad\/fr\/wp-json\/wp\/v2\/media?parent=78524"}],"wp:term":[{"taxonomy":"product_brand","embeddable":true,"href":"https:\/\/whisky.ad\/fr\/wp-json\/wp\/v2\/product_brand?post=78524"},{"taxonomy":"product_cat","embeddable":true,"href":"https:\/\/whisky.ad\/fr\/wp-json\/wp\/v2\/product_cat?post=78524"},{"taxonomy":"product_tag","embeddable":true,"href":"https:\/\/whisky.ad\/fr\/wp-json\/wp\/v2\/product_tag?post=78524"}],"curies":[{"name":"wp","href":"https:\/\/api.w.org\/{rel}","templated":true}]}}