{"id":78518,"date":"2023-11-23T15:21:12","date_gmt":"2023-11-23T14:21:12","guid":{"rendered":"https:\/\/whisky.ad\/product\/bladnoch-single-malt-samsara-46-7-0-7l\/"},"modified":"2023-11-23T15:21:12","modified_gmt":"2023-11-23T14:21:12","slug":"bladnoch-single-malt-samsara-46-7-0-7l","status":"publish","type":"product","link":"https:\/\/whisky.ad\/fr\/produit\/bladnoch-single-malt-samsara-46-7-0-7l\/","title":{"rendered":"Bladnoch Single Malt Samsara 46.7% 0.7l."},"content":{"rendered":"","protected":false},"excerpt":{"rendered":"<div class=\"flex flex-grow flex-col max-w-full gap-3 gizmo:gap-0\">\n<div class=\"min-h-[20px] text-message flex flex-col items-start gap-3 whitespace-pre-wrap break-words [.text-message+&amp;]:mt-5 overflow-x-auto\" data-message-author-role=\"assistant\" data-message-id=\"94d3a808-893c-460a-844f-285d760ef863\">\n<div class=\"markdown prose w-full break-words dark:prose-invert dark\">\n<p><strong>Bladnoch Single Malt Samsara 46.7% 0.7l. Californian Red Wine &amp; Bourbon Casks <\/strong><\/p>\n<p>Bladnoch est la plus ancienne distillerie priv\u00e9e de whisky \u00e9cossais au monde, dont l&#8217;h\u00e9ritage se perp\u00e9tue sans interruption depuis 1817. Le riche h\u00e9ritage de Bladnoch remonte \u00e0 John et Thomas McClelland, qui ont obtenu la licence de distiller du whisky dans leur ferme de Bladnoch, dans les Lowlands \u00e9cossaises. Pendant pr\u00e8s d&#8217;un si\u00e8cle, les g\u00e9n\u00e9rations successives de McClelland ont entretenu et modernis\u00e9 la distillerie. \u00c0 son apog\u00e9e, le site comptait six washbacks et une production annuelle d&#8217;environ 230 000 litres d&#8217;alcool, consolidant ainsi sa stature de &#8220;Reine des Lowlands&#8221;. <strong>NICK SAVAGE<\/strong> <em>THE MASTER DISTILLER<\/em> Le Dr Nick Savage a pris ses fonctions de ma\u00eetre distillateur \u00e0 la distillerie Bladnoch en 2019, arrivant de The Macallan avec un bagage impressionnant. Ayant pass\u00e9 quatre ans en Australie pour effectuer son doctorat, Nick conserve un lien profond avec les racines \u00e9cossaises et australiennes de Bladnoch Distillery. Tout au long de sa carri\u00e8re, la qu\u00eate inflexible de Nick pour la perfection l&#8217;a positionn\u00e9 comme une sommit\u00e9 de l&#8217;industrie, garantissant l&#8217;excellence continue des Single Malts de Bladnoch. &#8220;L&#8217;engagement in\u00e9branlable de l&#8217;\u00e9quipe de Bladnoch en faveur d&#8217;une qualit\u00e9 in\u00e9gal\u00e9e me rend incroyablement enthousiaste \u00e0 l&#8217;id\u00e9e de contribuer \u00e0 l&#8217;avenir extraordinaire de la distillerie Bladnoch.&#8221; Samsara&#8221;, qui incarne le concept de &#8220;renaissance&#8221;, est une fusion robuste et aromatique de malts vieillis dans d&#8217;anciens f\u00fbts de bourbon et de vin rouge californien. R\u00e9compens\u00e9 par des prix prestigieux :<\/p>\n<ul>\n<li>M\u00e9daille d&#8217;or \u00e0 la San Francisco Spirits Competition 2018<\/li>\n<li>L&#8217;or au Scotch Whisky Masters 2018<\/li>\n<li>M\u00e9daille d&#8217;argent \u00e0 la San Francisco Spirits Competition 2017<\/li>\n<li>M\u00e9daille d&#8217;argent au Scotch Whisky Masters 2017<\/li>\n<\/ul>\n<p>S&#8217;int\u00e9resser \u00e0 son profil de d\u00e9gustation :<\/p>\n<p><strong>NOTES DE D\u00c9GUSTATION<\/strong><\/p>\n<ul>\n<li>Vanille, agrumes, richesse<\/li>\n<\/ul>\n<p><strong>COULEUR<\/strong><\/p>\n<ul>\n<li>Or cuivr\u00e9 rayonnant<\/li>\n<\/ul>\n<p><strong>NEZ<\/strong><\/p>\n<ul>\n<li>Ar\u00f4mes de cr\u00e8me vanill\u00e9e, de notes florales et de fra\u00eecheur de pommes fra\u00eechement coup\u00e9es.<\/li>\n<\/ul>\n<p><strong>PALAIS<\/strong><\/p>\n<ul>\n<li>Un fondant vanille \u00e9pais et indulgent entrelac\u00e9 de notes florales douces et herbac\u00e9es.<\/li>\n<\/ul>\n<p><strong>Acabado<\/strong><\/p>\n<ul>\n<li>Une exp\u00e9rience somptueusement riche, enrobant la bouche et menant \u00e0 une explosion revitalisante d&#8217;agrumes.<\/li>\n<\/ul>\n<\/div>\n<\/div>\n<\/div>\n<div class=\"flex justify-between empty:hidden gizmo:mt-1 gizmo:justify-start gizmo:gap-3 lg:block gizmo:lg:flex\">\n<div class=\"text-gray-400 flex self-end lg:self-center justify-center gizmo:lg:justify-start mt-2 gizmo:mt-0 visible gap-1\"><\/div>\n<\/div>\n","protected":false},"featured_media":77746,"comment_status":"open","ping_status":"closed","template":"","meta":{"_acf_changed":false},"product_brand":[],"product_cat":[317,318,629],"product_tag":[],"class_list":{"0":"post-78518","1":"product","2":"type-product","3":"status-publish","4":"has-post-thumbnail","6":"product_cat-ecosse","7":"product_cat-bladnoch-fr","8":"product_cat-lowland-fr","10":"first","11":"instock","12":"purchasable","13":"product-type-simple"},"acf":[],"aioseo_notices":[],"jetpack_sharing_enabled":true,"_links":{"self":[{"href":"https:\/\/whisky.ad\/fr\/wp-json\/wp\/v2\/product\/78518","targetHints":{"allow":["GET"]}}],"collection":[{"href":"https:\/\/whisky.ad\/fr\/wp-json\/wp\/v2\/product"}],"about":[{"href":"https:\/\/whisky.ad\/fr\/wp-json\/wp\/v2\/types\/product"}],"replies":[{"embeddable":true,"href":"https:\/\/whisky.ad\/fr\/wp-json\/wp\/v2\/comments?post=78518"}],"wp:featuredmedia":[{"embeddable":true,"href":"https:\/\/whisky.ad\/fr\/wp-json\/wp\/v2\/media\/77746"}],"wp:attachment":[{"href":"https:\/\/whisky.ad\/fr\/wp-json\/wp\/v2\/media?parent=78518"}],"wp:term":[{"taxonomy":"product_brand","embeddable":true,"href":"https:\/\/whisky.ad\/fr\/wp-json\/wp\/v2\/product_brand?post=78518"},{"taxonomy":"product_cat","embeddable":true,"href":"https:\/\/whisky.ad\/fr\/wp-json\/wp\/v2\/product_cat?post=78518"},{"taxonomy":"product_tag","embeddable":true,"href":"https:\/\/whisky.ad\/fr\/wp-json\/wp\/v2\/product_tag?post=78518"}],"curies":[{"name":"wp","href":"https:\/\/api.w.org\/{rel}","templated":true}]}}