{"id":78512,"date":"2023-11-23T14:35:16","date_gmt":"2023-11-23T13:35:16","guid":{"rendered":"https:\/\/whisky.ad\/product\/bladnoch-single-malt-30yo-45-5-0-7l\/"},"modified":"2023-11-23T14:35:16","modified_gmt":"2023-11-23T13:35:16","slug":"bladnoch-single-malt-30yo-45-5-0-7l","status":"publish","type":"product","link":"https:\/\/whisky.ad\/fr\/produit\/bladnoch-single-malt-30yo-45-5-0-7l\/","title":{"rendered":"Bladnoch Single Malt 30YO 45.5% 0.7L"},"content":{"rendered":"","protected":false},"excerpt":{"rendered":"<div class=\"flex flex-grow flex-col max-w-full gap-3 gizmo:gap-0\">\n<div class=\"min-h-[20px] text-message flex flex-col items-start gap-3 whitespace-pre-wrap break-words [.text-message+&amp;]:mt-5 overflow-x-auto\" data-message-author-role=\"assistant\" data-message-id=\"7ba17001-349e-4f24-8bd6-d211ac060bcd\">\n<div class=\"markdown prose w-full break-words dark:prose-invert dark\">\n<p><strong>Bladnoch Single Malt 30 YO 45.5% 0.7l., Sherry Olorosso and Moscatel Casks, 2023 Release, 950 Bottles Release<\/strong><\/p>\n<p>Bladnoch est la plus ancienne distillerie priv\u00e9e de whisky \u00e9cossais au monde, dont l&#8217;h\u00e9ritage se perp\u00e9tue sans interruption depuis 1817. Le riche h\u00e9ritage de Bladnoch remonte \u00e0 John et Thomas McClelland, qui ont obtenu la licence de distiller du whisky dans leur ferme de Bladnoch, dans les Lowlands \u00e9cossaises. Pendant pr\u00e8s d&#8217;un si\u00e8cle, les g\u00e9n\u00e9rations successives de McClelland ont entretenu et modernis\u00e9 la distillerie. \u00c0 son apog\u00e9e, le site comptait six washbacks et une production annuelle d&#8217;environ 230 000 litres d&#8217;alcool, consolidant ainsi sa stature de &#8220;Reine des Lowlands&#8221;. <strong>NICK SAVAGE<\/strong> <em>THE MASTER DISTILLER<\/em> Le Dr Nick Savage a pris le r\u00f4le de ma\u00eetre distillateur \u00e0 la distillerie Bladnoch en 2019, arrivant de The Macallan avec un bagage impressionnant. Ayant pass\u00e9 quatre ans en Australie pour effectuer son doctorat, Nick conserve un lien profond avec les racines \u00e9cossaises et australiennes de Bladnoch Distillery. Tout au long de sa carri\u00e8re, la qu\u00eate inflexible de la perfection de Nick l&#8217;a positionn\u00e9 comme une sommit\u00e9 de l&#8217;industrie, assurant l&#8217;excellence continue des Single Malts de Bladnoch. &#8220;L&#8217;engagement in\u00e9branlable de l&#8217;\u00e9quipe Bladnoch en faveur d&#8217;une qualit\u00e9 in\u00e9gal\u00e9e me rend incroyablement enthousiaste \u00e0 l&#8217;id\u00e9e de contribuer \u00e0 l&#8217;avenir extraordinaire de la distillerie Bladnoch&#8221;. Le whisky \u00e9cossais Single Malt de 30 ans d&#8217;\u00e2ge, qui repr\u00e9sente le summum de l&#8217;offre de Bladnoch, est le plus v\u00e9n\u00e9rable de la distillerie. Il a m\u00fbri dans un m\u00e9lange unique de f\u00fbts de sherry Oloroso et de f\u00fbts de Moscatel. \u00c9labor\u00e9 \u00e0 partir de deux f\u00fbts extraordinaires et rares, le Bladnoch 30 ans d&#8217;\u00e2ge s\u00e9duit par son infusion d&#8217;ar\u00f4mes floraux, d&#8217;abricots secs et de notes de noix de muscade. \u00c0 la d\u00e9gustation, il faut s&#8217;attendre \u00e0 un savoureux jeu de riches saveurs d&#8217;amande et de massepain, compl\u00e9t\u00e9es par le zeste des oranges de S\u00e9ville. La finale reste \u00e9tonnamment l\u00e9g\u00e8re et fruit\u00e9e, agr\u00e9ment\u00e9e d&#8217;une subtile touche de poivre noir concass\u00e9. Cette \u00e9dition extraordinaire est limit\u00e9e \u00e0 950 bouteilles dans le monde entier, offrant une exp\u00e9rience de d\u00e9gustation exclusive marqu\u00e9e par :<\/p>\n<p><strong>NOTES DE D\u00c9GUSTATION<\/strong><\/p>\n<ul>\n<li>Oranges de S\u00e9ville, Abricot, Floral<\/li>\n<\/ul>\n<p><strong>COULEUR<\/strong><\/p>\n<ul>\n<li>Cuivre<\/li>\n<\/ul>\n<p><strong>NEZ<\/strong><\/p>\n<ul>\n<li>Abricots secs parfum\u00e9s, notes florales et noix de muscade, entrem\u00eal\u00e9s d&#8217;oranges de S\u00e9ville.<\/li>\n<\/ul>\n<p><strong>PALAIS<\/strong><\/p>\n<ul>\n<li>Les amandes et le massepain s&#8217;harmonisent avec les oranges de S\u00e9ville \u00e9clatantes.<\/li>\n<\/ul>\n<p><strong>Finition<\/strong><\/p>\n<ul>\n<li>Finale d\u00e9licatement l\u00e9g\u00e8re, florale et fruit\u00e9e avec une pointe de poivre noir.<\/li>\n<\/ul>\n<\/div>\n<\/div>\n<\/div>\n","protected":false},"featured_media":77728,"comment_status":"open","ping_status":"closed","template":"","meta":{"_acf_changed":false},"product_brand":[],"product_cat":[317,318,341,629],"product_tag":[],"class_list":{"0":"post-78512","1":"product","2":"type-product","3":"status-publish","4":"has-post-thumbnail","6":"product_cat-ecosse","7":"product_cat-bladnoch-fr","8":"product_cat-rare-de-collection","9":"product_cat-lowland-fr","10":"product_shipping_class-free-fr","12":"first","13":"instock","14":"purchasable","15":"product-type-simple"},"acf":[],"aioseo_notices":[],"jetpack_sharing_enabled":true,"_links":{"self":[{"href":"https:\/\/whisky.ad\/fr\/wp-json\/wp\/v2\/product\/78512","targetHints":{"allow":["GET"]}}],"collection":[{"href":"https:\/\/whisky.ad\/fr\/wp-json\/wp\/v2\/product"}],"about":[{"href":"https:\/\/whisky.ad\/fr\/wp-json\/wp\/v2\/types\/product"}],"replies":[{"embeddable":true,"href":"https:\/\/whisky.ad\/fr\/wp-json\/wp\/v2\/comments?post=78512"}],"wp:featuredmedia":[{"embeddable":true,"href":"https:\/\/whisky.ad\/fr\/wp-json\/wp\/v2\/media\/77728"}],"wp:attachment":[{"href":"https:\/\/whisky.ad\/fr\/wp-json\/wp\/v2\/media?parent=78512"}],"wp:term":[{"taxonomy":"product_brand","embeddable":true,"href":"https:\/\/whisky.ad\/fr\/wp-json\/wp\/v2\/product_brand?post=78512"},{"taxonomy":"product_cat","embeddable":true,"href":"https:\/\/whisky.ad\/fr\/wp-json\/wp\/v2\/product_cat?post=78512"},{"taxonomy":"product_tag","embeddable":true,"href":"https:\/\/whisky.ad\/fr\/wp-json\/wp\/v2\/product_tag?post=78512"}],"curies":[{"name":"wp","href":"https:\/\/api.w.org\/{rel}","templated":true}]}}