{"id":78508,"date":"2023-11-23T14:21:55","date_gmt":"2023-11-23T13:21:55","guid":{"rendered":"https:\/\/whisky.ad\/product\/bladnoch-single-malt-19-yo-467-0-7l\/"},"modified":"2023-11-23T14:21:55","modified_gmt":"2023-11-23T13:21:55","slug":"bladnoch-single-malt-19-yo-467-0-7l","status":"publish","type":"product","link":"https:\/\/whisky.ad\/fr\/produit\/bladnoch-single-malt-19-yo-467-0-7l\/","title":{"rendered":"Bladnoch Single Malt 19 YO 46,7% 0.7L."},"content":{"rendered":"","protected":false},"excerpt":{"rendered":"<p><strong>Bladnoch Single Malt 19 YO, PX Cask, 2023 release<\/strong><\/p>\n<p>Bladnoch est la plus ancienne distillerie priv\u00e9e de whisky \u00e9cossais au monde, dont l&#8217;h\u00e9ritage se perp\u00e9tue sans interruption depuis 1817. Le riche h\u00e9ritage de Bladnoch remonte \u00e0 John et Thomas McClelland, qui ont obtenu la licence de distiller du whisky dans leur ferme de Bladnoch, dans les Lowlands \u00e9cossaises. Pendant pr\u00e8s d&#8217;un si\u00e8cle, les g\u00e9n\u00e9rations successives de McClelland ont entretenu et modernis\u00e9 la distillerie. \u00c0 son apog\u00e9e, le site comptait six washbacks et une production annuelle d&#8217;environ 230 000 litres d&#8217;alcool, consolidant ainsi sa stature de &#8220;Reine des Lowlands&#8221;. <strong>NICK SAVAGE<\/strong> <em>THE MASTER DISTILLER<\/em> Le Dr Nick Savage a pris le r\u00f4le de ma\u00eetre distillateur \u00e0 la distillerie Bladnoch en 2019, arrivant de The Macallan avec un bagage impressionnant. Ayant pass\u00e9 quatre ans en Australie pour effectuer son doctorat, Nick conserve un lien profond avec les racines \u00e9cossaises et australiennes de Bladnoch Distillery. Tout au long de sa carri\u00e8re, la qu\u00eate inflexible de la perfection de Nick l&#8217;a positionn\u00e9 comme une sommit\u00e9 de l&#8217;industrie, assurant l&#8217;excellence continue des Single Malts de Bladnoch. &#8220;L&#8217;engagement in\u00e9branlable de l&#8217;\u00e9quipe Bladnoch en faveur d&#8217;une qualit\u00e9 in\u00e9gal\u00e9e me rend incroyablement enthousiaste \u00e0 l&#8217;id\u00e9e de contribuer \u00e0 l&#8217;avenir extraordinaire de la distillerie Bladnoch&#8221;.<\/p>\n<div class=\"flex flex-grow flex-col max-w-full gap-3 gizmo:gap-0\">\n<div class=\"min-h-[20px] text-message flex flex-col items-start gap-3 whitespace-pre-wrap break-words [.text-message+&amp;]:mt-5 overflow-x-auto\" data-message-author-role=\"assistant\" data-message-id=\"23c9fe3f-cbf4-453e-8055-02d35d172328\">\n<div class=\"markdown prose w-full break-words dark:prose-invert dark\">\n<p>Bladnoch pr\u00e9sente sa premi\u00e8re expression PX Sherry avec la version 19 ans d&#8217;\u00e2ge. Infus\u00e9 avec la riche essence de ces f\u00fbts savoureux, ce whisky \u00e0 la teinte dor\u00e9e d\u00e9ploie de d\u00e9licieuses notes de b\u00e2tons de r\u00e9glisse noire, d&#8217;abricots secs et une touche r\u00e9confortante de noix de muscade. Cette \u00e9dition a \u00e9t\u00e9 lanc\u00e9e en 2023. Honor\u00e9 comme vainqueur de la cat\u00e9gorie Single Malt 13 \u00e0 20 ans d&#8217;\u00e2ge lors des 2022 World Whisky Awards, cette expression exceptionnelle offre une exp\u00e9rience de d\u00e9gustation d\u00e9finie par :  <\/p>\n<p><strong>NOTES DE D\u00c9GUSTATION<\/strong><\/p>\n<ul>\n<li>R\u00e9glisse, abricots secs, ch\u00eane vieilli<\/li>\n<\/ul>\n<p><strong>COULEURS<\/strong><\/p>\n<ul>\n<li>Coucher de soleil<\/li>\n<\/ul>\n<p><strong>NEZ<\/strong><\/p>\n<ul>\n<li>Ar\u00f4mes riches de b\u00e2tons de r\u00e9glisse et de ch\u00eane vieilli, accompagn\u00e9s d&#8217;un arri\u00e8re-plan floral subtil.<\/li>\n<\/ul>\n<p><strong>PALAIS<\/strong><\/p>\n<ul>\n<li>Des saveurs de b\u00e2tons de r\u00e9glisse entrem\u00eal\u00e9es d&#8217;abricots secs, d&#8217;amandes et de la chaleur r\u00e9confortante de la noix de muscade.<\/li>\n<\/ul>\n<p><strong>finit<\/strong><\/p>\n<ul>\n<li>Finale persistante et prolong\u00e9e, impr\u00e9gn\u00e9e d&#8217;une douceur s\u00e8che.<\/li>\n<\/ul>\n<\/div>\n<\/div>\n<\/div>\n<div class=\"flex justify-between empty:hidden gizmo:mt-1 gizmo:justify-start gizmo:gap-3 lg:block gizmo:lg:flex\">\n<div class=\"text-gray-400 flex self-end lg:self-center justify-center gizmo:lg:justify-start mt-2 gizmo:mt-0 visible gap-1\"><\/div>\n<\/div>\n","protected":false},"featured_media":77716,"comment_status":"open","ping_status":"closed","template":"","meta":{"_acf_changed":false},"product_brand":[],"product_cat":[317,318,341,629],"product_tag":[],"class_list":{"0":"post-78508","1":"product","2":"type-product","3":"status-publish","4":"has-post-thumbnail","6":"product_cat-ecosse","7":"product_cat-bladnoch-fr","8":"product_cat-rare-de-collection","9":"product_cat-lowland-fr","11":"first","12":"instock","13":"purchasable","14":"product-type-simple"},"acf":[],"aioseo_notices":[],"jetpack_sharing_enabled":true,"_links":{"self":[{"href":"https:\/\/whisky.ad\/fr\/wp-json\/wp\/v2\/product\/78508","targetHints":{"allow":["GET"]}}],"collection":[{"href":"https:\/\/whisky.ad\/fr\/wp-json\/wp\/v2\/product"}],"about":[{"href":"https:\/\/whisky.ad\/fr\/wp-json\/wp\/v2\/types\/product"}],"replies":[{"embeddable":true,"href":"https:\/\/whisky.ad\/fr\/wp-json\/wp\/v2\/comments?post=78508"}],"wp:featuredmedia":[{"embeddable":true,"href":"https:\/\/whisky.ad\/fr\/wp-json\/wp\/v2\/media\/77716"}],"wp:attachment":[{"href":"https:\/\/whisky.ad\/fr\/wp-json\/wp\/v2\/media?parent=78508"}],"wp:term":[{"taxonomy":"product_brand","embeddable":true,"href":"https:\/\/whisky.ad\/fr\/wp-json\/wp\/v2\/product_brand?post=78508"},{"taxonomy":"product_cat","embeddable":true,"href":"https:\/\/whisky.ad\/fr\/wp-json\/wp\/v2\/product_cat?post=78508"},{"taxonomy":"product_tag","embeddable":true,"href":"https:\/\/whisky.ad\/fr\/wp-json\/wp\/v2\/product_tag?post=78508"}],"curies":[{"name":"wp","href":"https:\/\/api.w.org\/{rel}","templated":true}]}}