{"id":78469,"date":"2023-11-23T13:31:32","date_gmt":"2023-11-23T12:31:32","guid":{"rendered":"https:\/\/whisky.ad\/product\/bladnoch-single-malt-11-yo-467-0-7l\/"},"modified":"2023-11-23T13:31:32","modified_gmt":"2023-11-23T12:31:32","slug":"bladnoch-single-malt-11-yo-467-0-7l","status":"publish","type":"product","link":"https:\/\/whisky.ad\/fr\/produit\/bladnoch-single-malt-11-yo-467-0-7l\/","title":{"rendered":"Bladnoch Single Malt 11 YO 46,7% 0.7L"},"content":{"rendered":"","protected":false},"excerpt":{"rendered":"<p><b>Bladnoch Single Malt 11 YO 46,7% 0.7L, Bourbon Cask, 2024 Release<\/b><\/p>\n<p>Bladnoch est la plus ancienne distillerie priv\u00e9e de whisky \u00e9cossais au monde, dont l&#8217;h\u00e9ritage se perp\u00e9tue sans interruption depuis 1817. Le riche h\u00e9ritage de Bladnoch remonte \u00e0 John et Thomas McClelland, qui ont obtenu la licence de distiller du whisky dans leur ferme de Bladnoch, dans les Lowlands \u00e9cossaises. Pendant pr\u00e8s d&#8217;un si\u00e8cle, les g\u00e9n\u00e9rations successives de McClelland ont entretenu et modernis\u00e9 la distillerie. \u00c0 son apog\u00e9e, le site comptait six washbacks et une production annuelle d&#8217;environ 230 000 litres d&#8217;alcool, consolidant ainsi sa stature de &#8220;Reine des Lowlands&#8221;. <strong>NICK SAVAGE<\/strong> <em>THE MASTER DISTILLER<\/em> Le Dr Nick Savage a pris ses fonctions de ma\u00eetre distillateur \u00e0 la distillerie Bladnoch en 2019, arrivant de The Macallan avec un bagage impressionnant. Ayant pass\u00e9 quatre ans en Australie pour effectuer son doctorat, Nick conserve un lien profond avec les racines \u00e9cossaises et australiennes de Bladnoch Distillery. Tout au long de sa carri\u00e8re, la qu\u00eate incessante de la perfection de Nick l&#8217;a positionn\u00e9 comme une sommit\u00e9 du secteur, garantissant l&#8217;excellence continue des Single Malts de Bladnoch. &#8220;L&#8217;engagement in\u00e9branlable de l&#8217;\u00e9quipe de Bladnoch en faveur d&#8217;une qualit\u00e9 in\u00e9gal\u00e9e me rend incroyablement enthousiaste \u00e0 l&#8217;id\u00e9e de contribuer \u00e0 l&#8217;avenir extraordinaire de la distillerie Bladnoch&#8221;. Le ma\u00eetre distillateur de Bladnoch, le Dr Nick Savage, choisit m\u00e9ticuleusement chaque f\u00fbt pour ce Single Malt Scotch Whisky, exclusivement m\u00fbri dans d&#8217;anciens f\u00fbts de Bourbon. Con\u00e7u pour offrir un d\u00e9licieux m\u00e9lange de douceur rafra\u00eechissante, cette version 2023 pr\u00e9sente des notes de miel, d&#8217;agrumes vivifiants et d&#8217;essence d&#8217;herbe coup\u00e9e. Faites l&#8217;exp\u00e9rience du voyage de d\u00e9gustation suivant :<\/p>\n<p><strong>NOTES DE D\u00c9GUSTATION<\/strong><\/p>\n<ul>\n<li>Floral, miel, rafra\u00eechissant<\/li>\n<\/ul>\n<p><strong>COULEUR<\/strong><\/p>\n<ul>\n<li>Or citron<\/li>\n<\/ul>\n<p><strong>NEZ<\/strong><\/p>\n<ul>\n<li>D\u00e9licatement floral avec du miel, des agrumes rafra\u00eechissants et des notes d&#8217;herbe coup\u00e9e.<\/li>\n<\/ul>\n<p><strong>PALAIS<\/strong><\/p>\n<ul>\n<li>Notes florales rappelant la violette de Parme, entrelac\u00e9es de pommes fra\u00eechement coup\u00e9es et de subtiles notes d&#8217;\u00e9pices bois\u00e9es.<\/li>\n<\/ul>\n<p><strong>finit<\/strong><\/p>\n<ul>\n<li>Une sensation douce et enrobante en bouche qui culmine dans une finale rajeunissante.<\/li>\n<\/ul>\n","protected":false},"featured_media":77704,"comment_status":"open","ping_status":"closed","template":"","meta":{"_acf_changed":false},"product_brand":[],"product_cat":[317,318,629],"product_tag":[],"class_list":{"0":"post-78469","1":"product","2":"type-product","3":"status-publish","4":"has-post-thumbnail","6":"product_cat-ecosse","7":"product_cat-bladnoch-fr","8":"product_cat-lowland-fr","10":"first","11":"instock","12":"purchasable","13":"product-type-simple"},"acf":[],"aioseo_notices":[],"jetpack_sharing_enabled":true,"_links":{"self":[{"href":"https:\/\/whisky.ad\/fr\/wp-json\/wp\/v2\/product\/78469","targetHints":{"allow":["GET"]}}],"collection":[{"href":"https:\/\/whisky.ad\/fr\/wp-json\/wp\/v2\/product"}],"about":[{"href":"https:\/\/whisky.ad\/fr\/wp-json\/wp\/v2\/types\/product"}],"replies":[{"embeddable":true,"href":"https:\/\/whisky.ad\/fr\/wp-json\/wp\/v2\/comments?post=78469"}],"wp:featuredmedia":[{"embeddable":true,"href":"https:\/\/whisky.ad\/fr\/wp-json\/wp\/v2\/media\/77704"}],"wp:attachment":[{"href":"https:\/\/whisky.ad\/fr\/wp-json\/wp\/v2\/media?parent=78469"}],"wp:term":[{"taxonomy":"product_brand","embeddable":true,"href":"https:\/\/whisky.ad\/fr\/wp-json\/wp\/v2\/product_brand?post=78469"},{"taxonomy":"product_cat","embeddable":true,"href":"https:\/\/whisky.ad\/fr\/wp-json\/wp\/v2\/product_cat?post=78469"},{"taxonomy":"product_tag","embeddable":true,"href":"https:\/\/whisky.ad\/fr\/wp-json\/wp\/v2\/product_tag?post=78469"}],"curies":[{"name":"wp","href":"https:\/\/api.w.org\/{rel}","templated":true}]}}