{"id":78466,"date":"2023-08-05T11:02:12","date_gmt":"2023-08-05T10:02:12","guid":{"rendered":"https:\/\/whisky.ad\/product\/black-magic-spiced-rum-0-7l-40\/"},"modified":"2024-01-06T18:28:27","modified_gmt":"2024-01-06T17:28:27","slug":"black-magic-spiced-rum-0-7l-40","status":"publish","type":"product","link":"https:\/\/whisky.ad\/fr\/produit\/black-magic-spiced-rum-0-7l-40\/","title":{"rendered":"Black Magic Spiced Rum 0.7l 40%"},"content":{"rendered":"","protected":false},"excerpt":{"rendered":"<div class=\"text-xs flex items-center justify-center gap-1 invisible absolute left-0 top-2 -ml-4 -translate-x-full group-hover:visible !invisible\"><\/div>\n<div class=\"flex flex-grow flex-col gap-3\">\n<div class=\"min-h-[20px] flex flex-col items-start gap-3 overflow-x-auto whitespace-pre-wrap break-words\">\n<div class=\"markdown prose w-full break-words dark:prose-invert light\">\n<p>Le rhum \u00e9pic\u00e9 Black Magic est un spiritueux captivant et envo\u00fbtant qui s\u00e9duit les sens par son allure sombre et myst\u00e9rieuse. \u00c9labor\u00e9 \u00e0 partir du meilleur rhum des Cara\u00efbes et soigneusement infus\u00e9 avec un m\u00e9lange secret d&#8217;\u00e9pices exotiques, il jette un sort d&#8217;indulgence \u00e0 chaque fois qu&#8217;on le boit. Sa couleur riche et profonde ouvre la voie \u00e0 une exp\u00e9rience de d\u00e9gustation enchanteresse. D\u00e8s que l&#8217;ar\u00f4me d&#8217;\u00e9pices chaudes et de vanille sucr\u00e9e se fait sentir, vous savez que vous allez vous r\u00e9galer. La premi\u00e8re gorg\u00e9e r\u00e9v\u00e8le une texture velout\u00e9e, tandis que les saveurs de cannelle, de muscade et de clou de girofle dansent gracieusement sur le palais. La douceur du caramel et du toffee contraste d\u00e9licieusement avec le piquant, cr\u00e9ant un profil de saveurs bien \u00e9quilibr\u00e9 et cors\u00e9. Au fur et \u00e0 mesure que la magie op\u00e8re, des notes de chocolat noir et une touche de caf\u00e9 ajoutent encore \u00e0 la complexit\u00e9 et \u00e0 l&#8217;intrigue. Le rhum \u00e9pic\u00e9 Black Magic est un \u00e9lixir s\u00e9duisant qui peut \u00eatre d\u00e9gust\u00e9 pur, sur glace ou comme ingr\u00e9dient principal de cocktails imaginatifs. Son go\u00fbt enchanteur vous transporte dans un monde mystique et merveilleux, o\u00f9 chaque gorg\u00e9e r\u00e9v\u00e8le de nouvelles couches de saveurs. Qu&#8217;il soit d\u00e9gust\u00e9 en compagnie d&#8217;amis ou dans un moment de solitude, ce rhum \u00e9pic\u00e9 ne manquera pas de laisser une impression durable et de vous faire tomber sous son charme envo\u00fbtant.   <\/p>\n<\/div>\n<\/div>\n<\/div>\n","protected":false},"featured_media":77011,"comment_status":"open","ping_status":"closed","template":"","meta":{"_acf_changed":false},"product_brand":[],"product_cat":[368,369],"product_tag":[],"class_list":{"0":"post-78466","1":"product","2":"type-product","3":"status-publish","4":"has-post-thumbnail","6":"product_cat-rhum-fr","7":"product_cat-epice-fr","9":"first","10":"instock","11":"taxable","12":"shipping-taxable","13":"purchasable","14":"product-type-simple"},"acf":[],"aioseo_notices":[],"jetpack_sharing_enabled":true,"_links":{"self":[{"href":"https:\/\/whisky.ad\/fr\/wp-json\/wp\/v2\/product\/78466","targetHints":{"allow":["GET"]}}],"collection":[{"href":"https:\/\/whisky.ad\/fr\/wp-json\/wp\/v2\/product"}],"about":[{"href":"https:\/\/whisky.ad\/fr\/wp-json\/wp\/v2\/types\/product"}],"replies":[{"embeddable":true,"href":"https:\/\/whisky.ad\/fr\/wp-json\/wp\/v2\/comments?post=78466"}],"wp:featuredmedia":[{"embeddable":true,"href":"https:\/\/whisky.ad\/fr\/wp-json\/wp\/v2\/media\/77011"}],"wp:attachment":[{"href":"https:\/\/whisky.ad\/fr\/wp-json\/wp\/v2\/media?parent=78466"}],"wp:term":[{"taxonomy":"product_brand","embeddable":true,"href":"https:\/\/whisky.ad\/fr\/wp-json\/wp\/v2\/product_brand?post=78466"},{"taxonomy":"product_cat","embeddable":true,"href":"https:\/\/whisky.ad\/fr\/wp-json\/wp\/v2\/product_cat?post=78466"},{"taxonomy":"product_tag","embeddable":true,"href":"https:\/\/whisky.ad\/fr\/wp-json\/wp\/v2\/product_tag?post=78466"}],"curies":[{"name":"wp","href":"https:\/\/api.w.org\/{rel}","templated":true}]}}